{"id":1137,"date":"2023-03-17T19:16:52","date_gmt":"2023-03-17T18:16:52","guid":{"rendered":"https:\/\/muveszvolgykuria.t.onlab.hu\/?page_id=1137"},"modified":"2023-03-24T17:25:31","modified_gmt":"2023-03-24T16:25:31","slug":"preisausschreiben","status":"publish","type":"page","link":"https:\/\/muveszvolgykuria.eu\/de\/preisausschreiben\/","title":{"rendered":"Preisausschreiben"},"content":{"rendered":"\n<p><\/p>\n\n\n\n<h2>Preisausschreiben<\/h2>\n\n\n\n<h3>Die Erneuerung der Kuthy Kurie und ihrer Umgebung mit touristischem Ziel<\/h3>\n\n\n\n<p><br><strong>Die Erkennungsnummer des Projektes:<\/strong> GINOP-7.1.9-17-2018-00006<\/p>\n\n\n\n<p><strong><strong>Die Summe der Unterst\u00fctzungsleistung:\u00a0<\/strong><\/strong>319.746.305 Ft<\/p>\n\n\n\n<p><strong>Die Ma\u00dfe der Unterst\u00fctzung:<\/strong>\u00a0100 prozentische, nicht zur\u00fcckerstattende Unterst\u00fctzung von der Europ\u00e4ischen Union.<\/p>\n\n\n\n<p><strong>Das geplante Datum des Projektabschlusses:\u00a0<\/strong>30. September 2020<\/p>\n\n\n\n<p><strong>Die Namen der Beg\u00fcnstigten:<\/strong>\u00a0OXO Properties Nonprofit Gesellschaft mit beschr\u00e4nkter Haftung f\u00fcr die\u00a0 Siedlungentwicklung,\u00a0 Selbstverwaltung des Gemeindes Kapolcs, Ungarische Touristische Agentur Zrt.<\/p>\n\n\n\n<p><strong>Die Beschreibung des Inhaltes des Projektes<\/strong><\/p>\n\n\n\n<p>Derzeit ist Kapolcs&nbsp; der Hauptort deren Veranstaltungserie, die nicht nur das ganze Balatonoberland, aber auch das ganze Land bewegt. Das Ziel der Veranstaltungserien, die das Tal der K\u00fcnste heisst, ist die Aufbewahrung des ehemaligen, lebhaften Messenleben des Dorfes. Einer der Schaupl\u00e4tze des Festivals ist die Kuthy Kurie. Dieses Geb\u00e4ude, das der Anw\u00e4rter der Welterbe ist, bietet M\u00f6glichkeiten f\u00fcr Ausstellungen und Filmprojektionen an. Der gegenw\u00e4rtige Zustand der Kurie gibt aber keine M\u00f6glichkeiten f\u00fcr das ganzj\u00e4hrige touristische Benutzung. Das Bestreben dieser Entwicklung ist sowohl die Aufbewahrung der Gewohnheiten, als auch das Denkmalschutz mit dem Erhalt des Zustandes der Kurie. Die Kuthy Kurie&nbsp; wird dadurch die touristische Popularit\u00e4t der Gegend erh\u00f6hen, die Palette beleben.<\/p>\n\n\n\n<p>Erwartende Zunahme der Besucherzahl: 5400 Personen.<\/p>\n\n\n\n<p><\/p>\n\n\n\n<p><\/p>\n\n\n\n<p><\/p>\n\n\n\n<figure class=\"wp-block-image size-large\"><img decoding=\"async\" loading=\"lazy\" width=\"1024\" height=\"229\" src=\"https:\/\/muveszvolgykuria.t.onlab.hu\/app\/uploads\/2023\/03\/wow_banner_fekvo_szoveg_v2-1024x229.png\" alt=\"\" class=\"wp-image-341\" srcset=\"https:\/\/muveszvolgykuria.eu\/app\/uploads\/2023\/03\/wow_banner_fekvo_szoveg_v2-1024x229.png 1024w, https:\/\/muveszvolgykuria.eu\/app\/uploads\/2023\/03\/wow_banner_fekvo_szoveg_v2-300x67.png 300w, https:\/\/muveszvolgykuria.eu\/app\/uploads\/2023\/03\/wow_banner_fekvo_szoveg_v2-768x171.png 768w, https:\/\/muveszvolgykuria.eu\/app\/uploads\/2023\/03\/wow_banner_fekvo_szoveg_v2-1536x343.png 1536w, https:\/\/muveszvolgykuria.eu\/app\/uploads\/2023\/03\/wow_banner_fekvo_szoveg_v2-2048x457.png 2048w\" sizes=\"(max-width: 1024px) 100vw, 1024px\" \/><\/figure>\n\n\n\n<p>A projekt c\u00edme: A kapolcsi M\u0171v\u00e9szv\u00f6lgy K\u00faria k\u00f6rnyezet\u00e9nek tov\u00e1bbi turisztikai c\u00e9l\u00fa fejleszt\u00e9se<br>Azonos\u00edt\u00f3 sz\u00e1ma: ET-2021-02-062<br>Kedvezm\u00e9nyezett neve \u00e9s c\u00edme: M\u0171v\u00e9szv\u00f6lgy K\u00faria Nonprofit Kft (8294 Kapolcs, Kossuth L. u. 48.)<br>A t\u00e1mogat\u00e1s \u00f6sszege: 425.410.900,- Ft<\/p>\n\n\n\n<p>A t\u00e1mogat\u00e1s m\u00e9rt\u00e9ke (%-ban): 100%<\/p>\n\n\n\n<p>A t\u00e1mogatott projekt tartalm\u00e1nak r\u00f6vid bemutat\u00e1sa: A M\u0171v\u00e9szv\u00f6lgy K\u00faria oldals\u00f3 \u00e9p\u00fcletei, a m\u00e1r 2021-ben elk\u00e9sz\u00fclt f\u0151 \u00e9p\u00fclettel egys\u00e9gben a kultur\u00e1lis \u00e9s fesztiv\u00e1l turizmus egyik kiemelked\u0151 helysz\u00ednek\u00e9nt funkcion\u00e1l. A fejleszt\u00e9snek k\u00f6sz\u00f6nhet\u0151en ker\u00e9kp\u00e1ros pont, nyitott bemutat\u00f3 t\u00e9r, mosd\u00f3k \u00e9s zuhanyz\u00f3, valamint egy k\u00e9zm\u0171ves sajtkonyha ker\u00fclt kialak\u00edt\u00e1sra.<\/p>\n\n\n\n<p>A t\u00e1mogatott projekt befejez\u00e9si d\u00e1tuma (ha megval\u00f3sult, akkor a t\u00e9nyleges befejez\u00e9s): 2023. m\u00e1rcius 31.<\/p>\n","protected":false},"excerpt":{"rendered":"<p>Preisausschreiben Die Erneuerung der Kuthy Kurie und ihrer Umgebung mit touristischem Ziel Die Erkennungsnummer des Projektes: GINOP-7.1.9-17-2018-00006 Die Summe der Unterst\u00fctzungsleistung:\u00a0319.746.305 Ft Die Ma\u00dfe der [&hellip;]<\/p>\n","protected":false},"author":1,"featured_media":0,"parent":0,"menu_order":0,"comment_status":"closed","ping_status":"closed","template":"","meta":[],"acf":[],"_links":{"self":[{"href":"https:\/\/muveszvolgykuria.eu\/de\/wp-json\/wp\/v2\/pages\/1137"}],"collection":[{"href":"https:\/\/muveszvolgykuria.eu\/de\/wp-json\/wp\/v2\/pages"}],"about":[{"href":"https:\/\/muveszvolgykuria.eu\/de\/wp-json\/wp\/v2\/types\/page"}],"author":[{"embeddable":true,"href":"https:\/\/muveszvolgykuria.eu\/de\/wp-json\/wp\/v2\/users\/1"}],"replies":[{"embeddable":true,"href":"https:\/\/muveszvolgykuria.eu\/de\/wp-json\/wp\/v2\/comments?post=1137"}],"version-history":[{"count":1,"href":"https:\/\/muveszvolgykuria.eu\/de\/wp-json\/wp\/v2\/pages\/1137\/revisions"}],"predecessor-version":[{"id":1144,"href":"https:\/\/muveszvolgykuria.eu\/de\/wp-json\/wp\/v2\/pages\/1137\/revisions\/1144"}],"wp:attachment":[{"href":"https:\/\/muveszvolgykuria.eu\/de\/wp-json\/wp\/v2\/media?parent=1137"}],"curies":[{"name":"wp","href":"https:\/\/api.w.org\/{rel}","templated":true}]}}