{"id":1337,"date":"2023-03-22T18:49:53","date_gmt":"2023-03-22T17:49:53","guid":{"rendered":"https:\/\/muveszvolgykuria.t.onlab.hu\/?page_id=1337"},"modified":"2023-03-28T20:07:31","modified_gmt":"2023-03-28T18:07:31","slug":"nachrichten","status":"publish","type":"page","link":"https:\/\/muveszvolgykuria.eu\/de\/nachrichten\/","title":{"rendered":"Aktualit\u00e4ten"},"content":{"rendered":"\n<div class=\"is-layout-flex wp-container-3 wp-block-columns\">\n<div class=\"is-layout-flow wp-block-column\">\n<figure class=\"wp-block-image size-full is-style-rounded-corners\"><img decoding=\"async\" loading=\"lazy\" width=\"940\" height=\"788\" src=\"http:\/\/ransom.lan\/app\/uploads\/2023\/03\/60b70773-f7e9-4b44-a4c8-b74482c9d8d4_MB1vA9szVB6lgyKBAria-PajtaProgram29.webp\" alt=\"\" class=\"wp-image-34\" srcset=\"https:\/\/muveszvolgykuria.eu\/app\/uploads\/2023\/03\/60b70773-f7e9-4b44-a4c8-b74482c9d8d4_MB1vA9szVB6lgyKBAria-PajtaProgram29.webp 940w, https:\/\/muveszvolgykuria.eu\/app\/uploads\/2023\/03\/60b70773-f7e9-4b44-a4c8-b74482c9d8d4_MB1vA9szVB6lgyKBAria-PajtaProgram29-300x251.webp 300w, https:\/\/muveszvolgykuria.eu\/app\/uploads\/2023\/03\/60b70773-f7e9-4b44-a4c8-b74482c9d8d4_MB1vA9szVB6lgyKBAria-PajtaProgram29-768x644.webp 768w\" sizes=\"(max-width: 940px) 100vw, 940px\" \/><\/figure>\n<\/div>\n\n\n\n<div class=\"is-layout-flow wp-block-column\">\n<h3>Ein Talerlebnis im Winter und Sommer<\/h3>\n\n\n\n<p>Im Zentrum von Kapolcs belebt der Geb\u00e4udekomplex der M\u0171v\u00e9szV\u00f6lgy K\u00faria die kulturelle Vielfalt und Freizeiterlebnisse der M\u0171v\u00e9sztek V\u00f6lgye das ganze Jahr \u00fcber und macht sie zug\u00e4nglich. Sein ikonisches Hauptgeb\u00e4ude, das Kuthy-Herrenhaus, das 2020 innen und au\u00dfen renoviert wurde, bietet mit abwechslungsreichen kulturellen, k\u00fcnstlerischen und wissenschaftlichen Programmen und interaktiven Ausstellungen sinnvolle Unterhaltung f\u00fcr Jung und Alt. Das Fahrradzentrum im Nebengeb\u00e4ude von K\u00faria bietet eine Vielzahl von Touren auf den neuesten Elektrofahrr\u00e4dern der Premium-Kategorie f\u00fcr diejenigen, die sich f\u00fcr die nat\u00fcrliche Sch\u00f6nheit der Gegend interessieren. In dem vom Geb\u00e4udekomplex umgebenen externen Gemeinschaftsraum bietet das von HelloWood geschaffene Scheunentheater Platz f\u00fcr gr\u00f6\u00dfere Open-Air-Auff\u00fchrungen, Filmvorf\u00fchrungen und Fachprogramme. Im Jahr 2023 werden unsere G\u00e4ste unter anderem renommierte K\u00fcnstler und Sch\u00f6pfer wie Kriszti\u00e1n Grecs\u00f3, D\u00e1niel Gryllus, Boebeck, H. Mikl\u00f3s Vecsei oder die Br\u00fcder L\u00e1z\u00e1r sein. Die Veranstaltungen des Pajta-Programms finden dieses Jahr im Rahmen des Programms Veszpr\u00e9m-Balaton 2023 Kulturhauptstadt Europas statt.<\/p>\n<\/div>\n<\/div>\n\n\n\n<h2 class=\"has-text-align-center\">Aktualit\u00e4ten<\/h2>\n\n\n\n<div class=\"is-layout-flow wp-block-query\"><ul class=\"is-layout-flow is-flex-container columns-3 mb-4 wp-block-post-template\"><li class=\"wp-block-post post-1149 post type-post status-publish format-standard has-post-thumbnail hentry category-unkategorisiert\">\n<figure class=\"mb-4 wp-block-post-featured-image\"><a href=\"https:\/\/muveszvolgykuria.eu\/de\/unkategorisiert\/vera-jonas-und-andras-lovasi-werden-ebenfalls-im-oktober-in-kapolcs-eintreffen\/\" target=\"_self\" ><img width=\"300\" height=\"193\" src=\"https:\/\/muveszvolgykuria.eu\/app\/uploads\/2023\/03\/jonasvera-300x193.webp\" class=\"attachment-medium size-medium wp-post-image\" alt=\"Vera J\u00f3n\u00e1s und Andr\u00e1s Lovasi werden ebenfalls im Oktober in Kapolcs eintreffen!\" decoding=\"async\" loading=\"lazy\" srcset=\"https:\/\/muveszvolgykuria.eu\/app\/uploads\/2023\/03\/jonasvera-300x193.webp 300w, https:\/\/muveszvolgykuria.eu\/app\/uploads\/2023\/03\/jonasvera.webp 655w\" sizes=\"(max-width: 300px) 100vw, 300px\" \/><\/a><\/figure>\n\n<h2 class=\"h4 fw-bold mb-3 wp-block-post-title\"><a href=\"https:\/\/muveszvolgykuria.eu\/de\/unkategorisiert\/vera-jonas-und-andras-lovasi-werden-ebenfalls-im-oktober-in-kapolcs-eintreffen\/\" target=\"_self\" >Vera J\u00f3n\u00e1s und Andr\u00e1s Lovasi werden ebenfalls im Oktober in Kapolcs eintreffen!<\/a><\/h2>\n\n<div class=\"text-muted mb-2 wp-block-post-date\"><time datetime=\"2021-09-15T15:25:00+02:00\">2021.09.15.<\/time><\/div>\n\n<div class=\"text-body wp-block-post-excerpt\"><p class=\"wp-block-post-excerpt__excerpt\">Die Valley Weekends fanden zur gro\u00dfen Freude der Menschen in Kapolcs und der Valley-Fans statt. Das 30. Der Artist Tal findet vom 23. Juli bis [&hellip;] <\/p><\/div>\n<\/li><li class=\"wp-block-post post-1142 post type-post status-publish format-standard has-post-thumbnail hentry category-unkategorisiert\">\n<figure class=\"mb-4 wp-block-post-featured-image\"><a href=\"https:\/\/muveszvolgykuria.eu\/de\/unkategorisiert\/vergangenheit-und-gegenwart-des-kapolcs-kuenstlertal-mansion\/\" target=\"_self\" ><img width=\"300\" height=\"200\" src=\"https:\/\/muveszvolgykuria.eu\/app\/uploads\/2023\/03\/kuria2-300x200.webp\" class=\"attachment-medium size-medium wp-post-image\" alt=\"Vergangenheit und Gegenwart des Kapolcs K\u00fcnstlertal Mansion\u00a0\" decoding=\"async\" loading=\"lazy\" srcset=\"https:\/\/muveszvolgykuria.eu\/app\/uploads\/2023\/03\/kuria2-300x200.webp 300w, https:\/\/muveszvolgykuria.eu\/app\/uploads\/2023\/03\/kuria2-1024x682.webp 1024w, https:\/\/muveszvolgykuria.eu\/app\/uploads\/2023\/03\/kuria2-768x512.webp 768w, https:\/\/muveszvolgykuria.eu\/app\/uploads\/2023\/03\/kuria2.webp 1220w\" sizes=\"(max-width: 300px) 100vw, 300px\" \/><\/a><\/figure>\n\n<h2 class=\"h4 fw-bold mb-3 wp-block-post-title\"><a href=\"https:\/\/muveszvolgykuria.eu\/de\/unkategorisiert\/vergangenheit-und-gegenwart-des-kapolcs-kuenstlertal-mansion\/\" target=\"_self\" >Vergangenheit und Gegenwart des Kapolcs K\u00fcnstlertal Mansion\u00a0<\/a><\/h2>\n\n<div class=\"text-muted mb-2 wp-block-post-date\"><time datetime=\"2020-10-02T15:23:00+02:00\">2020.10.02.<\/time><\/div>\n\n<div class=\"text-body wp-block-post-excerpt\"><p class=\"wp-block-post-excerpt__excerpt\">Das im September 2020 vollst\u00e4ndig renovierte und er\u00f6ffnete Herrenhaus K\u00fcnstlertal war urspr\u00fcnglich unter den Einwohnern von Kapolcs als Kuti-Haus und Kuthy-Herrenhaus bekannt. Besucher des Tals [&hellip;] <\/p><\/div>\n<\/li><li class=\"wp-block-post post-1146 post type-post status-publish format-standard has-post-thumbnail hentry category-unkategorisiert\">\n<figure class=\"mb-4 wp-block-post-featured-image\"><a href=\"https:\/\/muveszvolgykuria.eu\/de\/unkategorisiert\/sommerschluss-mit-strassentheater-in-kapolcs\/\" target=\"_self\" ><img width=\"300\" height=\"200\" src=\"https:\/\/muveszvolgykuria.eu\/app\/uploads\/2023\/03\/bondoro-300x200.webp\" class=\"attachment-medium size-medium wp-post-image\" alt=\"Sommerschluss mit Stra\u00dfentheater in Kapolcs\" decoding=\"async\" loading=\"lazy\" srcset=\"https:\/\/muveszvolgykuria.eu\/app\/uploads\/2023\/03\/bondoro-300x200.webp 300w, https:\/\/muveszvolgykuria.eu\/app\/uploads\/2023\/03\/bondoro-1024x683.webp 1024w, https:\/\/muveszvolgykuria.eu\/app\/uploads\/2023\/03\/bondoro-768x512.webp 768w, https:\/\/muveszvolgykuria.eu\/app\/uploads\/2023\/03\/bondoro.webp 1220w\" sizes=\"(max-width: 300px) 100vw, 300px\" \/><\/a><\/figure>\n\n<h2 class=\"h4 fw-bold mb-3 wp-block-post-title\"><a href=\"https:\/\/muveszvolgykuria.eu\/de\/unkategorisiert\/sommerschluss-mit-strassentheater-in-kapolcs\/\" target=\"_self\" >Sommerschluss mit Stra\u00dfentheater in Kapolcs<\/a><\/h2>\n\n<div class=\"text-muted mb-2 wp-block-post-date\"><time datetime=\"2020-09-14T15:27:00+02:00\">2020.09.14.<\/time><\/div>\n\n<div class=\"text-body wp-block-post-excerpt\"><p class=\"wp-block-post-excerpt__excerpt\">In diesem Jahr fand zum zweiten Mal das Bondor\u00f3 Street Theatre Festival statt. Es zog Kunstliebhaber, Kunsthandwerk, k\u00f6stliche Snacks und das Balaton-Hochland nach Kapolcs. &nbsp;In [&hellip;] <\/p><\/div>\n<\/li><li class=\"wp-block-post post-1153 post type-post status-publish format-standard has-post-thumbnail hentry category-unkategorisiert\">\n<figure class=\"mb-4 wp-block-post-featured-image\"><a href=\"https:\/\/muveszvolgykuria.eu\/de\/unkategorisiert\/eroeffnungsfeier-das-kuenstlertal-mansion\/\" target=\"_self\" ><img width=\"300\" height=\"200\" src=\"https:\/\/muveszvolgykuria.eu\/app\/uploads\/2023\/03\/megnyito-300x200.webp\" class=\"attachment-medium size-medium wp-post-image\" alt=\"Er\u00f6ffnungsfeier das K\u00fcnstlertal Mansion\u00a0\" decoding=\"async\" loading=\"lazy\" srcset=\"https:\/\/muveszvolgykuria.eu\/app\/uploads\/2023\/03\/megnyito-300x200.webp 300w, https:\/\/muveszvolgykuria.eu\/app\/uploads\/2023\/03\/megnyito-768x513.webp 768w, https:\/\/muveszvolgykuria.eu\/app\/uploads\/2023\/03\/megnyito.webp 800w\" sizes=\"(max-width: 300px) 100vw, 300px\" \/><\/a><\/figure>\n\n<h2 class=\"h4 fw-bold mb-3 wp-block-post-title\"><a href=\"https:\/\/muveszvolgykuria.eu\/de\/unkategorisiert\/eroeffnungsfeier-das-kuenstlertal-mansion\/\" target=\"_self\" >Er\u00f6ffnungsfeier das K\u00fcnstlertal Mansion\u00a0<\/a><\/h2>\n\n<div class=\"text-muted mb-2 wp-block-post-date\"><time datetime=\"2020-09-03T15:29:00+02:00\">2020.09.03.<\/time><\/div>\n\n<div class=\"text-body wp-block-post-excerpt\"><p class=\"wp-block-post-excerpt__excerpt\">Das neue Tal- und Kulturzentrum von Kapolcs, das K\u00fcnstlertal Mansion, wird im September seine Pforten \u00f6ffnen! Im Rahmen der Er\u00f6ffnung werden wir auch den neuen [&hellip;] <\/p><\/div>\n<\/li><li class=\"wp-block-post post-1140 post type-post status-publish format-standard has-post-thumbnail hentry category-unkategorisiert\">\n<figure class=\"mb-4 wp-block-post-featured-image\"><a href=\"https:\/\/muveszvolgykuria.eu\/de\/unkategorisiert\/die-muveszvoelgy-kuria-startet-ihre-programme-im-januar\/\" target=\"_self\" ><img width=\"300\" height=\"191\" src=\"https:\/\/muveszvolgykuria.eu\/app\/uploads\/2023\/03\/lovasi-300x191.webp\" class=\"attachment-medium size-medium wp-post-image\" alt=\"Die M\u0171v\u00e9szV\u00f6lgy K\u00faria startet ihre Programme im Januar\" decoding=\"async\" loading=\"lazy\" srcset=\"https:\/\/muveszvolgykuria.eu\/app\/uploads\/2023\/03\/lovasi-300x191.webp 300w, https:\/\/muveszvolgykuria.eu\/app\/uploads\/2023\/03\/lovasi.webp 480w\" sizes=\"(max-width: 300px) 100vw, 300px\" \/><\/a><\/figure>\n\n<h2 class=\"h4 fw-bold mb-3 wp-block-post-title\"><a href=\"https:\/\/muveszvolgykuria.eu\/de\/unkategorisiert\/die-muveszvoelgy-kuria-startet-ihre-programme-im-januar\/\" target=\"_self\" >Die M\u0171v\u00e9szV\u00f6lgy K\u00faria startet ihre Programme im Januar<\/a><\/h2>\n\n<div class=\"text-muted mb-2 wp-block-post-date\"><time datetime=\"2020-09-03T15:24:00+02:00\">2020.09.03.<\/time><\/div>\n\n<div class=\"text-body wp-block-post-excerpt\"><p class=\"wp-block-post-excerpt__excerpt\">Aufgrund der Pandemie haben wir die Programme so verschoben, dass sie ab dem 23. Januar 2021 stattfinden. In den N\u00e4chten gibt es Handwerksprogramme f\u00fcr Kinder [&hellip;] <\/p><\/div>\n<\/li><li class=\"wp-block-post post-1155 post type-post status-publish format-standard has-post-thumbnail hentry category-unkategorisiert\">\n<figure class=\"mb-4 wp-block-post-featured-image\"><a href=\"https:\/\/muveszvolgykuria.eu\/de\/unkategorisiert\/wir-sehen-uns-an-den-tal-wochenenden\/\" target=\"_self\" ><img width=\"300\" height=\"215\" src=\"https:\/\/muveszvolgykuria.eu\/app\/uploads\/2023\/03\/volgyhetvege-300x215.webp\" class=\"attachment-medium size-medium wp-post-image\" alt=\"Wir sehen uns an den Tal-Wochenenden!\u00a0\" decoding=\"async\" loading=\"lazy\" srcset=\"https:\/\/muveszvolgykuria.eu\/app\/uploads\/2023\/03\/volgyhetvege-300x215.webp 300w, https:\/\/muveszvolgykuria.eu\/app\/uploads\/2023\/03\/volgyhetvege.webp 604w\" sizes=\"(max-width: 300px) 100vw, 300px\" \/><\/a><\/figure>\n\n<h2 class=\"h4 fw-bold mb-3 wp-block-post-title\"><a href=\"https:\/\/muveszvolgykuria.eu\/de\/unkategorisiert\/wir-sehen-uns-an-den-tal-wochenenden\/\" target=\"_self\" >Wir sehen uns an den Tal-Wochenenden!\u00a0<\/a><\/h2>\n\n<div class=\"text-muted mb-2 wp-block-post-date\"><time datetime=\"2020-08-03T15:27:00+02:00\">2020.08.03.<\/time><\/div>\n\n<div class=\"text-body wp-block-post-excerpt\"><p class=\"wp-block-post-excerpt__excerpt\">Das Team dem Tal&nbsp;der Kunstwerke&nbsp;&nbsp;&nbsp;wartet in diesem Herbst an vier Tal-Wochenenden in Kapolcs auf das Publikum und die Kulturliebhaber, bereits im renovierten K\u00fcnstlertal Mansion. Der [&hellip;] <\/p><\/div>\n<\/li><li class=\"wp-block-post post-1151 post type-post status-publish format-standard has-post-thumbnail hentry category-unkategorisiert\">\n<figure class=\"mb-4 wp-block-post-featured-image\"><a href=\"https:\/\/muveszvolgykuria.eu\/de\/unkategorisiert\/kofeszt\/\" target=\"_self\" ><img width=\"300\" height=\"215\" src=\"https:\/\/muveszvolgykuria.eu\/app\/uploads\/2023\/03\/kofeszt-300x215.webp\" class=\"attachment-medium size-medium wp-post-image\" alt=\"K\u0151feszt\" decoding=\"async\" loading=\"lazy\" srcset=\"https:\/\/muveszvolgykuria.eu\/app\/uploads\/2023\/03\/kofeszt-300x215.webp 300w, https:\/\/muveszvolgykuria.eu\/app\/uploads\/2023\/03\/kofeszt.webp 604w\" sizes=\"(max-width: 300px) 100vw, 300px\" \/><\/a><\/figure>\n\n<h2 class=\"h4 fw-bold mb-3 wp-block-post-title\"><a href=\"https:\/\/muveszvolgykuria.eu\/de\/unkategorisiert\/kofeszt\/\" target=\"_self\" >K\u0151feszt<\/a><\/h2>\n\n<div class=\"text-muted mb-2 wp-block-post-date\"><time datetime=\"0202-08-19T15:29:00+01:16\">0202.08.19.<\/time><\/div>\n\n<div class=\"text-body wp-block-post-excerpt\"><p class=\"wp-block-post-excerpt__excerpt\">Steinbummel die Veranstaltungsreihe K\u0150FESZT umfasst fast alle Siedlungen des K\u00e1li-Beckens mit einem literarischen Programm, Konzerten, Ausstellungen und Diskussionsrunden.&nbsp; <\/p><\/div>\n<\/li><\/ul>\n\n\n\n<\/div>\n","protected":false},"excerpt":{"rendered":"<p>Ein Talerlebnis im Winter und Sommer Im Zentrum von Kapolcs belebt der Geb\u00e4udekomplex der M\u0171v\u00e9szV\u00f6lgy K\u00faria die kulturelle Vielfalt und Freizeiterlebnisse der M\u0171v\u00e9sztek V\u00f6lgye das [&hellip;]<\/p>\n","protected":false},"author":1,"featured_media":0,"parent":0,"menu_order":0,"comment_status":"closed","ping_status":"closed","template":"","meta":[],"acf":[],"_links":{"self":[{"href":"https:\/\/muveszvolgykuria.eu\/de\/wp-json\/wp\/v2\/pages\/1337"}],"collection":[{"href":"https:\/\/muveszvolgykuria.eu\/de\/wp-json\/wp\/v2\/pages"}],"about":[{"href":"https:\/\/muveszvolgykuria.eu\/de\/wp-json\/wp\/v2\/types\/page"}],"author":[{"embeddable":true,"href":"https:\/\/muveszvolgykuria.eu\/de\/wp-json\/wp\/v2\/users\/1"}],"replies":[{"embeddable":true,"href":"https:\/\/muveszvolgykuria.eu\/de\/wp-json\/wp\/v2\/comments?post=1337"}],"version-history":[{"count":4,"href":"https:\/\/muveszvolgykuria.eu\/de\/wp-json\/wp\/v2\/pages\/1337\/revisions"}],"predecessor-version":[{"id":1503,"href":"https:\/\/muveszvolgykuria.eu\/de\/wp-json\/wp\/v2\/pages\/1337\/revisions\/1503"}],"wp:attachment":[{"href":"https:\/\/muveszvolgykuria.eu\/de\/wp-json\/wp\/v2\/media?parent=1337"}],"curies":[{"name":"wp","href":"https:\/\/api.w.org\/{rel}","templated":true}]}}