{"id":1521,"date":"2023-03-24T00:24:09","date_gmt":"2023-03-23T23:24:09","guid":{"rendered":"https:\/\/muveszvolgykuria.t.onlab.hu\/?page_id=1521"},"modified":"2023-06-13T09:40:26","modified_gmt":"2023-06-13T07:40:26","slug":"kerekparos-koezpont","status":"publish","type":"page","link":"https:\/\/muveszvolgykuria.eu\/de\/kerekparos-koezpont\/","title":{"rendered":"Radfahren"},"content":{"rendered":"\n<h1 class=\"has-text-align-center\">BalatonBike365 Fahrradzentrum<\/h1>\n\n\n\n<div class=\"is-layout-flex wp-container-4 wp-block-columns\">\n<div class=\"is-layout-flow wp-block-column\" style=\"flex-basis:50%\">\n<figure class=\"wp-block-image size-large\"><img decoding=\"async\" loading=\"lazy\" width=\"1024\" height=\"768\" src=\"https:\/\/muveszvolgykuria.t.onlab.hu\/app\/uploads\/2023\/03\/8c8308cd2-1024x768.jpg\" alt=\"\" class=\"wp-image-342\" srcset=\"https:\/\/muveszvolgykuria.eu\/app\/uploads\/2023\/03\/8c8308cd2-1024x768.jpg 1024w, https:\/\/muveszvolgykuria.eu\/app\/uploads\/2023\/03\/8c8308cd2-300x225.jpg 300w, https:\/\/muveszvolgykuria.eu\/app\/uploads\/2023\/03\/8c8308cd2-768x576.jpg 768w, https:\/\/muveszvolgykuria.eu\/app\/uploads\/2023\/03\/8c8308cd2.jpg 1118w\" sizes=\"(max-width: 1024px) 100vw, 1024px\" \/><\/figure>\n<\/div>\n\n\n\n<div class=\"is-layout-flow wp-block-column\" style=\"flex-basis:50%\">\n<p>In Kapolcs befindet sich im Nebengeb\u00e4ude des Herrenhauses M\u0171v\u00e9szV\u00f6lgy das Fahrradzentrum BalatonBike365, wo die neuesten eBikes der Premium-Kategorie warten, die Sie entweder mieten oder auf unseren gef\u00fchrten Erlebnistouren testen k\u00f6nnen! Ein Fahrradgesch\u00e4ft und -verleih, ein Fahrradservice und ein elektrisches Ladeger\u00e4t sind im Zentrum verf\u00fcgbar, w\u00e4hrend Ihnen auch die anderen Programme und das Caf\u00e9 der M\u0171v\u00e9szV\u00f6lgy K\u00faria zur Verf\u00fcgung stehen. Sie k\u00f6nnen sich f\u00fcr Touren und Fahrradverleih auf der Website von Balaton Bike Tour \u00fcber den unten stehenden Link vorregistrieren. Mieten Sie ein Fahrrad und erkunden Sie das s\u00fcdliche Bakony und den Plattensee auf zwei R\u00e4dern!<\/p>\n\n\n\n<h3>Kontakte:<\/h3>\n\n\n\n<p>Adresse:&nbsp;Kapolcs, Kossuth utca 42.<br>Telefon:&nbsp;<a href=\"tel:+36307372201\">+36307372201<\/a><br>E-mail:&nbsp;<a href=\"mailto:info@balatonbiketour.com\">info@balatonbiketour.com<\/a><\/p>\n\n\n\n<div class=\"is-layout-flex wp-block-buttons\">\n<div class=\"wp-block-button\" style=\"font-style:normal;font-weight:600\"><a class=\"wp-block-button__link has-white-color has-primary-background-color has-text-color has-background wp-element-button\" href=\"https:\/\/www.balatonbiketour.com\/bbt-hely\/bb365-kapolcs\" target=\"_blank\" rel=\"noreferrer noopener\">Weiter zu BBT Website<\/a><\/div>\n\n\n\n<div class=\"wp-block-button\" style=\"font-style:normal;font-weight:600\"><a class=\"wp-block-button__link has-white-color has-primary-background-color has-text-color has-background wp-element-button\" href=\"https:\/\/www.balatonbike365.hu\/de\" target=\"_blank\" rel=\"noreferrer noopener\">Weiter zu BB365 Website<\/a><\/div>\n\n\n\n<div class=\"wp-block-button\" style=\"font-style:normal;font-weight:600\"><a class=\"wp-block-button__link has-white-color has-primary-background-color has-text-color has-background wp-element-button\" href=\"https:\/\/www.balatonbiketour.com\/img\/bbt-katalogus-2023.pdf\">BBT Katalog<\/a><\/div>\n<\/div>\n<\/div>\n<\/div>\n","protected":false},"excerpt":{"rendered":"<p>BalatonBike365 Fahrradzentrum In Kapolcs befindet sich im Nebengeb\u00e4ude des Herrenhauses M\u0171v\u00e9szV\u00f6lgy das Fahrradzentrum BalatonBike365, wo die neuesten eBikes der Premium-Kategorie warten, die Sie entweder mieten [&hellip;]<\/p>\n","protected":false},"author":1,"featured_media":0,"parent":0,"menu_order":0,"comment_status":"closed","ping_status":"closed","template":"","meta":[],"acf":[],"_links":{"self":[{"href":"https:\/\/muveszvolgykuria.eu\/de\/wp-json\/wp\/v2\/pages\/1521"}],"collection":[{"href":"https:\/\/muveszvolgykuria.eu\/de\/wp-json\/wp\/v2\/pages"}],"about":[{"href":"https:\/\/muveszvolgykuria.eu\/de\/wp-json\/wp\/v2\/types\/page"}],"author":[{"embeddable":true,"href":"https:\/\/muveszvolgykuria.eu\/de\/wp-json\/wp\/v2\/users\/1"}],"replies":[{"embeddable":true,"href":"https:\/\/muveszvolgykuria.eu\/de\/wp-json\/wp\/v2\/comments?post=1521"}],"version-history":[{"count":4,"href":"https:\/\/muveszvolgykuria.eu\/de\/wp-json\/wp\/v2\/pages\/1521\/revisions"}],"predecessor-version":[{"id":2085,"href":"https:\/\/muveszvolgykuria.eu\/de\/wp-json\/wp\/v2\/pages\/1521\/revisions\/2085"}],"wp:attachment":[{"href":"https:\/\/muveszvolgykuria.eu\/de\/wp-json\/wp\/v2\/media?parent=1521"}],"curies":[{"name":"wp","href":"https:\/\/api.w.org\/{rel}","templated":true}]}}