{"id":1148,"date":"2023-03-17T19:16:52","date_gmt":"2023-03-17T18:16:52","guid":{"rendered":"https:\/\/muveszvolgykuria.t.onlab.hu\/?page_id=1148"},"modified":"2023-03-24T17:28:38","modified_gmt":"2023-03-24T16:28:38","slug":"tender","status":"publish","type":"page","link":"https:\/\/muveszvolgykuria.eu\/en\/tender\/","title":{"rendered":"Tender"},"content":{"rendered":"\n<p><\/p>\n\n\n\n<h2>Tender<\/h2>\n\n\n\n<h3><strong>Renovation of the Kuthy Hall and its surroundings<\/strong><\/h3>\n\n\n\n<p><br><strong><strong>Project identification:<\/strong><\/strong> GINOP-7.1.9-17-2018-00006<\/p>\n\n\n\n<p><strong>Amount of the fund:\u00a0<\/strong>319.746.305,-Ft<\/p>\n\n\n\n<p><strong><strong>Project funding intensity:\u00a0<\/strong><\/strong>100% non-refundable fund<\/p>\n\n\n\n<p><strong>End of the project:\u00a0<\/strong>2020 September 30th<\/p>\n\n\n\n<p><strong>Name of beneficiary:<\/strong> OXO Properties Telep\u00fcl\u00e9sfejleszt\u00e9si Nonprofit Kft., Kapolcs K\u00f6zs\u00e9g \u00d6nkorm\u00e1nyzata, Magyar Turisztikai \u00dcgyn\u00f6ks\u00e9g Zrt.<\/p>\n\n\n\n<p><strong>Description of the project:<\/strong><\/p>\n\n\n\n<p>Kapolcs is the place of the annual \u201cM\u0171v\u00e9szetek V\u00f6lgye\u201d festival. The festival is popular not just in the region but nationwide in the country. The festival is a great heritage for locals who used to be merchants in the old times. The Kuthy Hall takes an important role in the festival and serves as a movie theatre for well-known movies. As the consequence of the bad conditions of the Hall, the possibilities of the building is limited and concentrated on the Summer months.<\/p>\n\n\n\n<p>The development of the Kuthy Hall is in connection with preservation of region, and puts great empathizes on cultivating the region\u2019s heritage. In addition, the Kuthy Hall is under historic preservation and has a great cultural importance \u2013 by renovating the Hall and adding new functions to the building, it will enhance the satisfaction of the visiting tourists and improve the cultural heritage of the region.<\/p>\n\n\n\n<p>The expected visitors of the Kuthy Hall: 5400 people.<\/p>\n\n\n\n<p><\/p>\n\n\n\n<p><\/p>\n\n\n\n<p><\/p>\n\n\n\n<figure class=\"wp-block-image size-large\"><img decoding=\"async\" loading=\"lazy\" width=\"1024\" height=\"229\" src=\"https:\/\/muveszvolgykuria.t.onlab.hu\/app\/uploads\/2023\/03\/wow_banner_fekvo_szoveg_v2-1024x229.png\" alt=\"\" class=\"wp-image-341\" srcset=\"https:\/\/muveszvolgykuria.eu\/app\/uploads\/2023\/03\/wow_banner_fekvo_szoveg_v2-1024x229.png 1024w, https:\/\/muveszvolgykuria.eu\/app\/uploads\/2023\/03\/wow_banner_fekvo_szoveg_v2-300x67.png 300w, https:\/\/muveszvolgykuria.eu\/app\/uploads\/2023\/03\/wow_banner_fekvo_szoveg_v2-768x171.png 768w, https:\/\/muveszvolgykuria.eu\/app\/uploads\/2023\/03\/wow_banner_fekvo_szoveg_v2-1536x343.png 1536w, https:\/\/muveszvolgykuria.eu\/app\/uploads\/2023\/03\/wow_banner_fekvo_szoveg_v2-2048x457.png 2048w\" sizes=\"(max-width: 1024px) 100vw, 1024px\" \/><\/figure>\n\n\n\n<p>A projekt c\u00edme: A kapolcsi M\u0171v\u00e9szv\u00f6lgy K\u00faria k\u00f6rnyezet\u00e9nek tov\u00e1bbi turisztikai c\u00e9l\u00fa fejleszt\u00e9se<br>Azonos\u00edt\u00f3 sz\u00e1ma: ET-2021-02-062<br>Kedvezm\u00e9nyezett neve \u00e9s c\u00edme: M\u0171v\u00e9szv\u00f6lgy K\u00faria Nonprofit Kft (8294 Kapolcs, Kossuth L. u. 48.)<br>A t\u00e1mogat\u00e1s \u00f6sszege: 425.410.900,- Ft<\/p>\n\n\n\n<p>A t\u00e1mogat\u00e1s m\u00e9rt\u00e9ke (%-ban): 100%<\/p>\n\n\n\n<p>A t\u00e1mogatott projekt tartalm\u00e1nak r\u00f6vid bemutat\u00e1sa: A M\u0171v\u00e9szv\u00f6lgy K\u00faria oldals\u00f3 \u00e9p\u00fcletei, a m\u00e1r 2021-ben elk\u00e9sz\u00fclt f\u0151 \u00e9p\u00fclettel egys\u00e9gben a kultur\u00e1lis \u00e9s fesztiv\u00e1l turizmus egyik kiemelked\u0151 helysz\u00ednek\u00e9nt funkcion\u00e1l. A fejleszt\u00e9snek k\u00f6sz\u00f6nhet\u0151en ker\u00e9kp\u00e1ros pont, nyitott bemutat\u00f3 t\u00e9r, mosd\u00f3k \u00e9s zuhanyz\u00f3, valamint egy k\u00e9zm\u0171ves sajtkonyha ker\u00fclt kialak\u00edt\u00e1sra.<\/p>\n\n\n\n<p>A t\u00e1mogatott projekt befejez\u00e9si d\u00e1tuma (ha megval\u00f3sult, akkor a t\u00e9nyleges befejez\u00e9s): 2023. m\u00e1rcius 31.<\/p>\n","protected":false},"excerpt":{"rendered":"<p>Tender Renovation of the Kuthy Hall and its surroundings Project identification: GINOP-7.1.9-17-2018-00006 Amount of the fund:\u00a0319.746.305,-Ft Project funding intensity:\u00a0100% non-refundable fund End of the project:\u00a02020 [&hellip;]<\/p>\n","protected":false},"author":1,"featured_media":0,"parent":0,"menu_order":0,"comment_status":"closed","ping_status":"closed","template":"","meta":[],"acf":[],"_links":{"self":[{"href":"https:\/\/muveszvolgykuria.eu\/en\/wp-json\/wp\/v2\/pages\/1148"}],"collection":[{"href":"https:\/\/muveszvolgykuria.eu\/en\/wp-json\/wp\/v2\/pages"}],"about":[{"href":"https:\/\/muveszvolgykuria.eu\/en\/wp-json\/wp\/v2\/types\/page"}],"author":[{"embeddable":true,"href":"https:\/\/muveszvolgykuria.eu\/en\/wp-json\/wp\/v2\/users\/1"}],"replies":[{"embeddable":true,"href":"https:\/\/muveszvolgykuria.eu\/en\/wp-json\/wp\/v2\/comments?post=1148"}],"version-history":[{"count":1,"href":"https:\/\/muveszvolgykuria.eu\/en\/wp-json\/wp\/v2\/pages\/1148\/revisions"}],"predecessor-version":[{"id":1161,"href":"https:\/\/muveszvolgykuria.eu\/en\/wp-json\/wp\/v2\/pages\/1148\/revisions\/1161"}],"wp:attachment":[{"href":"https:\/\/muveszvolgykuria.eu\/en\/wp-json\/wp\/v2\/media?parent=1148"}],"curies":[{"name":"wp","href":"https:\/\/api.w.org\/{rel}","templated":true}]}}