{"id":1336,"date":"2023-03-22T18:49:53","date_gmt":"2023-03-22T17:49:53","guid":{"rendered":"https:\/\/muveszvolgykuria.t.onlab.hu\/?page_id=1336"},"modified":"2023-03-28T20:06:38","modified_gmt":"2023-03-28T18:06:38","slug":"current-projects","status":"publish","type":"page","link":"https:\/\/muveszvolgykuria.eu\/en\/current-projects\/","title":{"rendered":"Current projects"},"content":{"rendered":"\n<div class=\"is-layout-flex wp-container-3 wp-block-columns\">\n<div class=\"is-layout-flow wp-block-column\">\n<figure class=\"wp-block-image size-full is-style-rounded-corners\"><img decoding=\"async\" loading=\"lazy\" width=\"940\" height=\"788\" src=\"http:\/\/ransom.lan\/app\/uploads\/2023\/03\/60b70773-f7e9-4b44-a4c8-b74482c9d8d4_MB1vA9szVB6lgyKBAria-PajtaProgram29.webp\" alt=\"\" class=\"wp-image-34\" srcset=\"https:\/\/muveszvolgykuria.eu\/app\/uploads\/2023\/03\/60b70773-f7e9-4b44-a4c8-b74482c9d8d4_MB1vA9szVB6lgyKBAria-PajtaProgram29.webp 940w, https:\/\/muveszvolgykuria.eu\/app\/uploads\/2023\/03\/60b70773-f7e9-4b44-a4c8-b74482c9d8d4_MB1vA9szVB6lgyKBAria-PajtaProgram29-300x251.webp 300w, https:\/\/muveszvolgykuria.eu\/app\/uploads\/2023\/03\/60b70773-f7e9-4b44-a4c8-b74482c9d8d4_MB1vA9szVB6lgyKBAria-PajtaProgram29-768x644.webp 768w\" sizes=\"(max-width: 940px) 100vw, 940px\" \/><\/figure>\n<\/div>\n\n\n\n<div class=\"is-layout-flow wp-block-column\">\n<h3>Valley experience in winter and summer<\/h3>\n\n\n\n<p>In the center of Kapolcs, the building complex of the M\u0171v\u00e9szV\u00f6lgy K\u00faria revives and makes accessible the cultural diversity and leisure experiences of the M\u0171v\u00e9sztek V\u00f6lgye throughout the year. Its iconic main building, the Kuthy mansion, which was renovated inside and out in 2020, offers meaningful entertainment for both young and old with varied cultural, artistic and scientific programs and interactive exhibitions. The bicycle center operating in the K\u00faria side building offers a variety of tours on the latest premium category electric bicycles for those interested in the natural beauty of the area. In the external community space surrounded by the building complex, the barn theater building created by HelloWood provides space for larger open-air performances, film screenings and professional programs. In the year 2023, among others, our guests will be renowned artists and creators such as Kriszti\u00e1n Grecs\u00f3, D\u00e1niel Gryllus, boebeck, H. Mikl\u00f3s Vecsei or the L\u00e1z\u00e1r brothers. The events of the Pajta Program will take place this year as part of the Veszpr\u00e9m-Balaton 2023 European Capital of Culture program.<\/p>\n<\/div>\n<\/div>\n\n\n\n<h2 class=\"has-text-align-center\">Current projects<\/h2>\n\n\n\n<div class=\"is-layout-flow wp-block-query\"><ul class=\"is-layout-flow is-flex-container columns-3 mb-4 wp-block-post-template\"><li class=\"wp-block-post post-4690 post type-post status-publish format-standard has-post-thumbnail hentry category-uncategorized\">\n<figure class=\"mb-4 wp-block-post-featured-image\"><a href=\"https:\/\/muveszvolgykuria.eu\/en\/uncategorized\/spring-program\/\" target=\"_self\" ><img width=\"300\" height=\"169\" src=\"https:\/\/muveszvolgykuria.eu\/app\/uploads\/2025\/01\/musorfuzet-elerheto-2025-2-300x169.png\" class=\"attachment-medium size-medium wp-post-image\" alt=\"Spring program\" decoding=\"async\" loading=\"lazy\" srcset=\"https:\/\/muveszvolgykuria.eu\/app\/uploads\/2025\/01\/musorfuzet-elerheto-2025-2-300x169.png 300w, https:\/\/muveszvolgykuria.eu\/app\/uploads\/2025\/01\/musorfuzet-elerheto-2025-2-1024x576.png 1024w, https:\/\/muveszvolgykuria.eu\/app\/uploads\/2025\/01\/musorfuzet-elerheto-2025-2-768x432.png 768w, https:\/\/muveszvolgykuria.eu\/app\/uploads\/2025\/01\/musorfuzet-elerheto-2025-2-1536x864.png 1536w, https:\/\/muveszvolgykuria.eu\/app\/uploads\/2025\/01\/musorfuzet-elerheto-2025-2.png 1920w\" sizes=\"(max-width: 300px) 100vw, 300px\" \/><\/a><\/figure>\n\n<h2 class=\"h4 fw-bold mb-3 wp-block-post-title\"><a href=\"https:\/\/muveszvolgykuria.eu\/en\/uncategorized\/spring-program\/\" target=\"_self\" >Spring program<\/a><\/h2>\n\n<div class=\"text-muted mb-2 wp-block-post-date\"><time datetime=\"2025-01-14T09:48:01+01:00\">2025.01.14.<\/time><\/div>\n\n<div class=\"text-body wp-block-post-excerpt\"><p class=\"wp-block-post-excerpt__excerpt\">\ud83d\udcd6 The 2025 spring program guide for the M\u0171v\u00e9szV\u00f6lgy K\u00faria is now available! \ud83c\udf89\u2728 Look for it in local schools, kindergartens, community centers, and municipal [&hellip;] <\/p><\/div>\n<\/li><li class=\"wp-block-post post-4678 post type-post status-publish format-standard has-post-thumbnail hentry category-uncategorized\">\n<figure class=\"mb-4 wp-block-post-featured-image\"><a href=\"https:\/\/muveszvolgykuria.eu\/en\/uncategorized\/opening-january-23\/\" target=\"_self\" ><img width=\"300\" height=\"169\" src=\"https:\/\/muveszvolgykuria.eu\/app\/uploads\/2025\/01\/Talalkozzunk-januar-23-tol-1-300x169.png\" class=\"attachment-medium size-medium wp-post-image\" alt=\"Opening: January 23\" decoding=\"async\" loading=\"lazy\" srcset=\"https:\/\/muveszvolgykuria.eu\/app\/uploads\/2025\/01\/Talalkozzunk-januar-23-tol-1-300x169.png 300w, https:\/\/muveszvolgykuria.eu\/app\/uploads\/2025\/01\/Talalkozzunk-januar-23-tol-1-1024x576.png 1024w, https:\/\/muveszvolgykuria.eu\/app\/uploads\/2025\/01\/Talalkozzunk-januar-23-tol-1-768x432.png 768w, https:\/\/muveszvolgykuria.eu\/app\/uploads\/2025\/01\/Talalkozzunk-januar-23-tol-1-1536x864.png 1536w, https:\/\/muveszvolgykuria.eu\/app\/uploads\/2025\/01\/Talalkozzunk-januar-23-tol-1.png 1920w\" sizes=\"(max-width: 300px) 100vw, 300px\" \/><\/a><\/figure>\n\n<h2 class=\"h4 fw-bold mb-3 wp-block-post-title\"><a href=\"https:\/\/muveszvolgykuria.eu\/en\/uncategorized\/opening-january-23\/\" target=\"_self\" >Opening: January 23<\/a><\/h2>\n\n<div class=\"text-muted mb-2 wp-block-post-date\"><time datetime=\"2025-01-12T09:44:28+01:00\">2025.01.12.<\/time><\/div>\n\n<div class=\"text-body wp-block-post-excerpt\"><p class=\"wp-block-post-excerpt__excerpt\">\ud83c\udf89 From January 23, the M\u0171v\u00e9szV\u00f6lgy K\u00faria in Kapolcs will reopen its doors! \u2728 We warmly invite you to join our programs, which remain free [&hellip;] <\/p><\/div>\n<\/li><li class=\"wp-block-post post-4665 post type-post status-publish format-standard has-post-thumbnail hentry category-uncategorized\">\n<figure class=\"mb-4 wp-block-post-featured-image\"><a href=\"https:\/\/muveszvolgykuria.eu\/en\/uncategorized\/our-2025-programs-are-here-from-january-to-may\/\" target=\"_self\" ><img width=\"300\" height=\"169\" src=\"https:\/\/muveszvolgykuria.eu\/app\/uploads\/2025\/01\/2025-os-esemenyek-1-300x169.png\" class=\"attachment-medium size-medium wp-post-image\" alt=\"Our 2025 programs are here from January to May!\" decoding=\"async\" loading=\"lazy\" srcset=\"https:\/\/muveszvolgykuria.eu\/app\/uploads\/2025\/01\/2025-os-esemenyek-1-300x169.png 300w, https:\/\/muveszvolgykuria.eu\/app\/uploads\/2025\/01\/2025-os-esemenyek-1-1024x576.png 1024w, https:\/\/muveszvolgykuria.eu\/app\/uploads\/2025\/01\/2025-os-esemenyek-1-768x432.png 768w, https:\/\/muveszvolgykuria.eu\/app\/uploads\/2025\/01\/2025-os-esemenyek-1-1536x864.png 1536w, https:\/\/muveszvolgykuria.eu\/app\/uploads\/2025\/01\/2025-os-esemenyek-1.png 1920w\" sizes=\"(max-width: 300px) 100vw, 300px\" \/><\/a><\/figure>\n\n<h2 class=\"h4 fw-bold mb-3 wp-block-post-title\"><a href=\"https:\/\/muveszvolgykuria.eu\/en\/uncategorized\/our-2025-programs-are-here-from-january-to-may\/\" target=\"_self\" >Our 2025 programs are here from January to May!<\/a><\/h2>\n\n<div class=\"text-muted mb-2 wp-block-post-date\"><time datetime=\"2025-01-08T09:38:23+01:00\">2025.01.08.<\/time><\/div>\n\n<div class=\"text-body wp-block-post-excerpt\"><p class=\"wp-block-post-excerpt__excerpt\">\ud83d\udce3 Our 2025 programs are now available! \ud83c\udf89 \ud83c\udf1f Let\u2019s prepare together for another exciting year at the M\u0171v\u00e9szV\u00f6lgy K\u00faria! This year, we\u2019re welcoming you [&hellip;] <\/p><\/div>\n<\/li><li class=\"wp-block-post post-4652 post type-post status-publish format-standard has-post-thumbnail hentry category-uncategorized\">\n<figure class=\"mb-4 wp-block-post-featured-image\"><a href=\"https:\/\/muveszvolgykuria.eu\/en\/uncategorized\/winter-break\/\" target=\"_self\" ><img width=\"300\" height=\"169\" src=\"https:\/\/muveszvolgykuria.eu\/app\/uploads\/2025\/01\/Teli-szunet-2024-300x169.png\" class=\"attachment-medium size-medium wp-post-image\" alt=\"Winter Break\" decoding=\"async\" loading=\"lazy\" srcset=\"https:\/\/muveszvolgykuria.eu\/app\/uploads\/2025\/01\/Teli-szunet-2024-300x169.png 300w, https:\/\/muveszvolgykuria.eu\/app\/uploads\/2025\/01\/Teli-szunet-2024-1024x576.png 1024w, https:\/\/muveszvolgykuria.eu\/app\/uploads\/2025\/01\/Teli-szunet-2024-768x432.png 768w, https:\/\/muveszvolgykuria.eu\/app\/uploads\/2025\/01\/Teli-szunet-2024-1536x864.png 1536w, https:\/\/muveszvolgykuria.eu\/app\/uploads\/2025\/01\/Teli-szunet-2024.png 1920w\" sizes=\"(max-width: 300px) 100vw, 300px\" \/><\/a><\/figure>\n\n<h2 class=\"h4 fw-bold mb-3 wp-block-post-title\"><a href=\"https:\/\/muveszvolgykuria.eu\/en\/uncategorized\/winter-break\/\" target=\"_self\" >Winter Break<\/a><\/h2>\n\n<div class=\"text-muted mb-2 wp-block-post-date\"><time datetime=\"2024-12-17T09:34:07+01:00\">2024.12.17.<\/time><\/div>\n\n<div class=\"text-body wp-block-post-excerpt\"><p class=\"wp-block-post-excerpt__excerpt\">\ud83c\udf84\ud83d\udcab Dear Guests! \ud83d\udcab\ud83c\udf84The M\u0171v\u00e9szV\u00f6lgy K\u00faria is about to go into a winter slumber! \u2744\ufe0f We will be closed from December 16 to January 22, [&hellip;] <\/p><\/div>\n<\/li><li class=\"wp-block-post post-1207 post type-post status-publish format-standard has-post-thumbnail hentry category-uncategorized\">\n<figure class=\"mb-4 wp-block-post-featured-image\"><a href=\"https:\/\/muveszvolgykuria.eu\/en\/uncategorized\/vera-jonas-and-andras-lovasi-are-coming-to-kapolcs-in-october\/\" target=\"_self\" ><img width=\"300\" height=\"193\" src=\"https:\/\/muveszvolgykuria.eu\/app\/uploads\/2023\/03\/jonasvera-300x193.webp\" class=\"attachment-medium size-medium wp-post-image\" alt=\"Vera J\u00f3n\u00e1s and Andr\u00e1s Lovasi are coming to Kapolcs in October!\" decoding=\"async\" loading=\"lazy\" srcset=\"https:\/\/muveszvolgykuria.eu\/app\/uploads\/2023\/03\/jonasvera-300x193.webp 300w, https:\/\/muveszvolgykuria.eu\/app\/uploads\/2023\/03\/jonasvera.webp 655w\" sizes=\"(max-width: 300px) 100vw, 300px\" \/><\/a><\/figure>\n\n<h2 class=\"h4 fw-bold mb-3 wp-block-post-title\"><a href=\"https:\/\/muveszvolgykuria.eu\/en\/uncategorized\/vera-jonas-and-andras-lovasi-are-coming-to-kapolcs-in-october\/\" target=\"_self\" >Vera J\u00f3n\u00e1s and Andr\u00e1s Lovasi are coming to Kapolcs in October!<\/a><\/h2>\n\n<div class=\"text-muted mb-2 wp-block-post-date\"><time datetime=\"2021-09-15T15:25:00+02:00\">2021.09.15.<\/time><\/div>\n\n<div class=\"text-body wp-block-post-excerpt\"><p class=\"wp-block-post-excerpt__excerpt\">The Valley Weekends are over and the 30th Valley of Arts will only be held in 2021 between 23th July and 1st August. Do not [&hellip;] <\/p><\/div>\n<\/li><li class=\"wp-block-post post-1200 post type-post status-publish format-standard has-post-thumbnail hentry category-uncategorized\">\n<figure class=\"mb-4 wp-block-post-featured-image\"><a href=\"https:\/\/muveszvolgykuria.eu\/en\/uncategorized\/the-past-and-presence-of-the-kapolcs-artvalley-hall\/\" target=\"_self\" ><img width=\"300\" height=\"200\" src=\"https:\/\/muveszvolgykuria.eu\/app\/uploads\/2023\/03\/kuria2-300x200.webp\" class=\"attachment-medium size-medium wp-post-image\" alt=\"The past and presence of the Kapolcs ArtValley Hall\" decoding=\"async\" loading=\"lazy\" srcset=\"https:\/\/muveszvolgykuria.eu\/app\/uploads\/2023\/03\/kuria2-300x200.webp 300w, https:\/\/muveszvolgykuria.eu\/app\/uploads\/2023\/03\/kuria2-1024x682.webp 1024w, https:\/\/muveszvolgykuria.eu\/app\/uploads\/2023\/03\/kuria2-768x512.webp 768w, https:\/\/muveszvolgykuria.eu\/app\/uploads\/2023\/03\/kuria2.webp 1220w\" sizes=\"(max-width: 300px) 100vw, 300px\" \/><\/a><\/figure>\n\n<h2 class=\"h4 fw-bold mb-3 wp-block-post-title\"><a href=\"https:\/\/muveszvolgykuria.eu\/en\/uncategorized\/the-past-and-presence-of-the-kapolcs-artvalley-hall\/\" target=\"_self\" >The past and presence of the Kapolcs ArtValley Hall<\/a><\/h2>\n\n<div class=\"text-muted mb-2 wp-block-post-date\"><time datetime=\"2020-10-02T15:23:00+02:00\">2020.10.02.<\/time><\/div>\n\n<div class=\"text-body wp-block-post-excerpt\"><p class=\"wp-block-post-excerpt__excerpt\">The Hall, opened and fully renovated in 2020 September, was originally known as Kuti house and Kuthy Hall among the people of Kapolcs and the [&hellip;] <\/p><\/div>\n<\/li><li class=\"wp-block-post post-1203 post type-post status-publish format-standard has-post-thumbnail hentry category-uncategorized\">\n<figure class=\"mb-4 wp-block-post-featured-image\"><a href=\"https:\/\/muveszvolgykuria.eu\/en\/uncategorized\/summer-farewell-gig-in-kapolcs-with-street-theater\/\" target=\"_self\" ><img width=\"300\" height=\"200\" src=\"https:\/\/muveszvolgykuria.eu\/app\/uploads\/2023\/03\/bondoro-300x200.webp\" class=\"attachment-medium size-medium wp-post-image\" alt=\"Summer Farewell gig in Kapolcs with street theater\" decoding=\"async\" loading=\"lazy\" srcset=\"https:\/\/muveszvolgykuria.eu\/app\/uploads\/2023\/03\/bondoro-300x200.webp 300w, https:\/\/muveszvolgykuria.eu\/app\/uploads\/2023\/03\/bondoro-1024x683.webp 1024w, https:\/\/muveszvolgykuria.eu\/app\/uploads\/2023\/03\/bondoro-768x512.webp 768w, https:\/\/muveszvolgykuria.eu\/app\/uploads\/2023\/03\/bondoro.webp 1220w\" sizes=\"(max-width: 300px) 100vw, 300px\" \/><\/a><\/figure>\n\n<h2 class=\"h4 fw-bold mb-3 wp-block-post-title\"><a href=\"https:\/\/muveszvolgykuria.eu\/en\/uncategorized\/summer-farewell-gig-in-kapolcs-with-street-theater\/\" target=\"_self\" >Summer Farewell gig in Kapolcs with street theater<\/a><\/h2>\n\n<div class=\"text-muted mb-2 wp-block-post-date\"><time datetime=\"2020-09-14T15:27:00+02:00\">2020.09.14.<\/time><\/div>\n\n<div class=\"text-body wp-block-post-excerpt\"><p class=\"wp-block-post-excerpt__excerpt\">For the second time this year the Bondor\u00f3 Street Theater Festival will be held as the summer farewell event between 28-30th August to attract visitors [&hellip;] <\/p><\/div>\n<\/li><li class=\"wp-block-post post-1194 post type-post status-publish format-standard has-post-thumbnail hentry category-uncategorized\">\n<figure class=\"mb-4 wp-block-post-featured-image\"><a href=\"https:\/\/muveszvolgykuria.eu\/en\/uncategorized\/art-valley-hall-opening-ceremony\/\" target=\"_self\" ><img width=\"300\" height=\"200\" src=\"https:\/\/muveszvolgykuria.eu\/app\/uploads\/2023\/03\/megnyito-300x200.webp\" class=\"attachment-medium size-medium wp-post-image\" alt=\"Art Valley Hall Opening Ceremony\" decoding=\"async\" loading=\"lazy\" srcset=\"https:\/\/muveszvolgykuria.eu\/app\/uploads\/2023\/03\/megnyito-300x200.webp 300w, https:\/\/muveszvolgykuria.eu\/app\/uploads\/2023\/03\/megnyito-768x513.webp 768w, https:\/\/muveszvolgykuria.eu\/app\/uploads\/2023\/03\/megnyito.webp 800w\" sizes=\"(max-width: 300px) 100vw, 300px\" \/><\/a><\/figure>\n\n<h2 class=\"h4 fw-bold mb-3 wp-block-post-title\"><a href=\"https:\/\/muveszvolgykuria.eu\/en\/uncategorized\/art-valley-hall-opening-ceremony\/\" target=\"_self\" >Art Valley Hall Opening Ceremony<\/a><\/h2>\n\n<div class=\"text-muted mb-2 wp-block-post-date\"><time datetime=\"2020-09-03T15:29:00+02:00\">2020.09.03.<\/time><\/div>\n\n<div class=\"text-body wp-block-post-excerpt\"><p class=\"wp-block-post-excerpt__excerpt\">The ArtValley Hall opens its gates in September as the new center for community and culture in Kapolcs. We will present the new townsquare, the [&hellip;] <\/p><\/div>\n<\/li><li class=\"wp-block-post post-1191 post type-post status-publish format-standard has-post-thumbnail hentry category-uncategorized\">\n<figure class=\"mb-4 wp-block-post-featured-image\"><a href=\"https:\/\/muveszvolgykuria.eu\/en\/uncategorized\/the-muveszvolgy-kuria-starts-its-programs-in-january\/\" target=\"_self\" ><img width=\"300\" height=\"191\" src=\"https:\/\/muveszvolgykuria.eu\/app\/uploads\/2023\/03\/lovasi-300x191.webp\" class=\"attachment-medium size-medium wp-post-image\" alt=\"The M\u0171v\u00e9szV\u00f6lgy K\u00faria starts its programs in January\" decoding=\"async\" loading=\"lazy\" srcset=\"https:\/\/muveszvolgykuria.eu\/app\/uploads\/2023\/03\/lovasi-300x191.webp 300w, https:\/\/muveszvolgykuria.eu\/app\/uploads\/2023\/03\/lovasi.webp 480w\" sizes=\"(max-width: 300px) 100vw, 300px\" \/><\/a><\/figure>\n\n<h2 class=\"h4 fw-bold mb-3 wp-block-post-title\"><a href=\"https:\/\/muveszvolgykuria.eu\/en\/uncategorized\/the-muveszvolgy-kuria-starts-its-programs-in-january\/\" target=\"_self\" >The M\u0171v\u00e9szV\u00f6lgy K\u00faria starts its programs in January<\/a><\/h2>\n\n<div class=\"text-muted mb-2 wp-block-post-date\"><time datetime=\"2020-09-03T15:24:00+02:00\">2020.09.03.<\/time><\/div>\n\n<div class=\"text-body wp-block-post-excerpt\"><p class=\"wp-block-post-excerpt__excerpt\">Due to the pandemic, we postponed the programs so that they will take place from 23rd January 2021. There will be handcraft programs for the [&hellip;] <\/p><\/div>\n<\/li><li class=\"wp-block-post post-1211 post type-post status-publish format-standard has-post-thumbnail hentry category-uncategorized\">\n<figure class=\"mb-4 wp-block-post-featured-image\"><a href=\"https:\/\/muveszvolgykuria.eu\/en\/uncategorized\/lets-meet-at-the-valley-weekends\/\" target=\"_self\" ><img width=\"300\" height=\"215\" src=\"https:\/\/muveszvolgykuria.eu\/app\/uploads\/2023\/03\/volgyhetvege-300x215.webp\" class=\"attachment-medium size-medium wp-post-image\" alt=\"Let\u2019s meet at the Valley Weekends!\" decoding=\"async\" loading=\"lazy\" srcset=\"https:\/\/muveszvolgykuria.eu\/app\/uploads\/2023\/03\/volgyhetvege-300x215.webp 300w, https:\/\/muveszvolgykuria.eu\/app\/uploads\/2023\/03\/volgyhetvege.webp 604w\" sizes=\"(max-width: 300px) 100vw, 300px\" \/><\/a><\/figure>\n\n<h2 class=\"h4 fw-bold mb-3 wp-block-post-title\"><a href=\"https:\/\/muveszvolgykuria.eu\/en\/uncategorized\/lets-meet-at-the-valley-weekends\/\" target=\"_self\" >Let\u2019s meet at the Valley Weekends!<\/a><\/h2>\n\n<div class=\"text-muted mb-2 wp-block-post-date\"><time datetime=\"2020-08-03T15:27:00+02:00\">2020.08.03.<\/time><\/div>\n\n<div class=\"text-body wp-block-post-excerpt\"><p class=\"wp-block-post-excerpt__excerpt\">The team of the Valley of Arts is greeting the crowd during four Valley Weekends this fall at Kapolcs also at the newly renovated ArtValley [&hellip;] <\/p><\/div>\n<\/li><li class=\"wp-block-post post-1197 post type-post status-publish format-standard has-post-thumbnail hentry category-uncategorized\">\n<figure class=\"mb-4 wp-block-post-featured-image\"><a href=\"https:\/\/muveszvolgykuria.eu\/en\/uncategorized\/kofeszt\/\" target=\"_self\" ><img width=\"300\" height=\"215\" src=\"https:\/\/muveszvolgykuria.eu\/app\/uploads\/2023\/03\/kofeszt-300x215.webp\" class=\"attachment-medium size-medium wp-post-image\" alt=\"K\u0151feszt\" decoding=\"async\" loading=\"lazy\" srcset=\"https:\/\/muveszvolgykuria.eu\/app\/uploads\/2023\/03\/kofeszt-300x215.webp 300w, https:\/\/muveszvolgykuria.eu\/app\/uploads\/2023\/03\/kofeszt.webp 604w\" sizes=\"(max-width: 300px) 100vw, 300px\" \/><\/a><\/figure>\n\n<h2 class=\"h4 fw-bold mb-3 wp-block-post-title\"><a href=\"https:\/\/muveszvolgykuria.eu\/en\/uncategorized\/kofeszt\/\" target=\"_self\" >K\u0151feszt<\/a><\/h2>\n\n<div class=\"text-muted mb-2 wp-block-post-date\"><time datetime=\"0202-08-19T15:29:00+01:16\">0202.08.19.<\/time><\/div>\n\n<div class=\"text-body wp-block-post-excerpt\"><p class=\"wp-block-post-excerpt__excerpt\">The K\u0150FESZT program series is involving all the settlements of the K\u00e1li-basin with literary programs, concerts, exhibitions and roundtable talks. <\/p><\/div>\n<\/li><\/ul>\n\n\n\n<\/div>\n","protected":false},"excerpt":{"rendered":"<p>Valley experience in winter and summer In the center of Kapolcs, the building complex of the M\u0171v\u00e9szV\u00f6lgy K\u00faria revives and makes accessible the cultural diversity [&hellip;]<\/p>\n","protected":false},"author":1,"featured_media":0,"parent":0,"menu_order":0,"comment_status":"closed","ping_status":"closed","template":"","meta":[],"acf":[],"_links":{"self":[{"href":"https:\/\/muveszvolgykuria.eu\/en\/wp-json\/wp\/v2\/pages\/1336"}],"collection":[{"href":"https:\/\/muveszvolgykuria.eu\/en\/wp-json\/wp\/v2\/pages"}],"about":[{"href":"https:\/\/muveszvolgykuria.eu\/en\/wp-json\/wp\/v2\/types\/page"}],"author":[{"embeddable":true,"href":"https:\/\/muveszvolgykuria.eu\/en\/wp-json\/wp\/v2\/users\/1"}],"replies":[{"embeddable":true,"href":"https:\/\/muveszvolgykuria.eu\/en\/wp-json\/wp\/v2\/comments?post=1336"}],"version-history":[{"count":4,"href":"https:\/\/muveszvolgykuria.eu\/en\/wp-json\/wp\/v2\/pages\/1336\/revisions"}],"predecessor-version":[{"id":1500,"href":"https:\/\/muveszvolgykuria.eu\/en\/wp-json\/wp\/v2\/pages\/1336\/revisions\/1500"}],"wp:attachment":[{"href":"https:\/\/muveszvolgykuria.eu\/en\/wp-json\/wp\/v2\/media?parent=1336"}],"curies":[{"name":"wp","href":"https:\/\/api.w.org\/{rel}","templated":true}]}}