{"id":1517,"date":"2023-03-24T00:24:09","date_gmt":"2023-03-23T23:24:09","guid":{"rendered":"https:\/\/muveszvolgykuria.t.onlab.hu\/?page_id=1517"},"modified":"2023-06-13T09:38:21","modified_gmt":"2023-06-13T07:38:21","slug":"kerekparos-kozpont","status":"publish","type":"page","link":"https:\/\/muveszvolgykuria.eu\/en\/kerekparos-kozpont\/","title":{"rendered":"Cycling"},"content":{"rendered":"\n<h1 class=\"has-text-align-center\">BalatonBike365 Cycling Center<\/h1>\n\n\n\n<div class=\"is-layout-flex wp-container-4 wp-block-columns\">\n<div class=\"is-layout-flow wp-block-column\" style=\"flex-basis:50%\">\n<figure class=\"wp-block-image size-large\"><img decoding=\"async\" loading=\"lazy\" width=\"1024\" height=\"768\" src=\"https:\/\/muveszvolgykuria.t.onlab.hu\/app\/uploads\/2023\/03\/8c8308cd2-1024x768.jpg\" alt=\"\" class=\"wp-image-342\" srcset=\"https:\/\/muveszvolgykuria.eu\/app\/uploads\/2023\/03\/8c8308cd2-1024x768.jpg 1024w, https:\/\/muveszvolgykuria.eu\/app\/uploads\/2023\/03\/8c8308cd2-300x225.jpg 300w, https:\/\/muveszvolgykuria.eu\/app\/uploads\/2023\/03\/8c8308cd2-768x576.jpg 768w, https:\/\/muveszvolgykuria.eu\/app\/uploads\/2023\/03\/8c8308cd2.jpg 1118w\" sizes=\"(max-width: 1024px) 100vw, 1024px\" \/><\/figure>\n<\/div>\n\n\n\n<div class=\"is-layout-flow wp-block-column\" style=\"flex-basis:50%\">\n<p>In Kapolcs, the BalatonBike365 Bicycle Center operates in the side building of the M\u0171v\u00e9szV\u00f6lgy Mansion, where the latest premium category eBikes await, which you can either rent or test on our guided experience tours! A bicycle shop and rental, bicycle service and electric charger are available in the center, while the other programs and caf\u00e9 of the M\u0171v\u00e9szV\u00f6lgy K\u00faria are also at your disposal. You can pre-register for tours and bike rentals on the Balaton Bike Tour website, using the link below. Rent a bike and explore Southern Bakony and Lake Balaton on two wheels!<\/p>\n\n\n\n<h3>Contact:<\/h3>\n\n\n\n<p>Address:&nbsp;Kapolcs, Kossuth utca 42.<br>Phone:&nbsp;<a href=\"tel:+36307372201\">+36307372201<\/a><br>E-mail:&nbsp;<a href=\"mailto:info@balatonbiketour.com\">info@balatonbiketour.com<\/a><\/p>\n\n\n\n<div class=\"is-layout-flex wp-block-buttons\">\n<div class=\"wp-block-button\" style=\"font-style:normal;font-weight:600\"><a class=\"wp-block-button__link has-white-color has-primary-background-color has-text-color has-background wp-element-button\" href=\"https:\/\/www.balatonbiketour.com\/bbt-hely\/bb365-kapolcs\" target=\"_blank\" rel=\"noreferrer noopener\">Continue to BBT website<\/a><\/div>\n\n\n\n<div class=\"wp-block-button\" style=\"font-style:normal;font-weight:600\"><a class=\"wp-block-button__link has-white-color has-primary-background-color has-text-color has-background wp-element-button\" href=\"https:\/\/www.balatonbike365.hu\/en\" target=\"_blank\" rel=\"noreferrer noopener\">Continue to BB365 website<\/a><\/div>\n\n\n\n<div class=\"wp-block-button\" style=\"font-style:normal;font-weight:600\"><a class=\"wp-block-button__link has-white-color has-primary-background-color has-text-color has-background wp-element-button\" href=\"https:\/\/www.balatonbiketour.com\/img\/bbt-katalogus-2023.pdf\">Continue to BBT catalog<\/a><\/div>\n<\/div>\n<\/div>\n<\/div>\n","protected":false},"excerpt":{"rendered":"<p>BalatonBike365 Cycling Center In Kapolcs, the BalatonBike365 Bicycle Center operates in the side building of the M\u0171v\u00e9szV\u00f6lgy Mansion, where the latest premium category eBikes await, [&hellip;]<\/p>\n","protected":false},"author":1,"featured_media":0,"parent":0,"menu_order":0,"comment_status":"closed","ping_status":"closed","template":"","meta":[],"acf":[],"_links":{"self":[{"href":"https:\/\/muveszvolgykuria.eu\/en\/wp-json\/wp\/v2\/pages\/1517"}],"collection":[{"href":"https:\/\/muveszvolgykuria.eu\/en\/wp-json\/wp\/v2\/pages"}],"about":[{"href":"https:\/\/muveszvolgykuria.eu\/en\/wp-json\/wp\/v2\/types\/page"}],"author":[{"embeddable":true,"href":"https:\/\/muveszvolgykuria.eu\/en\/wp-json\/wp\/v2\/users\/1"}],"replies":[{"embeddable":true,"href":"https:\/\/muveszvolgykuria.eu\/en\/wp-json\/wp\/v2\/comments?post=1517"}],"version-history":[{"count":4,"href":"https:\/\/muveszvolgykuria.eu\/en\/wp-json\/wp\/v2\/pages\/1517\/revisions"}],"predecessor-version":[{"id":2082,"href":"https:\/\/muveszvolgykuria.eu\/en\/wp-json\/wp\/v2\/pages\/1517\/revisions\/2082"}],"wp:attachment":[{"href":"https:\/\/muveszvolgykuria.eu\/en\/wp-json\/wp\/v2\/media?parent=1517"}],"curies":[{"name":"wp","href":"https:\/\/api.w.org\/{rel}","templated":true}]}}