{"id":1274,"date":"2023-03-17T19:16:52","date_gmt":"2023-03-17T18:16:52","guid":{"rendered":"https:\/\/muveszvolgykuria.t.onlab.hu\/?page_id=1274"},"modified":"2023-03-24T18:00:35","modified_gmt":"2023-03-24T17:00:35","slug":"proyecto","status":"publish","type":"page","link":"https:\/\/muveszvolgykuria.eu\/es\/proyecto\/","title":{"rendered":"Proyecto"},"content":{"rendered":"\n<p><\/p>\n\n\n\n<h2>Proyecto<\/h2>\n\n\n\n<h3>Renovaci\u00f3n del Kuthy Hall y sus alrededores<\/h3>\n\n\n\n<p><br><strong>Identificaci\u00f3n del proyecto:<\/strong> GINOP-7.1.9-17-2018-00006<\/p>\n\n\n\n<p><strong>Monto del fondo:<\/strong>\u00a0319.746.305,-Ft<\/p>\n\n\n\n<p><strong>Intensidad de financiaci\u00f3n del proyecto:<\/strong>\u00a0fondo 100% no reembolsable<\/p>\n\n\n\n<p><strong><strong>Fin del proyecto:\u00a0<\/strong><\/strong>30 de septiembre de 2020<\/p>\n\n\n\n<p><strong>Nombre del beneficiario:<\/strong>\u00a0OXO Properties Settlement Development Nonprofit Ltd., Municipio de Kapolcs and Agencia de Turismo de Hungr\u00eda Ltd.<\/p>\n\n\n\n<p><strong>Breve presentaci\u00f3n del contenido del proyecto:<\/strong><\/p>\n\n\n\n<p>En la actualidad, Kapolcs es el lugar principal para la serie de eventos llamada el Valle de las Artes, que tiene lugar cada a\u00f1o y mueve las Tierras Altas de Balaton y hoy en d\u00eda todo el pa\u00eds. La mansi\u00f3n Kuthy funciona como una de las sedes del festival, el edificio del Patrimonio Mundial es un edificio tradicional que alberga exposiciones y proyecciones de pel\u00edculas, pero su condici\u00f3n actual no permite el uso tur\u00edstico durante todo el a\u00f1o, sus interiores no se utilizan y sus funciones son peque\u00f1as. En relaci\u00f3n con las aspiraciones del paisaje cultural, el desarrollo actual presta especial atenci\u00f3n a la crianza y preservaci\u00f3n de las tradiciones, as\u00ed como a la preservaci\u00f3n y mejora de la mansi\u00f3n Kuthy como un edificio protegido, d\u00e1ndole nuevas funciones coloridas y popularidad, satisfacci\u00f3n de los turistas que vienen aqu\u00ed, y queremos enriquecer la paleta tur\u00edstica.<\/p>\n\n\n\n<p>Incremento esperado en el n\u00famero de visitantes: 5.400<\/p>\n\n\n\n<p><\/p>\n\n\n\n<p><\/p>\n\n\n\n<p><\/p>\n\n\n\n<figure class=\"wp-block-image size-large\"><img decoding=\"async\" loading=\"lazy\" width=\"1024\" height=\"229\" src=\"https:\/\/muveszvolgykuria.t.onlab.hu\/app\/uploads\/2023\/03\/wow_banner_fekvo_szoveg_v2-1024x229.png\" alt=\"\" class=\"wp-image-341\" srcset=\"https:\/\/muveszvolgykuria.eu\/app\/uploads\/2023\/03\/wow_banner_fekvo_szoveg_v2-1024x229.png 1024w, https:\/\/muveszvolgykuria.eu\/app\/uploads\/2023\/03\/wow_banner_fekvo_szoveg_v2-300x67.png 300w, https:\/\/muveszvolgykuria.eu\/app\/uploads\/2023\/03\/wow_banner_fekvo_szoveg_v2-768x171.png 768w, https:\/\/muveszvolgykuria.eu\/app\/uploads\/2023\/03\/wow_banner_fekvo_szoveg_v2-1536x343.png 1536w, https:\/\/muveszvolgykuria.eu\/app\/uploads\/2023\/03\/wow_banner_fekvo_szoveg_v2-2048x457.png 2048w\" sizes=\"(max-width: 1024px) 100vw, 1024px\" \/><\/figure>\n\n\n\n<p>A projekt c\u00edme: A kapolcsi M\u0171v\u00e9szv\u00f6lgy K\u00faria k\u00f6rnyezet\u00e9nek tov\u00e1bbi turisztikai c\u00e9l\u00fa fejleszt\u00e9se<br>Azonos\u00edt\u00f3 sz\u00e1ma: ET-2021-02-062<br>Kedvezm\u00e9nyezett neve \u00e9s c\u00edme: M\u0171v\u00e9szv\u00f6lgy K\u00faria Nonprofit Kft (8294 Kapolcs, Kossuth L. u. 48.)<br>A t\u00e1mogat\u00e1s \u00f6sszege: 425.410.900,- Ft<\/p>\n\n\n\n<p>A t\u00e1mogat\u00e1s m\u00e9rt\u00e9ke (%-ban): 100%<\/p>\n\n\n\n<p>A t\u00e1mogatott projekt tartalm\u00e1nak r\u00f6vid bemutat\u00e1sa: A M\u0171v\u00e9szv\u00f6lgy K\u00faria oldals\u00f3 \u00e9p\u00fcletei, a m\u00e1r 2021-ben elk\u00e9sz\u00fclt f\u0151 \u00e9p\u00fclettel egys\u00e9gben a kultur\u00e1lis \u00e9s fesztiv\u00e1l turizmus egyik kiemelked\u0151 helysz\u00ednek\u00e9nt funkcion\u00e1l. A fejleszt\u00e9snek k\u00f6sz\u00f6nhet\u0151en ker\u00e9kp\u00e1ros pont, nyitott bemutat\u00f3 t\u00e9r, mosd\u00f3k \u00e9s zuhanyz\u00f3, valamint egy k\u00e9zm\u0171ves sajtkonyha ker\u00fclt kialak\u00edt\u00e1sra.<\/p>\n\n\n\n<p>A t\u00e1mogatott projekt befejez\u00e9si d\u00e1tuma (ha megval\u00f3sult, akkor a t\u00e9nyleges befejez\u00e9s): 2023. m\u00e1rcius 31.<\/p>\n","protected":false},"excerpt":{"rendered":"<p>Proyecto Renovaci\u00f3n del Kuthy Hall y sus alrededores Identificaci\u00f3n del proyecto: GINOP-7.1.9-17-2018-00006 Monto del fondo:\u00a0319.746.305,-Ft Intensidad de financiaci\u00f3n del proyecto:\u00a0fondo 100% no reembolsable Fin del [&hellip;]<\/p>\n","protected":false},"author":1,"featured_media":0,"parent":0,"menu_order":0,"comment_status":"closed","ping_status":"closed","template":"","meta":[],"acf":[],"_links":{"self":[{"href":"https:\/\/muveszvolgykuria.eu\/es\/wp-json\/wp\/v2\/pages\/1274"}],"collection":[{"href":"https:\/\/muveszvolgykuria.eu\/es\/wp-json\/wp\/v2\/pages"}],"about":[{"href":"https:\/\/muveszvolgykuria.eu\/es\/wp-json\/wp\/v2\/types\/page"}],"author":[{"embeddable":true,"href":"https:\/\/muveszvolgykuria.eu\/es\/wp-json\/wp\/v2\/users\/1"}],"replies":[{"embeddable":true,"href":"https:\/\/muveszvolgykuria.eu\/es\/wp-json\/wp\/v2\/comments?post=1274"}],"version-history":[{"count":1,"href":"https:\/\/muveszvolgykuria.eu\/es\/wp-json\/wp\/v2\/pages\/1274\/revisions"}],"predecessor-version":[{"id":1278,"href":"https:\/\/muveszvolgykuria.eu\/es\/wp-json\/wp\/v2\/pages\/1274\/revisions\/1278"}],"wp:attachment":[{"href":"https:\/\/muveszvolgykuria.eu\/es\/wp-json\/wp\/v2\/media?parent=1274"}],"curies":[{"name":"wp","href":"https:\/\/api.w.org\/{rel}","templated":true}]}}