{"id":1291,"date":"2023-03-22T18:49:53","date_gmt":"2023-03-22T17:49:53","guid":{"rendered":"https:\/\/muveszvolgykuria.t.onlab.hu\/?page_id=1291"},"modified":"2023-03-28T20:09:19","modified_gmt":"2023-03-28T18:09:19","slug":"oferta","status":"publish","type":"page","link":"https:\/\/muveszvolgykuria.eu\/es\/oferta\/","title":{"rendered":"Oferta"},"content":{"rendered":"\n<div class=\"is-layout-flex wp-container-3 wp-block-columns\">\n<div class=\"is-layout-flow wp-block-column\">\n<figure class=\"wp-block-image size-full is-style-rounded-corners\"><img decoding=\"async\" loading=\"lazy\" width=\"940\" height=\"788\" src=\"http:\/\/ransom.lan\/app\/uploads\/2023\/03\/60b70773-f7e9-4b44-a4c8-b74482c9d8d4_MB1vA9szVB6lgyKBAria-PajtaProgram29.webp\" alt=\"\" class=\"wp-image-34\" srcset=\"https:\/\/muveszvolgykuria.eu\/app\/uploads\/2023\/03\/60b70773-f7e9-4b44-a4c8-b74482c9d8d4_MB1vA9szVB6lgyKBAria-PajtaProgram29.webp 940w, https:\/\/muveszvolgykuria.eu\/app\/uploads\/2023\/03\/60b70773-f7e9-4b44-a4c8-b74482c9d8d4_MB1vA9szVB6lgyKBAria-PajtaProgram29-300x251.webp 300w, https:\/\/muveszvolgykuria.eu\/app\/uploads\/2023\/03\/60b70773-f7e9-4b44-a4c8-b74482c9d8d4_MB1vA9szVB6lgyKBAria-PajtaProgram29-768x644.webp 768w\" sizes=\"(max-width: 940px) 100vw, 940px\" \/><\/figure>\n<\/div>\n\n\n\n<div class=\"is-layout-flow wp-block-column\">\n<h3>Una experiencia en el valle en invierno y verano<\/h3>\n\n\n\n<p>En el centro de Kapolcs, el complejo de edificios de M\u0171v\u00e9szV\u00f6lgy K\u00faria revive y hace accesible la diversidad cultural y las experiencias de ocio de M\u0171v\u00e9sztek V\u00f6lgye durante todo el a\u00f1o. Su ic\u00f3nico edificio principal, la mansi\u00f3n Kuthy, que fue renovada por dentro y por fuera en 2020, ofrece entretenimiento significativo para j\u00f3venes y mayores con variados programas culturales, art\u00edsticos y cient\u00edficos y exhibiciones interactivas. El centro de bicicletas que funciona en el edificio lateral de K\u00faria ofrece una variedad de recorridos en bicicletas el\u00e9ctricas de \u00faltima generaci\u00f3n de categor\u00eda premium para aquellos interesados \u200b\u200b\u200b\u200ben la belleza natural de la zona. En el espacio comunitario externo rodeado por el complejo de edificios, el edificio de teatro granero creado por HelloWood brinda espacio para espect\u00e1culos al aire libre m\u00e1s grandes, proyecciones de pel\u00edculas y programas profesionales. En el a\u00f1o 2023, entre otros, nuestros invitados ser\u00e1n artistas y creadores de renombre como Kriszti\u00e1n Grecs\u00f3, D\u00e1niel Gryllus, boebeck, H. Mikl\u00f3s Vecsei o los hermanos L\u00e1z\u00e1r. Los eventos del Programa Pajta tendr\u00e1n lugar este a\u00f1o como parte del programa Veszpr\u00e9m-Balaton 2023 Capital Europea de la Cultura.<\/p>\n<\/div>\n<\/div>\n\n\n\n<h2 class=\"has-text-align-center\">Oferta<\/h2>\n\n\n\n<div class=\"is-layout-flow wp-block-query\"><ul class=\"is-layout-flow is-flex-container columns-3 mb-4 wp-block-post-template\"><li class=\"wp-block-post post-1229 post type-post status-publish format-standard has-post-thumbnail hentry category-sin-categorizar\">\n<figure class=\"mb-4 wp-block-post-featured-image\"><a href=\"https:\/\/muveszvolgykuria.eu\/es\/sin-categorizar\/vera-jonas-y-andras-lovasi-vienen-a-kapolcs-en-octubre\/\" target=\"_self\" ><img width=\"300\" height=\"193\" src=\"https:\/\/muveszvolgykuria.eu\/app\/uploads\/2023\/03\/jonasvera-300x193.webp\" class=\"attachment-medium size-medium wp-post-image\" alt=\"\u00a1Vera J\u00f3n\u00e1s y Andr\u00e1s Lovasi vienen a Kapolcs en octubre!\" decoding=\"async\" loading=\"lazy\" srcset=\"https:\/\/muveszvolgykuria.eu\/app\/uploads\/2023\/03\/jonasvera-300x193.webp 300w, https:\/\/muveszvolgykuria.eu\/app\/uploads\/2023\/03\/jonasvera.webp 655w\" sizes=\"(max-width: 300px) 100vw, 300px\" \/><\/a><\/figure>\n\n<h2 class=\"h4 fw-bold mb-3 wp-block-post-title\"><a href=\"https:\/\/muveszvolgykuria.eu\/es\/sin-categorizar\/vera-jonas-y-andras-lovasi-vienen-a-kapolcs-en-octubre\/\" target=\"_self\" >\u00a1Vera J\u00f3n\u00e1s y Andr\u00e1s Lovasi vienen a Kapolcs en octubre!<\/a><\/h2>\n\n<div class=\"text-muted mb-2 wp-block-post-date\"><time datetime=\"2021-09-15T15:25:00+02:00\">2021.09.15.<\/time><\/div>\n\n<div class=\"text-body wp-block-post-excerpt\"><p class=\"wp-block-post-excerpt__excerpt\">Los fines de semana del Valle terminaron y el 30\u00ba Valle de las Artes solo se llevar\u00e1 a cabo en 2021 entre el 23 de [&hellip;] <\/p><\/div>\n<\/li><li class=\"wp-block-post post-1218 post type-post status-publish format-standard has-post-thumbnail hentry category-sin-categorizar\">\n<figure class=\"mb-4 wp-block-post-featured-image\"><a href=\"https:\/\/muveszvolgykuria.eu\/es\/sin-categorizar\/el-pasado-y-la-presencia-del-kapolcs-artvalley-hall\/\" target=\"_self\" ><img width=\"300\" height=\"200\" src=\"https:\/\/muveszvolgykuria.eu\/app\/uploads\/2023\/03\/kuria2-300x200.webp\" class=\"attachment-medium size-medium wp-post-image\" alt=\"El pasado y la presencia del Kapolcs ArtValley Hall\" decoding=\"async\" loading=\"lazy\" srcset=\"https:\/\/muveszvolgykuria.eu\/app\/uploads\/2023\/03\/kuria2-300x200.webp 300w, https:\/\/muveszvolgykuria.eu\/app\/uploads\/2023\/03\/kuria2-1024x682.webp 1024w, https:\/\/muveszvolgykuria.eu\/app\/uploads\/2023\/03\/kuria2-768x512.webp 768w, https:\/\/muveszvolgykuria.eu\/app\/uploads\/2023\/03\/kuria2.webp 1220w\" sizes=\"(max-width: 300px) 100vw, 300px\" \/><\/a><\/figure>\n\n<h2 class=\"h4 fw-bold mb-3 wp-block-post-title\"><a href=\"https:\/\/muveszvolgykuria.eu\/es\/sin-categorizar\/el-pasado-y-la-presencia-del-kapolcs-artvalley-hall\/\" target=\"_self\" >El pasado y la presencia del Kapolcs ArtValley Hall<\/a><\/h2>\n\n<div class=\"text-muted mb-2 wp-block-post-date\"><time datetime=\"2020-10-02T15:23:00+02:00\">2020.10.02.<\/time><\/div>\n\n<div class=\"text-body wp-block-post-excerpt\"><p class=\"wp-block-post-excerpt__excerpt\">El Sal\u00f3n, inaugurado y completamente renovado en septiembre de 2020, originalmente se conoc\u00eda como Casa Kuti y Sal\u00f3n Kuthy entre la gente de Kapolcs y [&hellip;] <\/p><\/div>\n<\/li><li class=\"wp-block-post post-1226 post type-post status-publish format-standard has-post-thumbnail hentry category-sin-categorizar\">\n<figure class=\"mb-4 wp-block-post-featured-image\"><a href=\"https:\/\/muveszvolgykuria.eu\/es\/sin-categorizar\/concierto-de-despedida-de-verano-en-kapolcs-con-teatro-callejero\/\" target=\"_self\" ><img width=\"300\" height=\"200\" src=\"https:\/\/muveszvolgykuria.eu\/app\/uploads\/2023\/03\/bondoro-300x200.webp\" class=\"attachment-medium size-medium wp-post-image\" alt=\"Concierto de despedida de verano en Kapolcs con teatro callejero\" decoding=\"async\" loading=\"lazy\" srcset=\"https:\/\/muveszvolgykuria.eu\/app\/uploads\/2023\/03\/bondoro-300x200.webp 300w, https:\/\/muveszvolgykuria.eu\/app\/uploads\/2023\/03\/bondoro-1024x683.webp 1024w, https:\/\/muveszvolgykuria.eu\/app\/uploads\/2023\/03\/bondoro-768x512.webp 768w, https:\/\/muveszvolgykuria.eu\/app\/uploads\/2023\/03\/bondoro.webp 1220w\" sizes=\"(max-width: 300px) 100vw, 300px\" \/><\/a><\/figure>\n\n<h2 class=\"h4 fw-bold mb-3 wp-block-post-title\"><a href=\"https:\/\/muveszvolgykuria.eu\/es\/sin-categorizar\/concierto-de-despedida-de-verano-en-kapolcs-con-teatro-callejero\/\" target=\"_self\" >Concierto de despedida de verano en Kapolcs con teatro callejero<\/a><\/h2>\n\n<div class=\"text-muted mb-2 wp-block-post-date\"><time datetime=\"2020-09-14T15:27:00+02:00\">2020.09.14.<\/time><\/div>\n\n<div class=\"text-body wp-block-post-excerpt\"><p class=\"wp-block-post-excerpt__excerpt\">Por segunda vez este a\u00f1o, el Festival de Teatro de Calle Bondor\u00f3 se llevar\u00e1 a cabo como el evento de despedida de verano entre el [&hellip;] <\/p><\/div>\n<\/li><li class=\"wp-block-post post-1222 post type-post status-publish format-standard has-post-thumbnail hentry category-sin-categorizar\">\n<figure class=\"mb-4 wp-block-post-featured-image\"><a href=\"https:\/\/muveszvolgykuria.eu\/es\/sin-categorizar\/ceremonia-de-apertura-del-art-valley-hall\/\" target=\"_self\" ><img width=\"300\" height=\"200\" src=\"https:\/\/muveszvolgykuria.eu\/app\/uploads\/2023\/03\/megnyito-300x200.webp\" class=\"attachment-medium size-medium wp-post-image\" alt=\"Ceremonia de apertura del Art Valley Hall\" decoding=\"async\" loading=\"lazy\" srcset=\"https:\/\/muveszvolgykuria.eu\/app\/uploads\/2023\/03\/megnyito-300x200.webp 300w, https:\/\/muveszvolgykuria.eu\/app\/uploads\/2023\/03\/megnyito-768x513.webp 768w, https:\/\/muveszvolgykuria.eu\/app\/uploads\/2023\/03\/megnyito.webp 800w\" sizes=\"(max-width: 300px) 100vw, 300px\" \/><\/a><\/figure>\n\n<h2 class=\"h4 fw-bold mb-3 wp-block-post-title\"><a href=\"https:\/\/muveszvolgykuria.eu\/es\/sin-categorizar\/ceremonia-de-apertura-del-art-valley-hall\/\" target=\"_self\" >Ceremonia de apertura del Art Valley Hall<\/a><\/h2>\n\n<div class=\"text-muted mb-2 wp-block-post-date\"><time datetime=\"2020-09-03T15:29:00+02:00\">2020.09.03.<\/time><\/div>\n\n<div class=\"text-body wp-block-post-excerpt\"><p class=\"wp-block-post-excerpt__excerpt\">El ArtValley Hall abre sus puertas en septiembre como el nuevo centro para la comunidad y la cultura en Kapolcs. Presentaremos la nueva plaza del [&hellip;] <\/p><\/div>\n<\/li><li class=\"wp-block-post post-1215 post type-post status-publish format-standard has-post-thumbnail hentry category-sin-categorizar\">\n<figure class=\"mb-4 wp-block-post-featured-image\"><a href=\"https:\/\/muveszvolgykuria.eu\/es\/sin-categorizar\/el-muveszvolgy-kuria-comienza-sus-programas-en-enero\/\" target=\"_self\" ><img width=\"300\" height=\"191\" src=\"https:\/\/muveszvolgykuria.eu\/app\/uploads\/2023\/03\/lovasi-300x191.webp\" class=\"attachment-medium size-medium wp-post-image\" alt=\"El M\u0171v\u00e9szV\u00f6lgy K\u00faria comienza sus programas en enero\" decoding=\"async\" loading=\"lazy\" srcset=\"https:\/\/muveszvolgykuria.eu\/app\/uploads\/2023\/03\/lovasi-300x191.webp 300w, https:\/\/muveszvolgykuria.eu\/app\/uploads\/2023\/03\/lovasi.webp 480w\" sizes=\"(max-width: 300px) 100vw, 300px\" \/><\/a><\/figure>\n\n<h2 class=\"h4 fw-bold mb-3 wp-block-post-title\"><a href=\"https:\/\/muveszvolgykuria.eu\/es\/sin-categorizar\/el-muveszvolgy-kuria-comienza-sus-programas-en-enero\/\" target=\"_self\" >El M\u0171v\u00e9szV\u00f6lgy K\u00faria comienza sus programas en enero<\/a><\/h2>\n\n<div class=\"text-muted mb-2 wp-block-post-date\"><time datetime=\"2020-09-03T15:24:00+02:00\">2020.09.03.<\/time><\/div>\n\n<div class=\"text-body wp-block-post-excerpt\"><p class=\"wp-block-post-excerpt__excerpt\">Debido a la pandemia, postergamos los programas para que se realicen a partir del 23 de enero de 2021. Habr\u00e1 programas de manualidades para los [&hellip;] <\/p><\/div>\n<\/li><li class=\"wp-block-post post-1231 post type-post status-publish format-standard has-post-thumbnail hentry category-sin-categorizar\">\n<figure class=\"mb-4 wp-block-post-featured-image\"><a href=\"https:\/\/muveszvolgykuria.eu\/es\/sin-categorizar\/nos-vemos-en-los-fines-de-semana-del-valle\/\" target=\"_self\" ><img width=\"300\" height=\"215\" src=\"https:\/\/muveszvolgykuria.eu\/app\/uploads\/2023\/03\/volgyhetvege-300x215.webp\" class=\"attachment-medium size-medium wp-post-image\" alt=\"\u00a1Nos vemos en los fines de semana del Valle!\" decoding=\"async\" loading=\"lazy\" srcset=\"https:\/\/muveszvolgykuria.eu\/app\/uploads\/2023\/03\/volgyhetvege-300x215.webp 300w, https:\/\/muveszvolgykuria.eu\/app\/uploads\/2023\/03\/volgyhetvege.webp 604w\" sizes=\"(max-width: 300px) 100vw, 300px\" \/><\/a><\/figure>\n\n<h2 class=\"h4 fw-bold mb-3 wp-block-post-title\"><a href=\"https:\/\/muveszvolgykuria.eu\/es\/sin-categorizar\/nos-vemos-en-los-fines-de-semana-del-valle\/\" target=\"_self\" >\u00a1Nos vemos en los fines de semana del Valle!<\/a><\/h2>\n\n<div class=\"text-muted mb-2 wp-block-post-date\"><time datetime=\"2020-08-03T15:27:00+02:00\">2020.08.03.<\/time><\/div>\n\n<div class=\"text-body wp-block-post-excerpt\"><p class=\"wp-block-post-excerpt__excerpt\">El equipo de Valley of Arts est\u00e1 saludando a la multitud durante cuatro fines de semana de Valley este oto\u00f1o en Kapolcs tambi\u00e9n en el [&hellip;] <\/p><\/div>\n<\/li><li class=\"wp-block-post post-1220 post type-post status-publish format-standard has-post-thumbnail hentry category-sin-categorizar\">\n<figure class=\"mb-4 wp-block-post-featured-image\"><a href=\"https:\/\/muveszvolgykuria.eu\/es\/sin-categorizar\/kofeszt\/\" target=\"_self\" ><img width=\"300\" height=\"215\" src=\"https:\/\/muveszvolgykuria.eu\/app\/uploads\/2023\/03\/kofeszt-300x215.webp\" class=\"attachment-medium size-medium wp-post-image\" alt=\"K\u0151feszt\" decoding=\"async\" loading=\"lazy\" srcset=\"https:\/\/muveszvolgykuria.eu\/app\/uploads\/2023\/03\/kofeszt-300x215.webp 300w, https:\/\/muveszvolgykuria.eu\/app\/uploads\/2023\/03\/kofeszt.webp 604w\" sizes=\"(max-width: 300px) 100vw, 300px\" \/><\/a><\/figure>\n\n<h2 class=\"h4 fw-bold mb-3 wp-block-post-title\"><a href=\"https:\/\/muveszvolgykuria.eu\/es\/sin-categorizar\/kofeszt\/\" target=\"_self\" >K\u0151feszt<\/a><\/h2>\n\n<div class=\"text-muted mb-2 wp-block-post-date\"><time datetime=\"0202-08-19T15:29:00+01:16\">0202.08.19.<\/time><\/div>\n\n<div class=\"text-body wp-block-post-excerpt\"><p class=\"wp-block-post-excerpt__excerpt\">La serie de programas K\u0150FESZT involucra a todos los asentamientos de la cuenca del K\u00e1li con programas literarios, conciertos, exposiciones y charlas de mesa redonda. <\/p><\/div>\n<\/li><\/ul>\n\n\n\n<\/div>\n","protected":false},"excerpt":{"rendered":"<p>Una experiencia en el valle en invierno y verano En el centro de Kapolcs, el complejo de edificios de M\u0171v\u00e9szV\u00f6lgy K\u00faria revive y hace accesible [&hellip;]<\/p>\n","protected":false},"author":1,"featured_media":0,"parent":0,"menu_order":0,"comment_status":"closed","ping_status":"closed","template":"","meta":[],"acf":[],"_links":{"self":[{"href":"https:\/\/muveszvolgykuria.eu\/es\/wp-json\/wp\/v2\/pages\/1291"}],"collection":[{"href":"https:\/\/muveszvolgykuria.eu\/es\/wp-json\/wp\/v2\/pages"}],"about":[{"href":"https:\/\/muveszvolgykuria.eu\/es\/wp-json\/wp\/v2\/types\/page"}],"author":[{"embeddable":true,"href":"https:\/\/muveszvolgykuria.eu\/es\/wp-json\/wp\/v2\/users\/1"}],"replies":[{"embeddable":true,"href":"https:\/\/muveszvolgykuria.eu\/es\/wp-json\/wp\/v2\/comments?post=1291"}],"version-history":[{"count":3,"href":"https:\/\/muveszvolgykuria.eu\/es\/wp-json\/wp\/v2\/pages\/1291\/revisions"}],"predecessor-version":[{"id":1512,"href":"https:\/\/muveszvolgykuria.eu\/es\/wp-json\/wp\/v2\/pages\/1291\/revisions\/1512"}],"wp:attachment":[{"href":"https:\/\/muveszvolgykuria.eu\/es\/wp-json\/wp\/v2\/media?parent=1291"}],"curies":[{"name":"wp","href":"https:\/\/api.w.org\/{rel}","templated":true}]}}