{"id":1529,"date":"2023-03-24T00:24:09","date_gmt":"2023-03-23T23:24:09","guid":{"rendered":"https:\/\/muveszvolgykuria.t.onlab.hu\/?page_id=1529"},"modified":"2023-06-13T09:44:10","modified_gmt":"2023-06-13T07:44:10","slug":"kerekparos-kozpont","status":"publish","type":"page","link":"https:\/\/muveszvolgykuria.eu\/es\/kerekparos-kozpont\/","title":{"rendered":"Ciclismo"},"content":{"rendered":"\n<h1 class=\"has-text-align-center\">Centro de ciclismo BalatonBike365<\/h1>\n\n\n\n<div class=\"is-layout-flex wp-container-4 wp-block-columns\">\n<div class=\"is-layout-flow wp-block-column\" style=\"flex-basis:50%\">\n<figure class=\"wp-block-image size-large\"><img decoding=\"async\" loading=\"lazy\" width=\"1024\" height=\"768\" src=\"https:\/\/muveszvolgykuria.t.onlab.hu\/app\/uploads\/2023\/03\/8c8308cd2-1024x768.jpg\" alt=\"\" class=\"wp-image-342\" srcset=\"https:\/\/muveszvolgykuria.eu\/app\/uploads\/2023\/03\/8c8308cd2-1024x768.jpg 1024w, https:\/\/muveszvolgykuria.eu\/app\/uploads\/2023\/03\/8c8308cd2-300x225.jpg 300w, https:\/\/muveszvolgykuria.eu\/app\/uploads\/2023\/03\/8c8308cd2-768x576.jpg 768w, https:\/\/muveszvolgykuria.eu\/app\/uploads\/2023\/03\/8c8308cd2.jpg 1118w\" sizes=\"(max-width: 1024px) 100vw, 1024px\" \/><\/figure>\n<\/div>\n\n\n\n<div class=\"is-layout-flow wp-block-column\" style=\"flex-basis:50%\">\n<p>En Kapolcs, el centro de bicicletas BalatonBike365 opera en el edificio lateral de la mansi\u00f3n M\u0171v\u00e9szV\u00f6lgy, donde esperan las \u00faltimas bicicletas el\u00e9ctricas de categor\u00eda premium, que puede alquilar o probar en nuestras visitas guiadas. Una tienda y alquiler de bicicletas, servicio de bicicletas y cargador el\u00e9ctrico est\u00e1n disponibles en el centro, mientras que los otros programas y la cafeter\u00eda del M\u0171v\u00e9szV\u00f6lgy K\u00faria tambi\u00e9n est\u00e1n a su disposici\u00f3n. Puede registrarse previamente para tours y alquileres de bicicletas en el sitio web de Balaton Bike Tour, utilizando el enlace a continuaci\u00f3n. \u00a1Alquile una bicicleta y explore el sur de Bakony y el lago Balaton sobre dos ruedas!<\/p>\n\n\n\n<h3>Contactos:<\/h3>\n\n\n\n<p>Direcci\u00f3n:&nbsp;Kapolcs, Kossuth utca 42.<br>Tel\u00e9fono:&nbsp;<a href=\"tel:+36307372201\">+36307372201<\/a><br>E-mail:&nbsp;<a href=\"mailto:info@balatonbiketour.com\">info@balatonbiketour.com<\/a><\/p>\n\n\n\n<div class=\"is-layout-flex wp-block-buttons\">\n<div class=\"wp-block-button\" style=\"font-style:normal;font-weight:600\"><a class=\"wp-block-button__link has-white-color has-primary-background-color has-text-color has-background wp-element-button\" href=\"https:\/\/www.balatonbiketour.com\/bbt-hely\/bb365-kapolcs\" target=\"_blank\" rel=\"noreferrer noopener\">Ir a la p\u00e1gina de BBT<\/a><\/div>\n\n\n\n<div class=\"wp-block-button\" style=\"font-style:normal;font-weight:600\"><a class=\"wp-block-button__link has-white-color has-primary-background-color has-text-color has-background wp-element-button\" href=\"https:\/\/www.balatonbike365.hu\/en\" target=\"_blank\" rel=\"noreferrer noopener\">Ir a la p\u00e1gina de BB365<\/a><\/div>\n\n\n\n<div class=\"wp-block-button\" style=\"font-style:normal;font-weight:600\"><a class=\"wp-block-button__link has-white-color has-primary-background-color has-text-color has-background wp-element-button\" href=\"https:\/\/www.balatonbiketour.com\/img\/bbt-katalogus-2023.pdf\">BBT Catalogar<\/a><\/div>\n<\/div>\n<\/div>\n<\/div>\n","protected":false},"excerpt":{"rendered":"<p>Centro de ciclismo BalatonBike365 En Kapolcs, el centro de bicicletas BalatonBike365 opera en el edificio lateral de la mansi\u00f3n M\u0171v\u00e9szV\u00f6lgy, donde esperan las \u00faltimas bicicletas [&hellip;]<\/p>\n","protected":false},"author":1,"featured_media":0,"parent":0,"menu_order":0,"comment_status":"closed","ping_status":"closed","template":"","meta":[],"acf":[],"_links":{"self":[{"href":"https:\/\/muveszvolgykuria.eu\/es\/wp-json\/wp\/v2\/pages\/1529"}],"collection":[{"href":"https:\/\/muveszvolgykuria.eu\/es\/wp-json\/wp\/v2\/pages"}],"about":[{"href":"https:\/\/muveszvolgykuria.eu\/es\/wp-json\/wp\/v2\/types\/page"}],"author":[{"embeddable":true,"href":"https:\/\/muveszvolgykuria.eu\/es\/wp-json\/wp\/v2\/users\/1"}],"replies":[{"embeddable":true,"href":"https:\/\/muveszvolgykuria.eu\/es\/wp-json\/wp\/v2\/comments?post=1529"}],"version-history":[{"count":4,"href":"https:\/\/muveszvolgykuria.eu\/es\/wp-json\/wp\/v2\/pages\/1529\/revisions"}],"predecessor-version":[{"id":2089,"href":"https:\/\/muveszvolgykuria.eu\/es\/wp-json\/wp\/v2\/pages\/1529\/revisions\/2089"}],"wp:attachment":[{"href":"https:\/\/muveszvolgykuria.eu\/es\/wp-json\/wp\/v2\/media?parent=1529"}],"curies":[{"name":"wp","href":"https:\/\/api.w.org\/{rel}","templated":true}]}}