{"id":1066,"date":"2023-03-17T19:16:52","date_gmt":"2023-03-17T18:16:52","guid":{"rendered":"https:\/\/muveszvolgykuria.t.onlab.hu\/?page_id=1066"},"modified":"2023-03-24T16:46:05","modified_gmt":"2023-03-24T15:46:05","slug":"soumissionner","status":"publish","type":"page","link":"https:\/\/muveszvolgykuria.eu\/fr\/soumissionner\/","title":{"rendered":"Soumissionner"},"content":{"rendered":"\n<p><\/p>\n\n\n\n<h2>Soumissionner<\/h2>\n\n\n\n<h3>R\u00e9novation de la salle Kuthy et de ses environs<\/h3>\n\n\n\n<p><strong>Identification du projet:<\/strong>\u00a0GINOP-7.1.9-17-2018-00006<\/p>\n\n\n\n<p><strong>Montant du fonds:<\/strong>\u00a0319.746.305, -Ft<\/p>\n\n\n\n<p><strong>Intensit\u00e9 de financement du projet:<\/strong>\u00a0fonds 100% non remboursable<\/p>\n\n\n\n<p><strong>Fin du projet:<\/strong>\u00a030 septembre 2020<\/p>\n\n\n\n<p><strong>Le nom du b\u00e9n\u00e9ficiaire:\u00a0<\/strong>OXO Properties Settlement Development Nonprofit Ltd., Commune de Kapolcs, Agence hongroise du tourisme Ltd.<\/p>\n\n\n\n<p><strong>Description du projet:<\/strong><\/p>\n\n\n\n<p>Kapolcs est le lieu du festival annuel \u00abVall\u00e9e des Arts\u00bb. Le festival est populaire non seulement dans la r\u00e9gion, mais dans tout le pays. Le festival est un grand patrimoine pour les habitants qui \u00e9taient autrefois commer\u00e7ants. Le Kuthy Hall joue un r\u00f4le important dans le festival et sert de salle de cin\u00e9ma pour des films connus. En raison des mauvaises conditions de la salle, les possibilit\u00e9s du b\u00e2timent sont limit\u00e9es et concentr\u00e9es sur les mois d&#8217;\u00e9t\u00e9.<\/p>\n\n\n\n<p>Le d\u00e9veloppement de la salle Kuthy est li\u00e9 \u00e0 la pr\u00e9servation de la r\u00e9gion et met une grande empathie sur la culture du patrimoine de la r\u00e9gion. En outre, la salle Kuthy est sous la pr\u00e9servation historique et a une grande importance culturelle &#8211; en r\u00e9novant la salle et en ajoutant de nouvelles fonctions au b\u00e2timent, elle augmentera la satisfaction des touristes en visite et valorisera le patrimoine culturel de la r\u00e9gion.<\/p>\n\n\n\n<p>Les visiteurs attendus du Kuthy Hall: 5400 personnes.<\/p>\n\n\n\n<p><\/p>\n\n\n\n<p><\/p>\n\n\n\n<p><\/p>\n\n\n\n<figure class=\"wp-block-image size-large\"><img decoding=\"async\" loading=\"lazy\" width=\"1024\" height=\"229\" src=\"https:\/\/muveszvolgykuria.t.onlab.hu\/app\/uploads\/2023\/03\/wow_banner_fekvo_szoveg_v2-1024x229.png\" alt=\"\" class=\"wp-image-341\" srcset=\"https:\/\/muveszvolgykuria.eu\/app\/uploads\/2023\/03\/wow_banner_fekvo_szoveg_v2-1024x229.png 1024w, https:\/\/muveszvolgykuria.eu\/app\/uploads\/2023\/03\/wow_banner_fekvo_szoveg_v2-300x67.png 300w, https:\/\/muveszvolgykuria.eu\/app\/uploads\/2023\/03\/wow_banner_fekvo_szoveg_v2-768x171.png 768w, https:\/\/muveszvolgykuria.eu\/app\/uploads\/2023\/03\/wow_banner_fekvo_szoveg_v2-1536x343.png 1536w, https:\/\/muveszvolgykuria.eu\/app\/uploads\/2023\/03\/wow_banner_fekvo_szoveg_v2-2048x457.png 2048w\" sizes=\"(max-width: 1024px) 100vw, 1024px\" \/><\/figure>\n\n\n\n<p>A projekt c\u00edme: A kapolcsi M\u0171v\u00e9szv\u00f6lgy K\u00faria k\u00f6rnyezet\u00e9nek tov\u00e1bbi turisztikai c\u00e9l\u00fa fejleszt\u00e9se<br>Azonos\u00edt\u00f3 sz\u00e1ma: ET-2021-02-062<br>Kedvezm\u00e9nyezett neve \u00e9s c\u00edme: M\u0171v\u00e9szv\u00f6lgy K\u00faria Nonprofit Kft (8294 Kapolcs, Kossuth L. u. 48.)<br>A t\u00e1mogat\u00e1s \u00f6sszege: 425.410.900,- Ft<\/p>\n\n\n\n<p>A t\u00e1mogat\u00e1s m\u00e9rt\u00e9ke (%-ban): 100%<\/p>\n\n\n\n<p>A t\u00e1mogatott projekt tartalm\u00e1nak r\u00f6vid bemutat\u00e1sa: A M\u0171v\u00e9szv\u00f6lgy K\u00faria oldals\u00f3 \u00e9p\u00fcletei, a m\u00e1r 2021-ben elk\u00e9sz\u00fclt f\u0151 \u00e9p\u00fclettel egys\u00e9gben a kultur\u00e1lis \u00e9s fesztiv\u00e1l turizmus egyik kiemelked\u0151 helysz\u00ednek\u00e9nt funkcion\u00e1l. A fejleszt\u00e9snek k\u00f6sz\u00f6nhet\u0151en ker\u00e9kp\u00e1ros pont, nyitott bemutat\u00f3 t\u00e9r, mosd\u00f3k \u00e9s zuhanyz\u00f3, valamint egy k\u00e9zm\u0171ves sajtkonyha ker\u00fclt kialak\u00edt\u00e1sra.<\/p>\n\n\n\n<p>A t\u00e1mogatott projekt befejez\u00e9si d\u00e1tuma (ha megval\u00f3sult, akkor a t\u00e9nyleges befejez\u00e9s): 2023. m\u00e1rcius 31.<\/p>\n","protected":false},"excerpt":{"rendered":"<p>Soumissionner R\u00e9novation de la salle Kuthy et de ses environs Identification du projet:\u00a0GINOP-7.1.9-17-2018-00006 Montant du fonds:\u00a0319.746.305, -Ft Intensit\u00e9 de financement du projet:\u00a0fonds 100% non remboursable [&hellip;]<\/p>\n","protected":false},"author":1,"featured_media":0,"parent":0,"menu_order":0,"comment_status":"closed","ping_status":"closed","template":"","meta":[],"acf":[],"_links":{"self":[{"href":"https:\/\/muveszvolgykuria.eu\/fr\/wp-json\/wp\/v2\/pages\/1066"}],"collection":[{"href":"https:\/\/muveszvolgykuria.eu\/fr\/wp-json\/wp\/v2\/pages"}],"about":[{"href":"https:\/\/muveszvolgykuria.eu\/fr\/wp-json\/wp\/v2\/types\/page"}],"author":[{"embeddable":true,"href":"https:\/\/muveszvolgykuria.eu\/fr\/wp-json\/wp\/v2\/users\/1"}],"replies":[{"embeddable":true,"href":"https:\/\/muveszvolgykuria.eu\/fr\/wp-json\/wp\/v2\/comments?post=1066"}],"version-history":[{"count":1,"href":"https:\/\/muveszvolgykuria.eu\/fr\/wp-json\/wp\/v2\/pages\/1066\/revisions"}],"predecessor-version":[{"id":1069,"href":"https:\/\/muveszvolgykuria.eu\/fr\/wp-json\/wp\/v2\/pages\/1066\/revisions\/1069"}],"wp:attachment":[{"href":"https:\/\/muveszvolgykuria.eu\/fr\/wp-json\/wp\/v2\/media?parent=1066"}],"curies":[{"name":"wp","href":"https:\/\/api.w.org\/{rel}","templated":true}]}}