{"id":1078,"date":"2023-03-22T18:49:53","date_gmt":"2023-03-22T17:49:53","guid":{"rendered":"https:\/\/muveszvolgykuria.t.onlab.hu\/?page_id=1078"},"modified":"2025-01-17T08:45:43","modified_gmt":"2025-01-17T07:45:43","slug":"projets-actuels","status":"publish","type":"page","link":"https:\/\/muveszvolgykuria.eu\/fr\/projets-actuels\/","title":{"rendered":"Projets actuels"},"content":{"rendered":"\n<div class=\"is-layout-flex wp-container-3 wp-block-columns\">\n<div class=\"is-layout-flow wp-block-column\">\n<figure class=\"wp-block-image size-large is-style-rounded-corners\"><img decoding=\"async\" loading=\"lazy\" width=\"1024\" height=\"577\" src=\"https:\/\/muveszvolgykuria.eu\/app\/uploads\/2025\/01\/MuveszVolgy-Kuria-2024-cover-1-1024x577.png\" alt=\"\" class=\"wp-image-4492\" srcset=\"https:\/\/muveszvolgykuria.eu\/app\/uploads\/2025\/01\/MuveszVolgy-Kuria-2024-cover-1-1024x577.png 1024w, https:\/\/muveszvolgykuria.eu\/app\/uploads\/2025\/01\/MuveszVolgy-Kuria-2024-cover-1-300x169.png 300w, https:\/\/muveszvolgykuria.eu\/app\/uploads\/2025\/01\/MuveszVolgy-Kuria-2024-cover-1-768x433.png 768w, https:\/\/muveszvolgykuria.eu\/app\/uploads\/2025\/01\/MuveszVolgy-Kuria-2024-cover-1-1536x865.png 1536w, https:\/\/muveszvolgykuria.eu\/app\/uploads\/2025\/01\/MuveszVolgy-Kuria-2024-cover-1.png 1640w\" sizes=\"(max-width: 1024px) 100vw, 1024px\" \/><\/figure>\n<\/div>\n\n\n\n<div class=\"is-layout-flow wp-block-column\">\n<h3>Ervaringen in de vallei, het hele jaar door<\/h3>\n\n\n\n<p>In het hart van Kapolcs brengt het M\u0171v\u00e9szV\u00f6lgy K\u00faria-complex het culturele en recreatieve erfgoed van het M\u0171v\u00e9szetek V\u00f6lgye-festival het hele jaar tot leven. Het iconische hoofdgebouw, de Kuthy-k\u00faria, die in 2020 zowel van binnen als van buiten is gerenoveerd, biedt een breed scala aan culturele, artistieke en wetenschappelijke programma&#8217;s, evenals interactieve tentoonstellingen die zowel jong als oud boeien.<\/p>\n\n\n\n<p>In het bijgebouw van de K\u00faria bevindt zich een fietscentrum, waar gevarieerde tochten worden aangeboden op de nieuwste premium elektrische fietsen, speciaal voor degenen die ge\u00efnteresseerd zijn in de natuurlijke schoonheid van de regio. De buitenruimte, omsloten door het complex, omvat een schuurtheater ontworpen door HelloWood, een perfecte plek voor grotere openluchtvoorstellingen, filmvertoningen en professionele programma&#8217;s.<\/p>\n\n\n\n<p>In 2025 verwelkomen we gerenommeerde kunstenaars en makers zoals M\u00e1ty\u00e1s Szepesi, Csaba Szendr\u0151i, Anna Ott en L\u00f3ci Csorba.<\/p>\n\n\n\n<p>De evenementen van M\u0171v\u00e9szV\u00f6lgy K\u00faria worden dit jaar mogelijk gemaakt met de steun van het Nationaal Cultuurfonds, het Hangfoglal\u00f3-programma en de H+ Media Culturele Vereniging.<\/p>\n<\/div>\n<\/div>\n\n\n\n<h2 class=\"has-text-align-center\">Projets actuels<\/h2>\n\n\n\n<div class=\"is-layout-flow wp-block-query\"><ul class=\"is-layout-flow is-flex-container columns-3 mb-4 wp-block-post-template\"><li class=\"wp-block-post post-1247 post type-post status-publish format-standard has-post-thumbnail hentry category-non-classifiee\">\n<figure class=\"mb-4 wp-block-post-featured-image\"><a href=\"https:\/\/muveszvolgykuria.eu\/fr\/non-classifiee\/vera-jonas-et-andras-lovasi-arrivent-a-kapolcs-en-octobre\/\" target=\"_self\" ><img width=\"300\" height=\"193\" src=\"https:\/\/muveszvolgykuria.eu\/app\/uploads\/2023\/03\/jonasvera-300x193.webp\" class=\"attachment-medium size-medium wp-post-image\" alt=\"Vera J\u00f3n\u00e1s et Andr\u00e1s Lovasi arrivent \u00e0 Kapolcs en octobre!\" decoding=\"async\" loading=\"lazy\" srcset=\"https:\/\/muveszvolgykuria.eu\/app\/uploads\/2023\/03\/jonasvera-300x193.webp 300w, https:\/\/muveszvolgykuria.eu\/app\/uploads\/2023\/03\/jonasvera.webp 655w\" sizes=\"(max-width: 300px) 100vw, 300px\" \/><\/a><\/figure>\n\n<h2 class=\"h4 fw-bold mb-3 wp-block-post-title\"><a href=\"https:\/\/muveszvolgykuria.eu\/fr\/non-classifiee\/vera-jonas-et-andras-lovasi-arrivent-a-kapolcs-en-octobre\/\" target=\"_self\" >Vera J\u00f3n\u00e1s et Andr\u00e1s Lovasi arrivent \u00e0 Kapolcs en octobre!<\/a><\/h2>\n\n<div class=\"text-muted mb-2 wp-block-post-date\"><time datetime=\"2021-09-15T15:25:00+02:00\">2021.09.15.<\/time><\/div>\n\n<div class=\"text-body wp-block-post-excerpt\"><p class=\"wp-block-post-excerpt__excerpt\">Les week-ends de la Vall\u00e9e sont termin\u00e9s et la 30e Vall\u00e9e des Arts n&#8217;aura lieu qu&#8217;en 2021 entre le 23 juillet et le 1er ao\u00fbt. [&hellip;] <\/p><\/div>\n<\/li><li class=\"wp-block-post post-1240 post type-post status-publish format-standard has-post-thumbnail hentry category-non-classifiee\">\n<figure class=\"mb-4 wp-block-post-featured-image\"><a href=\"https:\/\/muveszvolgykuria.eu\/fr\/non-classifiee\/le-passe-et-la-presence-du-kapolcs-artvalley-hall\/\" target=\"_self\" ><img width=\"300\" height=\"200\" src=\"https:\/\/muveszvolgykuria.eu\/app\/uploads\/2023\/03\/kuria2-300x200.webp\" class=\"attachment-medium size-medium wp-post-image\" alt=\"Le pass\u00e9 et la pr\u00e9sence du Kapolcs ArtValley Hall\" decoding=\"async\" loading=\"lazy\" srcset=\"https:\/\/muveszvolgykuria.eu\/app\/uploads\/2023\/03\/kuria2-300x200.webp 300w, https:\/\/muveszvolgykuria.eu\/app\/uploads\/2023\/03\/kuria2-1024x682.webp 1024w, https:\/\/muveszvolgykuria.eu\/app\/uploads\/2023\/03\/kuria2-768x512.webp 768w, https:\/\/muveszvolgykuria.eu\/app\/uploads\/2023\/03\/kuria2.webp 1220w\" sizes=\"(max-width: 300px) 100vw, 300px\" \/><\/a><\/figure>\n\n<h2 class=\"h4 fw-bold mb-3 wp-block-post-title\"><a href=\"https:\/\/muveszvolgykuria.eu\/fr\/non-classifiee\/le-passe-et-la-presence-du-kapolcs-artvalley-hall\/\" target=\"_self\" >Le pass\u00e9 et la pr\u00e9sence du Kapolcs ArtValley Hall<\/a><\/h2>\n\n<div class=\"text-muted mb-2 wp-block-post-date\"><time datetime=\"2020-10-02T15:23:00+02:00\">2020.10.02.<\/time><\/div>\n\n<div class=\"text-body wp-block-post-excerpt\"><p class=\"wp-block-post-excerpt__excerpt\">La salle, ouverte et enti\u00e8rement r\u00e9nov\u00e9e en septembre 2020, \u00e9tait \u00e0 l&#8217;origine connue sous le nom de maison Kuti et Kuthy Hall parmi les habitants [&hellip;] <\/p><\/div>\n<\/li><li class=\"wp-block-post post-1244 post type-post status-publish format-standard has-post-thumbnail hentry category-non-classifiee\">\n<figure class=\"mb-4 wp-block-post-featured-image\"><a href=\"https:\/\/muveszvolgykuria.eu\/fr\/non-classifiee\/concert-dadieu-dete-a-kapolcs-avec-theatre-de-rue\/\" target=\"_self\" ><img width=\"300\" height=\"200\" src=\"https:\/\/muveszvolgykuria.eu\/app\/uploads\/2023\/03\/bondoro-300x200.webp\" class=\"attachment-medium size-medium wp-post-image\" alt=\"Concert d&#8217;adieu d&#8217;\u00e9t\u00e9 \u00e0 Kapolcs avec th\u00e9\u00e2tre de rue\" decoding=\"async\" loading=\"lazy\" srcset=\"https:\/\/muveszvolgykuria.eu\/app\/uploads\/2023\/03\/bondoro-300x200.webp 300w, https:\/\/muveszvolgykuria.eu\/app\/uploads\/2023\/03\/bondoro-1024x683.webp 1024w, https:\/\/muveszvolgykuria.eu\/app\/uploads\/2023\/03\/bondoro-768x512.webp 768w, https:\/\/muveszvolgykuria.eu\/app\/uploads\/2023\/03\/bondoro.webp 1220w\" sizes=\"(max-width: 300px) 100vw, 300px\" \/><\/a><\/figure>\n\n<h2 class=\"h4 fw-bold mb-3 wp-block-post-title\"><a href=\"https:\/\/muveszvolgykuria.eu\/fr\/non-classifiee\/concert-dadieu-dete-a-kapolcs-avec-theatre-de-rue\/\" target=\"_self\" >Concert d&#8217;adieu d&#8217;\u00e9t\u00e9 \u00e0 Kapolcs avec th\u00e9\u00e2tre de rue<\/a><\/h2>\n\n<div class=\"text-muted mb-2 wp-block-post-date\"><time datetime=\"2020-09-14T15:27:00+02:00\">2020.09.14.<\/time><\/div>\n\n<div class=\"text-body wp-block-post-excerpt\"><p class=\"wp-block-post-excerpt__excerpt\">Pour la deuxi\u00e8me fois cette ann\u00e9e, le Bondor\u00f3 Street Theatre Festival se tiendra comme \u00e9v\u00e9nement d&#8217;adieu d&#8217;\u00e9t\u00e9 du 28 au 30 ao\u00fbt pour attirer des [&hellip;] <\/p><\/div>\n<\/li><li class=\"wp-block-post post-1236 post type-post status-publish format-standard has-post-thumbnail hentry category-non-classifiee\">\n<figure class=\"mb-4 wp-block-post-featured-image\"><a href=\"https:\/\/muveszvolgykuria.eu\/fr\/non-classifiee\/ceremonie-douverture-du-art-valley-hall\/\" target=\"_self\" ><img width=\"300\" height=\"200\" src=\"https:\/\/muveszvolgykuria.eu\/app\/uploads\/2023\/03\/megnyito-300x200.webp\" class=\"attachment-medium size-medium wp-post-image\" alt=\"C\u00e9r\u00e9monie d&#8217;ouverture du Art Valley Hall\" decoding=\"async\" loading=\"lazy\" srcset=\"https:\/\/muveszvolgykuria.eu\/app\/uploads\/2023\/03\/megnyito-300x200.webp 300w, https:\/\/muveszvolgykuria.eu\/app\/uploads\/2023\/03\/megnyito-768x513.webp 768w, https:\/\/muveszvolgykuria.eu\/app\/uploads\/2023\/03\/megnyito.webp 800w\" sizes=\"(max-width: 300px) 100vw, 300px\" \/><\/a><\/figure>\n\n<h2 class=\"h4 fw-bold mb-3 wp-block-post-title\"><a href=\"https:\/\/muveszvolgykuria.eu\/fr\/non-classifiee\/ceremonie-douverture-du-art-valley-hall\/\" target=\"_self\" >C\u00e9r\u00e9monie d&#8217;ouverture du Art Valley Hall<\/a><\/h2>\n\n<div class=\"text-muted mb-2 wp-block-post-date\"><time datetime=\"2020-09-03T15:29:00+02:00\">2020.09.03.<\/time><\/div>\n\n<div class=\"text-body wp-block-post-excerpt\"><p class=\"wp-block-post-excerpt__excerpt\">L&#8217;ArtValley Hall ouvre ses portes en septembre en tant que nouveau centre communautaire et culturel \u00e0 Kapolcs. Nous pr\u00e9senterons la nouvelle place de la ville, [&hellip;] <\/p><\/div>\n<\/li><li class=\"wp-block-post post-1234 post type-post status-publish format-standard has-post-thumbnail hentry category-non-classifiee\">\n<figure class=\"mb-4 wp-block-post-featured-image\"><a href=\"https:\/\/muveszvolgykuria.eu\/fr\/non-classifiee\/le-muveszvolgy-kuria-demarre-ses-programmes-en-janvier\/\" target=\"_self\" ><img width=\"300\" height=\"191\" src=\"https:\/\/muveszvolgykuria.eu\/app\/uploads\/2023\/03\/lovasi-300x191.webp\" class=\"attachment-medium size-medium wp-post-image\" alt=\"Le M\u0171v\u00e9szV\u00f6lgy K\u00faria d\u00e9marre ses programmes en janvier\" decoding=\"async\" loading=\"lazy\" srcset=\"https:\/\/muveszvolgykuria.eu\/app\/uploads\/2023\/03\/lovasi-300x191.webp 300w, https:\/\/muveszvolgykuria.eu\/app\/uploads\/2023\/03\/lovasi.webp 480w\" sizes=\"(max-width: 300px) 100vw, 300px\" \/><\/a><\/figure>\n\n<h2 class=\"h4 fw-bold mb-3 wp-block-post-title\"><a href=\"https:\/\/muveszvolgykuria.eu\/fr\/non-classifiee\/le-muveszvolgy-kuria-demarre-ses-programmes-en-janvier\/\" target=\"_self\" >Le M\u0171v\u00e9szV\u00f6lgy K\u00faria d\u00e9marre ses programmes en janvier<\/a><\/h2>\n\n<div class=\"text-muted mb-2 wp-block-post-date\"><time datetime=\"2020-09-03T15:24:00+02:00\">2020.09.03.<\/time><\/div>\n\n<div class=\"text-body wp-block-post-excerpt\"><p class=\"wp-block-post-excerpt__excerpt\">En raison de la pand\u00e9mie, nous avons report\u00e9 les programmes pour qu&#8217;ils aient lieu \u00e0 partir du 23 janvier 2021. Il y aura des programmes [&hellip;] <\/p><\/div>\n<\/li><li class=\"wp-block-post post-1242 post type-post status-publish format-standard has-post-thumbnail hentry category-non-classifiee\">\n<figure class=\"mb-4 wp-block-post-featured-image\"><a href=\"https:\/\/muveszvolgykuria.eu\/fr\/non-classifiee\/rendez-vous-aux-week-ends-de-la-vallee\/\" target=\"_self\" ><img width=\"300\" height=\"215\" src=\"https:\/\/muveszvolgykuria.eu\/app\/uploads\/2023\/03\/volgyhetvege-300x215.webp\" class=\"attachment-medium size-medium wp-post-image\" alt=\"Rendez-vous aux week-ends de la vall\u00e9e!\" decoding=\"async\" loading=\"lazy\" srcset=\"https:\/\/muveszvolgykuria.eu\/app\/uploads\/2023\/03\/volgyhetvege-300x215.webp 300w, https:\/\/muveszvolgykuria.eu\/app\/uploads\/2023\/03\/volgyhetvege.webp 604w\" sizes=\"(max-width: 300px) 100vw, 300px\" \/><\/a><\/figure>\n\n<h2 class=\"h4 fw-bold mb-3 wp-block-post-title\"><a href=\"https:\/\/muveszvolgykuria.eu\/fr\/non-classifiee\/rendez-vous-aux-week-ends-de-la-vallee\/\" target=\"_self\" >Rendez-vous aux week-ends de la vall\u00e9e!<\/a><\/h2>\n\n<div class=\"text-muted mb-2 wp-block-post-date\"><time datetime=\"2020-08-03T15:27:00+02:00\">2020.08.03.<\/time><\/div>\n\n<div class=\"text-body wp-block-post-excerpt\"><p class=\"wp-block-post-excerpt__excerpt\">L&#8217;\u00e9quipe de la Valley of Arts accueille la foule lors de quatre week-ends de la vall\u00e9e cet automne \u00e0 Kapolcs \u00e9galement au ArtValley Hall r\u00e9cemment [&hellip;] <\/p><\/div>\n<\/li><li class=\"wp-block-post post-1238 post type-post status-publish format-standard has-post-thumbnail hentry category-non-classifiee\">\n<figure class=\"mb-4 wp-block-post-featured-image\"><a href=\"https:\/\/muveszvolgykuria.eu\/fr\/non-classifiee\/kofeszt\/\" target=\"_self\" ><img width=\"300\" height=\"215\" src=\"https:\/\/muveszvolgykuria.eu\/app\/uploads\/2023\/03\/kofeszt-300x215.webp\" class=\"attachment-medium size-medium wp-post-image\" alt=\"K\u0151feszt\" decoding=\"async\" loading=\"lazy\" srcset=\"https:\/\/muveszvolgykuria.eu\/app\/uploads\/2023\/03\/kofeszt-300x215.webp 300w, https:\/\/muveszvolgykuria.eu\/app\/uploads\/2023\/03\/kofeszt.webp 604w\" sizes=\"(max-width: 300px) 100vw, 300px\" \/><\/a><\/figure>\n\n<h2 class=\"h4 fw-bold mb-3 wp-block-post-title\"><a href=\"https:\/\/muveszvolgykuria.eu\/fr\/non-classifiee\/kofeszt\/\" target=\"_self\" >K\u0151feszt<\/a><\/h2>\n\n<div class=\"text-muted mb-2 wp-block-post-date\"><time datetime=\"0202-08-19T15:29:00+01:16\">0202.08.19.<\/time><\/div>\n\n<div class=\"text-body wp-block-post-excerpt\"><p class=\"wp-block-post-excerpt__excerpt\">La s\u00e9rie de programmes K\u0150FESZT concerne tous les \u00e9tablissements du bassin de K\u00e1li avec des programmes litt\u00e9raires, des concerts, des expositions et des tables rondes. <\/p><\/div>\n<\/li><\/ul>\n\n\n\n<\/div>\n","protected":false},"excerpt":{"rendered":"<p>Ervaringen in de vallei, het hele jaar door In het hart van Kapolcs brengt het M\u0171v\u00e9szV\u00f6lgy K\u00faria-complex het culturele en recreatieve erfgoed van het M\u0171v\u00e9szetek [&hellip;]<\/p>\n","protected":false},"author":1,"featured_media":0,"parent":0,"menu_order":0,"comment_status":"closed","ping_status":"closed","template":"","meta":[],"acf":[],"_links":{"self":[{"href":"https:\/\/muveszvolgykuria.eu\/fr\/wp-json\/wp\/v2\/pages\/1078"}],"collection":[{"href":"https:\/\/muveszvolgykuria.eu\/fr\/wp-json\/wp\/v2\/pages"}],"about":[{"href":"https:\/\/muveszvolgykuria.eu\/fr\/wp-json\/wp\/v2\/types\/page"}],"author":[{"embeddable":true,"href":"https:\/\/muveszvolgykuria.eu\/fr\/wp-json\/wp\/v2\/users\/1"}],"replies":[{"embeddable":true,"href":"https:\/\/muveszvolgykuria.eu\/fr\/wp-json\/wp\/v2\/comments?post=1078"}],"version-history":[{"count":4,"href":"https:\/\/muveszvolgykuria.eu\/fr\/wp-json\/wp\/v2\/pages\/1078\/revisions"}],"predecessor-version":[{"id":4626,"href":"https:\/\/muveszvolgykuria.eu\/fr\/wp-json\/wp\/v2\/pages\/1078\/revisions\/4626"}],"wp:attachment":[{"href":"https:\/\/muveszvolgykuria.eu\/fr\/wp-json\/wp\/v2\/media?parent=1078"}],"curies":[{"name":"wp","href":"https:\/\/api.w.org\/{rel}","templated":true}]}}