{"id":1519,"date":"2023-03-24T00:24:09","date_gmt":"2023-03-23T23:24:09","guid":{"rendered":"https:\/\/muveszvolgykuria.t.onlab.hu\/?page_id=1519"},"modified":"2023-06-13T09:39:43","modified_gmt":"2023-06-13T07:39:43","slug":"kerekparos-kozpont","status":"publish","type":"page","link":"https:\/\/muveszvolgykuria.eu\/fr\/kerekparos-kozpont\/","title":{"rendered":"V\u00e9lo"},"content":{"rendered":"\n<h1 class=\"has-text-align-center\">Centre de cyclisme BalatonBike365<\/h1>\n\n\n\n<div class=\"is-layout-flex wp-container-4 wp-block-columns\">\n<div class=\"is-layout-flow wp-block-column\" style=\"flex-basis:50%\">\n<figure class=\"wp-block-image size-large\"><img decoding=\"async\" loading=\"lazy\" width=\"1024\" height=\"768\" src=\"https:\/\/muveszvolgykuria.t.onlab.hu\/app\/uploads\/2023\/03\/8c8308cd2-1024x768.jpg\" alt=\"\" class=\"wp-image-342\" srcset=\"https:\/\/muveszvolgykuria.eu\/app\/uploads\/2023\/03\/8c8308cd2-1024x768.jpg 1024w, https:\/\/muveszvolgykuria.eu\/app\/uploads\/2023\/03\/8c8308cd2-300x225.jpg 300w, https:\/\/muveszvolgykuria.eu\/app\/uploads\/2023\/03\/8c8308cd2-768x576.jpg 768w, https:\/\/muveszvolgykuria.eu\/app\/uploads\/2023\/03\/8c8308cd2.jpg 1118w\" sizes=\"(max-width: 1024px) 100vw, 1024px\" \/><\/figure>\n<\/div>\n\n\n\n<div class=\"is-layout-flow wp-block-column\" style=\"flex-basis:50%\">\n<p>\u00c0 Kapolcs, le BalatonBike365 Bicycle Center op\u00e8re dans le b\u00e2timent lat\u00e9ral du manoir M\u0171v\u00e9szV\u00f6lgy, o\u00f9 vous attendent les derniers v\u00e9los \u00e9lectriques de cat\u00e9gorie premium, que vous pouvez louer ou tester lors de nos visites guid\u00e9es ! Un magasin et un service de location de v\u00e9los, un service de v\u00e9los et un chargeur \u00e9lectrique sont disponibles dans le centre, tandis que les autres programmes et le caf\u00e9 du M\u0171v\u00e9szV\u00f6lgy K\u00faria sont \u00e9galement \u00e0 votre disposition. Vous pouvez vous pr\u00e9-inscrire pour les visites et la location de v\u00e9los sur le site Web Balaton Bike Tour, en utilisant le lien ci-dessous. Louez un v\u00e9lo et explorez le sud de Bakony et le lac Balaton sur deux roues !<\/p>\n\n\n\n<h3>Contacts:<\/h3>\n\n\n\n<p>Adresse:&nbsp;Kapolcs, Kossuth utca 42.<br>T\u00e9l\u00e9phone:&nbsp;<a href=\"tel:+36307372201\">+36307372201<\/a><br>E-mail:&nbsp;<a href=\"mailto:info@balatonbiketour.com\">info@balatonbiketour.com<\/a><\/p>\n\n\n\n<div class=\"is-layout-flex wp-block-buttons\">\n<div class=\"wp-block-button\" style=\"font-style:normal;font-weight:600\"><a class=\"wp-block-button__link has-white-color has-primary-background-color has-text-color has-background wp-element-button\" href=\"https:\/\/www.balatonbiketour.com\/bbt-hely\/bb365-kapolcs\" target=\"_blank\" rel=\"noreferrer noopener\">Aller \u00e0 la page BBT<\/a><\/div>\n\n\n\n<div class=\"wp-block-button\" style=\"font-style:normal;font-weight:600\"><a class=\"wp-block-button__link has-white-color has-primary-background-color has-text-color has-background wp-element-button\" href=\"https:\/\/www.balatonbike365.hu\/en\" target=\"_blank\" rel=\"noreferrer noopener\">Aller \u00e0 la page BB365<\/a><\/div>\n\n\n\n<div class=\"wp-block-button\" style=\"font-style:normal;font-weight:600\"><a class=\"wp-block-button__link has-white-color has-primary-background-color has-text-color has-background wp-element-button\" href=\"https:\/\/www.balatonbiketour.com\/img\/bbt-katalogus-2023.pdf\">BBT catalogue<\/a><\/div>\n<\/div>\n<\/div>\n<\/div>\n","protected":false},"excerpt":{"rendered":"<p>Centre de cyclisme BalatonBike365 \u00c0 Kapolcs, le BalatonBike365 Bicycle Center op\u00e8re dans le b\u00e2timent lat\u00e9ral du manoir M\u0171v\u00e9szV\u00f6lgy, o\u00f9 vous attendent les derniers v\u00e9los \u00e9lectriques [&hellip;]<\/p>\n","protected":false},"author":1,"featured_media":0,"parent":0,"menu_order":0,"comment_status":"closed","ping_status":"closed","template":"","meta":[],"acf":[],"_links":{"self":[{"href":"https:\/\/muveszvolgykuria.eu\/fr\/wp-json\/wp\/v2\/pages\/1519"}],"collection":[{"href":"https:\/\/muveszvolgykuria.eu\/fr\/wp-json\/wp\/v2\/pages"}],"about":[{"href":"https:\/\/muveszvolgykuria.eu\/fr\/wp-json\/wp\/v2\/types\/page"}],"author":[{"embeddable":true,"href":"https:\/\/muveszvolgykuria.eu\/fr\/wp-json\/wp\/v2\/users\/1"}],"replies":[{"embeddable":true,"href":"https:\/\/muveszvolgykuria.eu\/fr\/wp-json\/wp\/v2\/comments?post=1519"}],"version-history":[{"count":4,"href":"https:\/\/muveszvolgykuria.eu\/fr\/wp-json\/wp\/v2\/pages\/1519\/revisions"}],"predecessor-version":[{"id":2084,"href":"https:\/\/muveszvolgykuria.eu\/fr\/wp-json\/wp\/v2\/pages\/1519\/revisions\/2084"}],"wp:attachment":[{"href":"https:\/\/muveszvolgykuria.eu\/fr\/wp-json\/wp\/v2\/media?parent=1519"}],"curies":[{"name":"wp","href":"https:\/\/api.w.org\/{rel}","templated":true}]}}