{"id":1245,"date":"2023-03-17T19:16:52","date_gmt":"2023-03-17T18:16:52","guid":{"rendered":"https:\/\/muveszvolgykuria.t.onlab.hu\/?page_id=1245"},"modified":"2023-03-24T17:52:38","modified_gmt":"2023-03-24T16:52:38","slug":"ponuda","status":"publish","type":"page","link":"https:\/\/muveszvolgykuria.eu\/hr\/ponuda\/","title":{"rendered":"Ponuda"},"content":{"rendered":"\n<p><\/p>\n\n\n\n<h2>Ponuda<\/h2>\n\n\n\n<h3>Renoviranje dvorane Kuthy i okolice<\/h3>\n\n\n\n<p><br><strong>Identifikacija projekta:<\/strong> GINOP-7.1.9-17-2018-00006<\/p>\n\n\n\n<p><strong>Iznos fonda: <\/strong>319.746.305, -Ft<\/p>\n\n\n\n<p><strong>Intenzitet financiranja projekta:<\/strong> 100% bespovratni fond<\/p>\n\n\n\n<p><strong>Kraj projekta:<\/strong> 2020. 30. rujna<\/p>\n\n\n\n<p><strong>Ime korisnika:<\/strong> OXO Properties Settlement Development Nonprofit Ltd., Op\u0107ina Kapolcs, Ma\u0111arska turisti\u010dka agencija doo<\/p>\n\n\n\n<p>Opis projekta:<\/p>\n\n\n\n<p>Kapolcs je mjesto godi\u0161njeg festivala &#8220;Dolina umjetnosti&#8221;. Festival je popularan ne samo u regiji ve\u0107 i \u0161irom zemlje u zemlji. Festival je veliko naslije\u0111e za mje\u0161tane koji su u stara vremena bili trgovci. Dvorana Kuthy ima va\u017enu ulogu na festivalu i slu\u017ei kao kino za dobro poznate filmove. Kao posljedica lo\u0161ih uvjeta u dvorani, mogu\u0107nosti zgrade su ograni\u010dene i koncentrirane na ljetne mjesece.<\/p>\n\n\n\n<p>Razvoj dvorane Kuthy povezan je sa o\u010duvanjem regije i stavlja veliku empatiju u njegovanje ba\u0161tine regije. Osim toga, dvorana Kuthy nalazi se pod povijesnom za\u0161titom i ima veliku kulturnu va\u017enost &#8211; renoviranjem dvorane i dodavanjem novih funkcija zgradi, pove\u0107at \u0107e zadovoljstvo posjetitelja i kulturnu ba\u0161tinu regije.<\/p>\n\n\n\n<p>O\u010dekivani posjetitelji dvorane Kuthy: 5400 ljudi.<\/p>\n\n\n\n<p><\/p>\n\n\n\n<p><\/p>\n\n\n\n<p><\/p>\n\n\n\n<figure class=\"wp-block-image size-large\"><img decoding=\"async\" loading=\"lazy\" width=\"1024\" height=\"229\" src=\"https:\/\/muveszvolgykuria.t.onlab.hu\/app\/uploads\/2023\/03\/wow_banner_fekvo_szoveg_v2-1024x229.png\" alt=\"\" class=\"wp-image-341\" srcset=\"https:\/\/muveszvolgykuria.eu\/app\/uploads\/2023\/03\/wow_banner_fekvo_szoveg_v2-1024x229.png 1024w, https:\/\/muveszvolgykuria.eu\/app\/uploads\/2023\/03\/wow_banner_fekvo_szoveg_v2-300x67.png 300w, https:\/\/muveszvolgykuria.eu\/app\/uploads\/2023\/03\/wow_banner_fekvo_szoveg_v2-768x171.png 768w, https:\/\/muveszvolgykuria.eu\/app\/uploads\/2023\/03\/wow_banner_fekvo_szoveg_v2-1536x343.png 1536w, https:\/\/muveszvolgykuria.eu\/app\/uploads\/2023\/03\/wow_banner_fekvo_szoveg_v2-2048x457.png 2048w\" sizes=\"(max-width: 1024px) 100vw, 1024px\" \/><\/figure>\n\n\n\n<p>A projekt c\u00edme: A kapolcsi M\u0171v\u00e9szv\u00f6lgy K\u00faria k\u00f6rnyezet\u00e9nek tov\u00e1bbi turisztikai c\u00e9l\u00fa fejleszt\u00e9se<br>Azonos\u00edt\u00f3 sz\u00e1ma: ET-2021-02-062<br>Kedvezm\u00e9nyezett neve \u00e9s c\u00edme: M\u0171v\u00e9szv\u00f6lgy K\u00faria Nonprofit Kft (8294 Kapolcs, Kossuth L. u. 48.)<br>A t\u00e1mogat\u00e1s \u00f6sszege: 425.410.900,- Ft<\/p>\n\n\n\n<p>A t\u00e1mogat\u00e1s m\u00e9rt\u00e9ke (%-ban): 100%<\/p>\n\n\n\n<p>A t\u00e1mogatott projekt tartalm\u00e1nak r\u00f6vid bemutat\u00e1sa: A M\u0171v\u00e9szv\u00f6lgy K\u00faria oldals\u00f3 \u00e9p\u00fcletei, a m\u00e1r 2021-ben elk\u00e9sz\u00fclt f\u0151 \u00e9p\u00fclettel egys\u00e9gben a kultur\u00e1lis \u00e9s fesztiv\u00e1l turizmus egyik kiemelked\u0151 helysz\u00ednek\u00e9nt funkcion\u00e1l. A fejleszt\u00e9snek k\u00f6sz\u00f6nhet\u0151en ker\u00e9kp\u00e1ros pont, nyitott bemutat\u00f3 t\u00e9r, mosd\u00f3k \u00e9s zuhanyz\u00f3, valamint egy k\u00e9zm\u0171ves sajtkonyha ker\u00fclt kialak\u00edt\u00e1sra.<\/p>\n\n\n\n<p>A t\u00e1mogatott projekt befejez\u00e9si d\u00e1tuma (ha megval\u00f3sult, akkor a t\u00e9nyleges befejez\u00e9s): 2023. m\u00e1rcius 31.<\/p>\n","protected":false},"excerpt":{"rendered":"<p>Ponuda Renoviranje dvorane Kuthy i okolice Identifikacija projekta: GINOP-7.1.9-17-2018-00006 Iznos fonda: 319.746.305, -Ft Intenzitet financiranja projekta: 100% bespovratni fond Kraj projekta: 2020. 30. rujna Ime [&hellip;]<\/p>\n","protected":false},"author":1,"featured_media":0,"parent":0,"menu_order":0,"comment_status":"closed","ping_status":"closed","template":"","meta":[],"acf":[],"_links":{"self":[{"href":"https:\/\/muveszvolgykuria.eu\/hr\/wp-json\/wp\/v2\/pages\/1245"}],"collection":[{"href":"https:\/\/muveszvolgykuria.eu\/hr\/wp-json\/wp\/v2\/pages"}],"about":[{"href":"https:\/\/muveszvolgykuria.eu\/hr\/wp-json\/wp\/v2\/types\/page"}],"author":[{"embeddable":true,"href":"https:\/\/muveszvolgykuria.eu\/hr\/wp-json\/wp\/v2\/users\/1"}],"replies":[{"embeddable":true,"href":"https:\/\/muveszvolgykuria.eu\/hr\/wp-json\/wp\/v2\/comments?post=1245"}],"version-history":[{"count":1,"href":"https:\/\/muveszvolgykuria.eu\/hr\/wp-json\/wp\/v2\/pages\/1245\/revisions"}],"predecessor-version":[{"id":1252,"href":"https:\/\/muveszvolgykuria.eu\/hr\/wp-json\/wp\/v2\/pages\/1245\/revisions\/1252"}],"wp:attachment":[{"href":"https:\/\/muveszvolgykuria.eu\/hr\/wp-json\/wp\/v2\/media?parent=1245"}],"curies":[{"name":"wp","href":"https:\/\/api.w.org\/{rel}","templated":true}]}}