{"id":1334,"date":"2023-03-22T18:49:53","date_gmt":"2023-03-22T17:49:53","guid":{"rendered":"https:\/\/muveszvolgykuria.t.onlab.hu\/?page_id=1334"},"modified":"2023-03-28T20:05:19","modified_gmt":"2023-03-28T18:05:19","slug":"trenutni-projekti","status":"publish","type":"page","link":"https:\/\/muveszvolgykuria.eu\/hr\/trenutni-projekti\/","title":{"rendered":"Trenutni projekti"},"content":{"rendered":"\n<div class=\"is-layout-flex wp-container-3 wp-block-columns\">\n<div class=\"is-layout-flow wp-block-column\">\n<figure class=\"wp-block-image size-full is-style-rounded-corners\"><img decoding=\"async\" loading=\"lazy\" width=\"940\" height=\"788\" src=\"http:\/\/ransom.lan\/app\/uploads\/2023\/03\/60b70773-f7e9-4b44-a4c8-b74482c9d8d4_MB1vA9szVB6lgyKBAria-PajtaProgram29.webp\" alt=\"\" class=\"wp-image-34\" srcset=\"https:\/\/muveszvolgykuria.eu\/app\/uploads\/2023\/03\/60b70773-f7e9-4b44-a4c8-b74482c9d8d4_MB1vA9szVB6lgyKBAria-PajtaProgram29.webp 940w, https:\/\/muveszvolgykuria.eu\/app\/uploads\/2023\/03\/60b70773-f7e9-4b44-a4c8-b74482c9d8d4_MB1vA9szVB6lgyKBAria-PajtaProgram29-300x251.webp 300w, https:\/\/muveszvolgykuria.eu\/app\/uploads\/2023\/03\/60b70773-f7e9-4b44-a4c8-b74482c9d8d4_MB1vA9szVB6lgyKBAria-PajtaProgram29-768x644.webp 768w\" sizes=\"(max-width: 940px) 100vw, 940px\" \/><\/figure>\n<\/div>\n\n\n\n<div class=\"is-layout-flow wp-block-column\">\n<h3>Do\u017eivljaj doline zimi i ljeti<\/h3>\n\n\n\n<p>U sredi\u0161tu Kapolcsa, kompleks zgrada M\u0171v\u00e9szV\u00f6lgy K\u00faria o\u017eivljava i \u010dini dostupnima kulturnu raznolikost i iskustva u slobodno vrijeme M\u0171v\u00e9sztek V\u00f6lgye tijekom cijele godine. Njegova kultna glavna zgrada, ljetnikovac Kuthy, koji je renoviran iznutra i izvana 2020., nudi sadr\u017eajnu zabavu za mlade i stare s raznolikim kulturnim, umjetni\u010dkim i znanstvenim programima te interaktivnim izlo\u017ebama. Biciklisti\u010dki centar koji radi u bo\u010dnoj zgradi K\u00faria nudi razne ture na elektri\u010dnim biciklima najnovije premium kategorije za one koje zanimaju prirodne ljepote podru\u010dja. U vanjskom prostoru zajednice okru\u017eenom kompleksom zgrada, kazali\u0161na zgrada barn koju je stvorio HelloWood pru\u017ea prostor za ve\u0107e izvedbe na otvorenom, filmske projekcije i profesionalne programe. U 2023. godini, izme\u0111u ostalih, na\u0161i \u0107e gosti biti renomirani umjetnici i stvaratelji kao \u0161to su Kriszti\u00e1n Grecs\u00f3, D\u00e1niel Gryllus, boebeck, H. Mikl\u00f3s Vecsei ili bra\u0107a L\u00e1z\u00e1r. Doga\u0111anja programa Pajta ove \u0107e se godine odvijati u sklopu programa Veszpr\u00e9m-Balaton 2023. Europska prijestolnica kulture.<\/p>\n<\/div>\n<\/div>\n\n\n\n<h2 class=\"has-text-align-center\">Trenutni projekti<\/h2>\n\n\n\n<div class=\"is-layout-flow wp-block-query\"><ul class=\"is-layout-flow is-flex-container columns-3 mb-4 wp-block-post-template\"><li class=\"wp-block-post post-1135 post type-post status-publish format-standard has-post-thumbnail hentry category-uncategorized-hr\">\n<figure class=\"mb-4 wp-block-post-featured-image\"><a href=\"https:\/\/muveszvolgykuria.eu\/hr\/uncategorized-hr\/vera-jonas-i-andras-lovasi-u-listopadu-dolaze-u-kapolcs\/\" target=\"_self\" ><img width=\"300\" height=\"193\" src=\"https:\/\/muveszvolgykuria.eu\/app\/uploads\/2023\/03\/jonasvera-300x193.webp\" class=\"attachment-medium size-medium wp-post-image\" alt=\"Vera J\u00f3n\u00e1s i Andr\u00e1s Lovasi u listopadu dolaze u Kapolcs!\" decoding=\"async\" loading=\"lazy\" srcset=\"https:\/\/muveszvolgykuria.eu\/app\/uploads\/2023\/03\/jonasvera-300x193.webp 300w, https:\/\/muveszvolgykuria.eu\/app\/uploads\/2023\/03\/jonasvera.webp 655w\" sizes=\"(max-width: 300px) 100vw, 300px\" \/><\/a><\/figure>\n\n<h2 class=\"h4 fw-bold mb-3 wp-block-post-title\"><a href=\"https:\/\/muveszvolgykuria.eu\/hr\/uncategorized-hr\/vera-jonas-i-andras-lovasi-u-listopadu-dolaze-u-kapolcs\/\" target=\"_self\" >Vera J\u00f3n\u00e1s i Andr\u00e1s Lovasi u listopadu dolaze u Kapolcs!<\/a><\/h2>\n\n<div class=\"text-muted mb-2 wp-block-post-date\"><time datetime=\"2021-09-15T15:25:00+02:00\">2021.09.15.<\/time><\/div>\n\n<div class=\"text-body wp-block-post-excerpt\"><p class=\"wp-block-post-excerpt__excerpt\">Vikendima u dolini su gotovi, a 30. umjetni\u010dka dolina odr\u017eat \u0107e se samo 2021. izme\u0111u 23. srpnja i 1. kolovoza. Ne brinite, me\u0111utim, jer \u0107e [&hellip;] <\/p><\/div>\n<\/li><li class=\"wp-block-post post-1128 post type-post status-publish format-standard has-post-thumbnail hentry category-uncategorized-hr\">\n<figure class=\"mb-4 wp-block-post-featured-image\"><a href=\"https:\/\/muveszvolgykuria.eu\/hr\/uncategorized-hr\/proslost-i-prisutnost-dvorane-kapolcs-artvalley\/\" target=\"_self\" ><img width=\"300\" height=\"200\" src=\"https:\/\/muveszvolgykuria.eu\/app\/uploads\/2023\/03\/kuria2-300x200.webp\" class=\"attachment-medium size-medium wp-post-image\" alt=\"Pro\u0161lost i prisutnost dvorane Kapolcs ArtValley\" decoding=\"async\" loading=\"lazy\" srcset=\"https:\/\/muveszvolgykuria.eu\/app\/uploads\/2023\/03\/kuria2-300x200.webp 300w, https:\/\/muveszvolgykuria.eu\/app\/uploads\/2023\/03\/kuria2-1024x682.webp 1024w, https:\/\/muveszvolgykuria.eu\/app\/uploads\/2023\/03\/kuria2-768x512.webp 768w, https:\/\/muveszvolgykuria.eu\/app\/uploads\/2023\/03\/kuria2.webp 1220w\" sizes=\"(max-width: 300px) 100vw, 300px\" \/><\/a><\/figure>\n\n<h2 class=\"h4 fw-bold mb-3 wp-block-post-title\"><a href=\"https:\/\/muveszvolgykuria.eu\/hr\/uncategorized-hr\/proslost-i-prisutnost-dvorane-kapolcs-artvalley\/\" target=\"_self\" >Pro\u0161lost i prisutnost dvorane Kapolcs ArtValley<\/a><\/h2>\n\n<div class=\"text-muted mb-2 wp-block-post-date\"><time datetime=\"2020-10-02T15:23:00+02:00\">2020.10.02.<\/time><\/div>\n\n<div class=\"text-body wp-block-post-excerpt\"><p class=\"wp-block-post-excerpt__excerpt\">Dvorana, otvorena i u potpunosti obnovljena 2020. u rujnu, me\u0111u stanovnicima Kapolcsa bila je izvorno poznata kao ku\u0107a Kuti i Kuthy Hall, a posjetitelji doline [&hellip;] <\/p><\/div>\n<\/li><li class=\"wp-block-post post-1131 post type-post status-publish format-standard has-post-thumbnail hentry category-uncategorized-hr\">\n<figure class=\"mb-4 wp-block-post-featured-image\"><a href=\"https:\/\/muveszvolgykuria.eu\/hr\/uncategorized-hr\/ljetna-oprostajna-svirka-u-kapolcsu-s-ulicnim-kazalistem\/\" target=\"_self\" ><img width=\"300\" height=\"200\" src=\"https:\/\/muveszvolgykuria.eu\/app\/uploads\/2023\/03\/bondoro-300x200.webp\" class=\"attachment-medium size-medium wp-post-image\" alt=\"Ljetna opro\u0161tajna svirka u Kapolcsu s uli\u010dnim kazali\u0161tem\" decoding=\"async\" loading=\"lazy\" srcset=\"https:\/\/muveszvolgykuria.eu\/app\/uploads\/2023\/03\/bondoro-300x200.webp 300w, https:\/\/muveszvolgykuria.eu\/app\/uploads\/2023\/03\/bondoro-1024x683.webp 1024w, https:\/\/muveszvolgykuria.eu\/app\/uploads\/2023\/03\/bondoro-768x512.webp 768w, https:\/\/muveszvolgykuria.eu\/app\/uploads\/2023\/03\/bondoro.webp 1220w\" sizes=\"(max-width: 300px) 100vw, 300px\" \/><\/a><\/figure>\n\n<h2 class=\"h4 fw-bold mb-3 wp-block-post-title\"><a href=\"https:\/\/muveszvolgykuria.eu\/hr\/uncategorized-hr\/ljetna-oprostajna-svirka-u-kapolcsu-s-ulicnim-kazalistem\/\" target=\"_self\" >Ljetna opro\u0161tajna svirka u Kapolcsu s uli\u010dnim kazali\u0161tem<\/a><\/h2>\n\n<div class=\"text-muted mb-2 wp-block-post-date\"><time datetime=\"2020-09-14T15:27:00+02:00\">2020.09.14.<\/time><\/div>\n\n<div class=\"text-body wp-block-post-excerpt\"><p class=\"wp-block-post-excerpt__excerpt\">Po drugi put ove godine Festival uli\u010dnog kazali\u0161ta Bondor\u00f3 odr\u017eat \u0107e se kao ljetni opro\u0161tajni doga\u0111aj izme\u0111u 28. i 30. kolovoza kako bi privukao posjetitelje [&hellip;] <\/p><\/div>\n<\/li><li class=\"wp-block-post post-1126 post type-post status-publish format-standard has-post-thumbnail hentry category-uncategorized-hr\">\n<figure class=\"mb-4 wp-block-post-featured-image\"><a href=\"https:\/\/muveszvolgykuria.eu\/hr\/uncategorized-hr\/ceremonija-otvaranja-dvorane-art-valley\/\" target=\"_self\" ><img width=\"300\" height=\"200\" src=\"https:\/\/muveszvolgykuria.eu\/app\/uploads\/2023\/03\/megnyito-300x200.webp\" class=\"attachment-medium size-medium wp-post-image\" alt=\"Ceremonija otvaranja dvorane Art Valley\" decoding=\"async\" loading=\"lazy\" srcset=\"https:\/\/muveszvolgykuria.eu\/app\/uploads\/2023\/03\/megnyito-300x200.webp 300w, https:\/\/muveszvolgykuria.eu\/app\/uploads\/2023\/03\/megnyito-768x513.webp 768w, https:\/\/muveszvolgykuria.eu\/app\/uploads\/2023\/03\/megnyito.webp 800w\" sizes=\"(max-width: 300px) 100vw, 300px\" \/><\/a><\/figure>\n\n<h2 class=\"h4 fw-bold mb-3 wp-block-post-title\"><a href=\"https:\/\/muveszvolgykuria.eu\/hr\/uncategorized-hr\/ceremonija-otvaranja-dvorane-art-valley\/\" target=\"_self\" >Ceremonija otvaranja dvorane Art Valley<\/a><\/h2>\n\n<div class=\"text-muted mb-2 wp-block-post-date\"><time datetime=\"2020-09-03T15:29:00+02:00\">2020.09.03.<\/time><\/div>\n\n<div class=\"text-body wp-block-post-excerpt\"><p class=\"wp-block-post-excerpt__excerpt\">Dvorana ArtValley otvara svoja vrata u rujnu kao novo sredi\u0161te za zajednicu i kulturu u Kapolcsu. Predstavit \u0107emo novi gradski trg, dvoranu, a na sve\u010danosti [&hellip;] <\/p><\/div>\n<\/li><li class=\"wp-block-post post-1122 post type-post status-publish format-standard has-post-thumbnail hentry category-uncategorized-hr\">\n<figure class=\"mb-4 wp-block-post-featured-image\"><a href=\"https:\/\/muveszvolgykuria.eu\/hr\/uncategorized-hr\/muveszvolgy-kuria-zapocinje-svoje-programe-u-sijecnju\/\" target=\"_self\" ><img width=\"300\" height=\"191\" src=\"https:\/\/muveszvolgykuria.eu\/app\/uploads\/2023\/03\/lovasi-300x191.webp\" class=\"attachment-medium size-medium wp-post-image\" alt=\"M\u0171v\u00e9szV\u00f6lgy K\u00faria zapo\u010dinje svoje programe u sije\u010dnju\" decoding=\"async\" loading=\"lazy\" srcset=\"https:\/\/muveszvolgykuria.eu\/app\/uploads\/2023\/03\/lovasi-300x191.webp 300w, https:\/\/muveszvolgykuria.eu\/app\/uploads\/2023\/03\/lovasi.webp 480w\" sizes=\"(max-width: 300px) 100vw, 300px\" \/><\/a><\/figure>\n\n<h2 class=\"h4 fw-bold mb-3 wp-block-post-title\"><a href=\"https:\/\/muveszvolgykuria.eu\/hr\/uncategorized-hr\/muveszvolgy-kuria-zapocinje-svoje-programe-u-sijecnju\/\" target=\"_self\" >M\u0171v\u00e9szV\u00f6lgy K\u00faria zapo\u010dinje svoje programe u sije\u010dnju<\/a><\/h2>\n\n<div class=\"text-muted mb-2 wp-block-post-date\"><time datetime=\"2020-09-03T15:24:00+02:00\">2020.09.03.<\/time><\/div>\n\n<div class=\"text-body wp-block-post-excerpt\"><p class=\"wp-block-post-excerpt__excerpt\">Zbog pandemije odgodili smo programe tako da se oni odr\u017eavaju od 23. sije\u010dnja 2021. Bit \u0107e organizirani ru\u010dni programi za djecu i kulturni programi za [&hellip;] <\/p><\/div>\n<\/li><li class=\"wp-block-post post-1138 post type-post status-publish format-standard has-post-thumbnail hentry category-uncategorized-hr\">\n<figure class=\"mb-4 wp-block-post-featured-image\"><a href=\"https:\/\/muveszvolgykuria.eu\/hr\/uncategorized-hr\/nadimo-se-na-valley-weekendovima\/\" target=\"_self\" ><img width=\"300\" height=\"215\" src=\"https:\/\/muveszvolgykuria.eu\/app\/uploads\/2023\/03\/volgyhetvege-300x215.webp\" class=\"attachment-medium size-medium wp-post-image\" alt=\"Na\u0111imo se na Valley Weekendovima!\" decoding=\"async\" loading=\"lazy\" srcset=\"https:\/\/muveszvolgykuria.eu\/app\/uploads\/2023\/03\/volgyhetvege-300x215.webp 300w, https:\/\/muveszvolgykuria.eu\/app\/uploads\/2023\/03\/volgyhetvege.webp 604w\" sizes=\"(max-width: 300px) 100vw, 300px\" \/><\/a><\/figure>\n\n<h2 class=\"h4 fw-bold mb-3 wp-block-post-title\"><a href=\"https:\/\/muveszvolgykuria.eu\/hr\/uncategorized-hr\/nadimo-se-na-valley-weekendovima\/\" target=\"_self\" >Na\u0111imo se na Valley Weekendovima!<\/a><\/h2>\n\n<div class=\"text-muted mb-2 wp-block-post-date\"><time datetime=\"2020-08-03T15:27:00+02:00\">2020.08.03.<\/time><\/div>\n\n<div class=\"text-body wp-block-post-excerpt\"><p class=\"wp-block-post-excerpt__excerpt\">Ekipa Doline umjetnosti pozdravlja okupljene tijekom \u010detiri vikenda u Dolini ove jeseni u Kapolcsu, tako\u0111er u novoure\u0111enoj dvorani ArtValley. 30. obljetnica festivala odr\u017eat \u0107e se [&hellip;] <\/p><\/div>\n<\/li><li class=\"wp-block-post post-1124 post type-post status-publish format-standard has-post-thumbnail hentry category-uncategorized-hr\">\n<figure class=\"mb-4 wp-block-post-featured-image\"><a href=\"https:\/\/muveszvolgykuria.eu\/hr\/uncategorized-hr\/kofeszt\/\" target=\"_self\" ><img width=\"300\" height=\"215\" src=\"https:\/\/muveszvolgykuria.eu\/app\/uploads\/2023\/03\/kofeszt-300x215.webp\" class=\"attachment-medium size-medium wp-post-image\" alt=\"K\u0151feszt\" decoding=\"async\" loading=\"lazy\" srcset=\"https:\/\/muveszvolgykuria.eu\/app\/uploads\/2023\/03\/kofeszt-300x215.webp 300w, https:\/\/muveszvolgykuria.eu\/app\/uploads\/2023\/03\/kofeszt.webp 604w\" sizes=\"(max-width: 300px) 100vw, 300px\" \/><\/a><\/figure>\n\n<h2 class=\"h4 fw-bold mb-3 wp-block-post-title\"><a href=\"https:\/\/muveszvolgykuria.eu\/hr\/uncategorized-hr\/kofeszt\/\" target=\"_self\" >K\u0151feszt<\/a><\/h2>\n\n<div class=\"text-muted mb-2 wp-block-post-date\"><time datetime=\"0202-08-19T15:29:00+01:16\">0202.08.19.<\/time><\/div>\n\n<div class=\"text-body wp-block-post-excerpt\"><p class=\"wp-block-post-excerpt__excerpt\">Serija programa K\u0150FESZT uklju\u010duje sva naselja sliva K\u00e1li s knji\u017eevnim programima, koncertima, izlo\u017ebama i razgovorima za okruglim stolom. <\/p><\/div>\n<\/li><\/ul>\n\n\n\n<\/div>\n","protected":false},"excerpt":{"rendered":"<p>Do\u017eivljaj doline zimi i ljeti U sredi\u0161tu Kapolcsa, kompleks zgrada M\u0171v\u00e9szV\u00f6lgy K\u00faria o\u017eivljava i \u010dini dostupnima kulturnu raznolikost i iskustva u slobodno vrijeme M\u0171v\u00e9sztek V\u00f6lgye [&hellip;]<\/p>\n","protected":false},"author":1,"featured_media":0,"parent":0,"menu_order":0,"comment_status":"closed","ping_status":"closed","template":"","meta":[],"acf":[],"_links":{"self":[{"href":"https:\/\/muveszvolgykuria.eu\/hr\/wp-json\/wp\/v2\/pages\/1334"}],"collection":[{"href":"https:\/\/muveszvolgykuria.eu\/hr\/wp-json\/wp\/v2\/pages"}],"about":[{"href":"https:\/\/muveszvolgykuria.eu\/hr\/wp-json\/wp\/v2\/types\/page"}],"author":[{"embeddable":true,"href":"https:\/\/muveszvolgykuria.eu\/hr\/wp-json\/wp\/v2\/users\/1"}],"replies":[{"embeddable":true,"href":"https:\/\/muveszvolgykuria.eu\/hr\/wp-json\/wp\/v2\/comments?post=1334"}],"version-history":[{"count":3,"href":"https:\/\/muveszvolgykuria.eu\/hr\/wp-json\/wp\/v2\/pages\/1334\/revisions"}],"predecessor-version":[{"id":1497,"href":"https:\/\/muveszvolgykuria.eu\/hr\/wp-json\/wp\/v2\/pages\/1334\/revisions\/1497"}],"wp:attachment":[{"href":"https:\/\/muveszvolgykuria.eu\/hr\/wp-json\/wp\/v2\/media?parent=1334"}],"curies":[{"name":"wp","href":"https:\/\/api.w.org\/{rel}","templated":true}]}}