{"id":1513,"date":"2023-03-24T00:24:09","date_gmt":"2023-03-23T23:24:09","guid":{"rendered":"https:\/\/muveszvolgykuria.t.onlab.hu\/?page_id=1513"},"modified":"2023-06-13T09:37:47","modified_gmt":"2023-06-13T07:37:47","slug":"kerekparos-kozpont","status":"publish","type":"page","link":"https:\/\/muveszvolgykuria.eu\/hr\/kerekparos-kozpont\/","title":{"rendered":"Biciklizam"},"content":{"rendered":"\n<h1 class=\"has-text-align-center\">Biciklisti\u010dki centar BalatonBike365<\/h1>\n\n\n\n<div class=\"is-layout-flex wp-container-4 wp-block-columns\">\n<div class=\"is-layout-flow wp-block-column\" style=\"flex-basis:50%\">\n<figure class=\"wp-block-image size-large\"><img decoding=\"async\" loading=\"lazy\" width=\"1024\" height=\"768\" src=\"https:\/\/muveszvolgykuria.t.onlab.hu\/app\/uploads\/2023\/03\/8c8308cd2-1024x768.jpg\" alt=\"\" class=\"wp-image-342\" srcset=\"https:\/\/muveszvolgykuria.eu\/app\/uploads\/2023\/03\/8c8308cd2-1024x768.jpg 1024w, https:\/\/muveszvolgykuria.eu\/app\/uploads\/2023\/03\/8c8308cd2-300x225.jpg 300w, https:\/\/muveszvolgykuria.eu\/app\/uploads\/2023\/03\/8c8308cd2-768x576.jpg 768w, https:\/\/muveszvolgykuria.eu\/app\/uploads\/2023\/03\/8c8308cd2.jpg 1118w\" sizes=\"(max-width: 1024px) 100vw, 1024px\" \/><\/figure>\n<\/div>\n\n\n\n<div class=\"is-layout-flow wp-block-column\" style=\"flex-basis:50%\">\n<p>U Kapolcsu, Biciklisti\u010dki centar BalatonBike365 djeluje u bo\u010dnoj zgradi dvorca M\u0171v\u00e9szV\u00f6lgy, gdje vas \u010dekaju najnoviji e-bicikli premium kategorije, koje mo\u017eete iznajmiti ili testirati na na\u0161im vo\u0111enim obilascima! U centru su dostupni trgovina i iznajmljivanje bicikala, servis bicikala i elektri\u010dni punja\u010d, \u200b\u200ba na raspolaganju su vam i ostali programi i kafi\u0107 M\u0171v\u00e9szV\u00f6lgy K\u00faria. Mo\u017eete se predbilje\u017eiti za obilaske i iznajmljivanje bicikala na web stranici Balaton Bike Tour, koriste\u0107i poveznicu u nastavku. Unajmite bicikl i istra\u017eite ju\u017enu Bakony i Balaton na dva kota\u010da!<\/p>\n\n\n\n<h3>Kontakti:<\/h3>\n\n\n\n<p>Adresa:&nbsp;Kapolcs, Kossuth utca 42.<br>Telefon:&nbsp;<a href=\"tel:+36307372201\">+36307372201<\/a><br>E-mail:&nbsp;<a href=\"mailto:info@balatonbiketour.com\">info@balatonbiketour.com<\/a><\/p>\n\n\n\n<div class=\"is-layout-flex wp-block-buttons\">\n<div class=\"wp-block-button\" style=\"font-style:normal;font-weight:600\"><a class=\"wp-block-button__link has-white-color has-primary-background-color has-text-color has-background wp-element-button\" href=\"https:\/\/www.balatonbiketour.com\/bbt-hely\/bb365-kapolcs\" target=\"_blank\" rel=\"noreferrer noopener\">Idite na BBT stranicu<\/a><\/div>\n\n\n\n<div class=\"wp-block-button\" style=\"font-style:normal;font-weight:600\"><a class=\"wp-block-button__link has-white-color has-primary-background-color has-text-color has-background wp-element-button\" href=\"https:\/\/www.balatonbike365.hu\/en\" target=\"_blank\" rel=\"noreferrer noopener\">Idite na stranicu BB365<\/a><\/div>\n\n\n\n<div class=\"wp-block-button\" style=\"font-style:normal;font-weight:600\"><a class=\"wp-block-button__link has-white-color has-primary-background-color has-text-color has-background wp-element-button\" href=\"https:\/\/www.balatonbiketour.com\/img\/bbt-katalogus-2023.pdf\">BBT katalog<\/a><\/div>\n<\/div>\n<\/div>\n<\/div>\n","protected":false},"excerpt":{"rendered":"<p>Biciklisti\u010dki centar BalatonBike365 U Kapolcsu, Biciklisti\u010dki centar BalatonBike365 djeluje u bo\u010dnoj zgradi dvorca M\u0171v\u00e9szV\u00f6lgy, gdje vas \u010dekaju najnoviji e-bicikli premium kategorije, koje mo\u017eete iznajmiti ili [&hellip;]<\/p>\n","protected":false},"author":1,"featured_media":0,"parent":0,"menu_order":0,"comment_status":"closed","ping_status":"closed","template":"","meta":[],"acf":[],"_links":{"self":[{"href":"https:\/\/muveszvolgykuria.eu\/hr\/wp-json\/wp\/v2\/pages\/1513"}],"collection":[{"href":"https:\/\/muveszvolgykuria.eu\/hr\/wp-json\/wp\/v2\/pages"}],"about":[{"href":"https:\/\/muveszvolgykuria.eu\/hr\/wp-json\/wp\/v2\/types\/page"}],"author":[{"embeddable":true,"href":"https:\/\/muveszvolgykuria.eu\/hr\/wp-json\/wp\/v2\/users\/1"}],"replies":[{"embeddable":true,"href":"https:\/\/muveszvolgykuria.eu\/hr\/wp-json\/wp\/v2\/comments?post=1513"}],"version-history":[{"count":4,"href":"https:\/\/muveszvolgykuria.eu\/hr\/wp-json\/wp\/v2\/pages\/1513\/revisions"}],"predecessor-version":[{"id":2081,"href":"https:\/\/muveszvolgykuria.eu\/hr\/wp-json\/wp\/v2\/pages\/1513\/revisions\/2081"}],"wp:attachment":[{"href":"https:\/\/muveszvolgykuria.eu\/hr\/wp-json\/wp\/v2\/media?parent=1513"}],"curies":[{"name":"wp","href":"https:\/\/api.w.org\/{rel}","templated":true}]}}