{"id":1254,"date":"2023-03-17T19:16:52","date_gmt":"2023-03-17T18:16:52","guid":{"rendered":"https:\/\/muveszvolgykuria.t.onlab.hu\/?page_id=1254"},"modified":"2023-03-24T17:54:40","modified_gmt":"2023-03-24T16:54:40","slug":"progetto","status":"publish","type":"page","link":"https:\/\/muveszvolgykuria.eu\/it\/progetto\/","title":{"rendered":"Progetto"},"content":{"rendered":"\n<p><\/p>\n\n\n\n<h2>Progetto<\/h2>\n\n\n\n<h3><strong>Ristrutturazione del palazzo di Kuthy e dei suoi dintorni per scopi turistici<\/strong><\/h3>\n\n\n\n<p><br><strong><strong>Numero di identificazione del progetto:<\/strong><\/strong> GINOP-7.1.9-17-2018-00006<\/p>\n\n\n\n<p><strong><strong>L&#8217;importo del sostegno contrattuale:<\/strong> <\/strong>319.746.305, -Ft<\/p>\n\n\n\n<p><strong><strong>Intensit\u00e0 o importo dell&#8217;aiuto:<\/strong><\/strong>\u00a0sovvenzione UE non rimborsabile al 100%<\/p>\n\n\n\n<p><strong><strong>Data di completamento del progetto prevista:<\/strong><\/strong>\u00a030 settembre 2020.<\/p>\n\n\n\n<p><strong>Nome dei beneficiari: <\/strong>OXO Properties Settlement Development Nonprofit Kft. Kapolcs Municipality Hungarian Tourism Agency Ltd.<\/p>\n\n\n\n<p>Breve presentazione del contenuto del progetto:<\/p>\n\n\n\n<p>Attualmente, Kapolcs \u00e8 la sede principale della serie di eventi che si svolgono sotto il nome di \u201cValle dell\u2019artista\u201d, che si svolgono ogni anno e muovono l&#8217;intero Balaton Uplands e oggi l&#8217;intero paese. La villa Kuthy funziona come una delle sedi del festival, l&#8217;edificio Patrimonio dell&#8217;Umanit\u00e0 \u00e8 un edificio tradizionale che ospita mostre e proiezioni di film, ma le sue condizioni attuali non consentono un uso turistico tutto l&#8217;anno, i suoi interni sono inutilizzati e le sue funzioni sono piccole.<\/p>\n\n\n\n<p>In connessione con le aspirazioni del paesaggio culturale, l&#8217;attuale sviluppo presta particolare attenzione alla cura e alla conservazione delle tradizioni, nonch\u00e9 alla conservazione e al miglioramento della villa Kuthy come edificio storico, popolarit\u00e0, soddisfazione dei turisti che vengono qui, e vogliamo arricchire la tavolozza dei turisti.<\/p>\n\n\n\n<p>Previsto aumento del numero di visitatori: 5.400<\/p>\n\n\n\n<p><\/p>\n\n\n\n<p><\/p>\n\n\n\n<p><\/p>\n\n\n\n<figure class=\"wp-block-image size-large\"><img decoding=\"async\" loading=\"lazy\" width=\"1024\" height=\"229\" src=\"https:\/\/muveszvolgykuria.t.onlab.hu\/app\/uploads\/2023\/03\/wow_banner_fekvo_szoveg_v2-1024x229.png\" alt=\"\" class=\"wp-image-341\" srcset=\"https:\/\/muveszvolgykuria.eu\/app\/uploads\/2023\/03\/wow_banner_fekvo_szoveg_v2-1024x229.png 1024w, https:\/\/muveszvolgykuria.eu\/app\/uploads\/2023\/03\/wow_banner_fekvo_szoveg_v2-300x67.png 300w, https:\/\/muveszvolgykuria.eu\/app\/uploads\/2023\/03\/wow_banner_fekvo_szoveg_v2-768x171.png 768w, https:\/\/muveszvolgykuria.eu\/app\/uploads\/2023\/03\/wow_banner_fekvo_szoveg_v2-1536x343.png 1536w, https:\/\/muveszvolgykuria.eu\/app\/uploads\/2023\/03\/wow_banner_fekvo_szoveg_v2-2048x457.png 2048w\" sizes=\"(max-width: 1024px) 100vw, 1024px\" \/><\/figure>\n\n\n\n<p>A projekt c\u00edme: A kapolcsi M\u0171v\u00e9szv\u00f6lgy K\u00faria k\u00f6rnyezet\u00e9nek tov\u00e1bbi turisztikai c\u00e9l\u00fa fejleszt\u00e9se<br>Azonos\u00edt\u00f3 sz\u00e1ma: ET-2021-02-062<br>Kedvezm\u00e9nyezett neve \u00e9s c\u00edme: M\u0171v\u00e9szv\u00f6lgy K\u00faria Nonprofit Kft (8294 Kapolcs, Kossuth L. u. 48.)<br>A t\u00e1mogat\u00e1s \u00f6sszege: 425.410.900,- Ft<\/p>\n\n\n\n<p>A t\u00e1mogat\u00e1s m\u00e9rt\u00e9ke (%-ban): 100%<\/p>\n\n\n\n<p>A t\u00e1mogatott projekt tartalm\u00e1nak r\u00f6vid bemutat\u00e1sa: A M\u0171v\u00e9szv\u00f6lgy K\u00faria oldals\u00f3 \u00e9p\u00fcletei, a m\u00e1r 2021-ben elk\u00e9sz\u00fclt f\u0151 \u00e9p\u00fclettel egys\u00e9gben a kultur\u00e1lis \u00e9s fesztiv\u00e1l turizmus egyik kiemelked\u0151 helysz\u00ednek\u00e9nt funkcion\u00e1l. A fejleszt\u00e9snek k\u00f6sz\u00f6nhet\u0151en ker\u00e9kp\u00e1ros pont, nyitott bemutat\u00f3 t\u00e9r, mosd\u00f3k \u00e9s zuhanyz\u00f3, valamint egy k\u00e9zm\u0171ves sajtkonyha ker\u00fclt kialak\u00edt\u00e1sra.<\/p>\n\n\n\n<p>A t\u00e1mogatott projekt befejez\u00e9si d\u00e1tuma (ha megval\u00f3sult, akkor a t\u00e9nyleges befejez\u00e9s): 2023. m\u00e1rcius 31.<\/p>\n","protected":false},"excerpt":{"rendered":"<p>Progetto Ristrutturazione del palazzo di Kuthy e dei suoi dintorni per scopi turistici Numero di identificazione del progetto: GINOP-7.1.9-17-2018-00006 L&#8217;importo del sostegno contrattuale: 319.746.305, -Ft [&hellip;]<\/p>\n","protected":false},"author":1,"featured_media":0,"parent":0,"menu_order":0,"comment_status":"closed","ping_status":"closed","template":"","meta":[],"acf":[],"_links":{"self":[{"href":"https:\/\/muveszvolgykuria.eu\/it\/wp-json\/wp\/v2\/pages\/1254"}],"collection":[{"href":"https:\/\/muveszvolgykuria.eu\/it\/wp-json\/wp\/v2\/pages"}],"about":[{"href":"https:\/\/muveszvolgykuria.eu\/it\/wp-json\/wp\/v2\/types\/page"}],"author":[{"embeddable":true,"href":"https:\/\/muveszvolgykuria.eu\/it\/wp-json\/wp\/v2\/users\/1"}],"replies":[{"embeddable":true,"href":"https:\/\/muveszvolgykuria.eu\/it\/wp-json\/wp\/v2\/comments?post=1254"}],"version-history":[{"count":1,"href":"https:\/\/muveszvolgykuria.eu\/it\/wp-json\/wp\/v2\/pages\/1254\/revisions"}],"predecessor-version":[{"id":1258,"href":"https:\/\/muveszvolgykuria.eu\/it\/wp-json\/wp\/v2\/pages\/1254\/revisions\/1258"}],"wp:attachment":[{"href":"https:\/\/muveszvolgykuria.eu\/it\/wp-json\/wp\/v2\/media?parent=1254"}],"curies":[{"name":"wp","href":"https:\/\/api.w.org\/{rel}","templated":true}]}}