{"id":1325,"date":"2023-03-22T18:49:53","date_gmt":"2023-03-22T17:49:53","guid":{"rendered":"https:\/\/muveszvolgykuria.t.onlab.hu\/?page_id=1325"},"modified":"2023-03-28T20:07:55","modified_gmt":"2023-03-28T18:07:55","slug":"attualita","status":"publish","type":"page","link":"https:\/\/muveszvolgykuria.eu\/it\/attualita\/","title":{"rendered":"Attualit\u00e1"},"content":{"rendered":"\n<div class=\"is-layout-flex wp-container-3 wp-block-columns\">\n<div class=\"is-layout-flow wp-block-column\">\n<figure class=\"wp-block-image size-full is-style-rounded-corners\"><img decoding=\"async\" loading=\"lazy\" width=\"940\" height=\"788\" src=\"http:\/\/ransom.lan\/app\/uploads\/2023\/03\/60b70773-f7e9-4b44-a4c8-b74482c9d8d4_MB1vA9szVB6lgyKBAria-PajtaProgram29.webp\" alt=\"\" class=\"wp-image-34\" srcset=\"https:\/\/muveszvolgykuria.eu\/app\/uploads\/2023\/03\/60b70773-f7e9-4b44-a4c8-b74482c9d8d4_MB1vA9szVB6lgyKBAria-PajtaProgram29.webp 940w, https:\/\/muveszvolgykuria.eu\/app\/uploads\/2023\/03\/60b70773-f7e9-4b44-a4c8-b74482c9d8d4_MB1vA9szVB6lgyKBAria-PajtaProgram29-300x251.webp 300w, https:\/\/muveszvolgykuria.eu\/app\/uploads\/2023\/03\/60b70773-f7e9-4b44-a4c8-b74482c9d8d4_MB1vA9szVB6lgyKBAria-PajtaProgram29-768x644.webp 768w\" sizes=\"(max-width: 940px) 100vw, 940px\" \/><\/figure>\n<\/div>\n\n\n\n<div class=\"is-layout-flow wp-block-column\">\n<h3>Un&#8217;esperienza della valle in inverno e in estate<\/h3>\n\n\n\n<p>Nel centro di Kapolcs, il complesso edilizio del M\u0171v\u00e9szV\u00f6lgy K\u00faria ravviva e rende accessibile la diversit\u00e0 culturale e le esperienze di svago del M\u0171v\u00e9sztek V\u00f6lgye durante tutto l&#8217;anno. Il suo iconico edificio principale, il palazzo Kuthy, che \u00e8 stato rinnovato dentro e fuori nel 2020, offre intrattenimento significativo per grandi e piccini con vari programmi culturali, artistici e scientifici e mostre interattive. Il centro biciclette che opera nell&#8217;edificio laterale K\u00faria offre una variet\u00e0 di tour sulle ultime biciclette elettriche di categoria premium per coloro che sono interessati alle bellezze naturali della zona. Nello spazio comunitario esterno circondato dal complesso edilizio, l&#8217;edificio del teatro fienile creato da HelloWood offre spazio per grandi spettacoli all&#8217;aperto, proiezioni di film e programmi professionali. Nell&#8217;anno 2023, tra gli altri, i nostri ospiti saranno artisti e creatori famosi come Kriszti\u00e1n Grecs\u00f3, D\u00e1niel Gryllus, boebeck, H. Mikl\u00f3s Vecsei o i fratelli L\u00e1z\u00e1r. Gli eventi del programma Pajta si svolgeranno quest&#8217;anno nell&#8217;ambito del programma Veszpr\u00e9m-Balaton 2023 Capitale europea della cultura.<\/p>\n<\/div>\n<\/div>\n\n\n\n<h2 class=\"has-text-align-center\">Attualit\u00e1<\/h2>\n\n\n\n<div class=\"is-layout-flow wp-block-query\"><ul class=\"is-layout-flow is-flex-container columns-3 mb-4 wp-block-post-template\"><li class=\"wp-block-post post-1187 post type-post status-publish format-standard has-post-thumbnail hentry category-non-categorizzato\">\n<figure class=\"mb-4 wp-block-post-featured-image\"><a href=\"https:\/\/muveszvolgykuria.eu\/it\/non-categorizzato\/vera-jonas-e-andras-lovasi-arriveranno-anche-a-kapolcs-in-ottobre\/\" target=\"_self\" ><img width=\"300\" height=\"193\" src=\"https:\/\/muveszvolgykuria.eu\/app\/uploads\/2023\/03\/jonasvera-300x193.webp\" class=\"attachment-medium size-medium wp-post-image\" alt=\"Vera J\u00f3n\u00e1s e Andr\u00e1s Lovasi arriveranno anche a Kapolcs in ottobre!\" decoding=\"async\" loading=\"lazy\" srcset=\"https:\/\/muveszvolgykuria.eu\/app\/uploads\/2023\/03\/jonasvera-300x193.webp 300w, https:\/\/muveszvolgykuria.eu\/app\/uploads\/2023\/03\/jonasvera.webp 655w\" sizes=\"(max-width: 300px) 100vw, 300px\" \/><\/a><\/figure>\n\n<h2 class=\"h4 fw-bold mb-3 wp-block-post-title\"><a href=\"https:\/\/muveszvolgykuria.eu\/it\/non-categorizzato\/vera-jonas-e-andras-lovasi-arriveranno-anche-a-kapolcs-in-ottobre\/\" target=\"_self\" >Vera J\u00f3n\u00e1s e Andr\u00e1s Lovasi arriveranno anche a Kapolcs in ottobre!<\/a><\/h2>\n\n<div class=\"text-muted mb-2 wp-block-post-date\"><time datetime=\"2021-09-15T15:25:00+02:00\">2021.09.15.<\/time><\/div>\n\n<div class=\"text-body wp-block-post-excerpt\"><p class=\"wp-block-post-excerpt__excerpt\">I fine settimana della valle si sono svolti per la grande gioia della gente di Kapolcs e dei fan della valle, la 30a valle delle [&hellip;] <\/p><\/div>\n<\/li><li class=\"wp-block-post post-1180 post type-post status-publish format-standard has-post-thumbnail hentry category-non-categorizzato\">\n<figure class=\"mb-4 wp-block-post-featured-image\"><a href=\"https:\/\/muveszvolgykuria.eu\/it\/non-categorizzato\/il-passato-e-il-presente-della-kapolcs-artist-valley-mansion\/\" target=\"_self\" ><img width=\"300\" height=\"200\" src=\"https:\/\/muveszvolgykuria.eu\/app\/uploads\/2023\/03\/kuria2-300x200.webp\" class=\"attachment-medium size-medium wp-post-image\" alt=\"Il passato e il presente della Kapolcs Artist Valley Mansion\" decoding=\"async\" loading=\"lazy\" srcset=\"https:\/\/muveszvolgykuria.eu\/app\/uploads\/2023\/03\/kuria2-300x200.webp 300w, https:\/\/muveszvolgykuria.eu\/app\/uploads\/2023\/03\/kuria2-1024x682.webp 1024w, https:\/\/muveszvolgykuria.eu\/app\/uploads\/2023\/03\/kuria2-768x512.webp 768w, https:\/\/muveszvolgykuria.eu\/app\/uploads\/2023\/03\/kuria2.webp 1220w\" sizes=\"(max-width: 300px) 100vw, 300px\" \/><\/a><\/figure>\n\n<h2 class=\"h4 fw-bold mb-3 wp-block-post-title\"><a href=\"https:\/\/muveszvolgykuria.eu\/it\/non-categorizzato\/il-passato-e-il-presente-della-kapolcs-artist-valley-mansion\/\" target=\"_self\" >Il passato e il presente della Kapolcs Artist Valley Mansion<\/a><\/h2>\n\n<div class=\"text-muted mb-2 wp-block-post-date\"><time datetime=\"2020-10-02T15:23:00+02:00\">2020.10.02.<\/time><\/div>\n\n<div class=\"text-body wp-block-post-excerpt\"><p class=\"wp-block-post-excerpt__excerpt\">Completamente rinnovata e inaugurata nel settembre 2020, la \u201cValle dell\u2019artista\u201d Mansion era originariamente conosciuta come la K\u00fati House e la Kuthy Mansion tra la gente [&hellip;] <\/p><\/div>\n<\/li><li class=\"wp-block-post post-1182 post type-post status-publish format-standard has-post-thumbnail hentry category-non-categorizzato\">\n<figure class=\"mb-4 wp-block-post-featured-image\"><a href=\"https:\/\/muveszvolgykuria.eu\/it\/non-categorizzato\/trambusto-di-chiusura-estiva-con-teatro-di-strada-a-kapolcs\/\" target=\"_self\" ><img width=\"300\" height=\"200\" src=\"https:\/\/muveszvolgykuria.eu\/app\/uploads\/2023\/03\/bondoro-300x200.webp\" class=\"attachment-medium size-medium wp-post-image\" alt=\"Trambusto di chiusura estiva con teatro di strada a Kapolcs\" decoding=\"async\" loading=\"lazy\" srcset=\"https:\/\/muveszvolgykuria.eu\/app\/uploads\/2023\/03\/bondoro-300x200.webp 300w, https:\/\/muveszvolgykuria.eu\/app\/uploads\/2023\/03\/bondoro-1024x683.webp 1024w, https:\/\/muveszvolgykuria.eu\/app\/uploads\/2023\/03\/bondoro-768x512.webp 768w, https:\/\/muveszvolgykuria.eu\/app\/uploads\/2023\/03\/bondoro.webp 1220w\" sizes=\"(max-width: 300px) 100vw, 300px\" \/><\/a><\/figure>\n\n<h2 class=\"h4 fw-bold mb-3 wp-block-post-title\"><a href=\"https:\/\/muveszvolgykuria.eu\/it\/non-categorizzato\/trambusto-di-chiusura-estiva-con-teatro-di-strada-a-kapolcs\/\" target=\"_self\" >Trambusto di chiusura estiva con teatro di strada a Kapolcs<\/a><\/h2>\n\n<div class=\"text-muted mb-2 wp-block-post-date\"><time datetime=\"2020-09-14T15:27:00+02:00\">2020.09.14.<\/time><\/div>\n\n<div class=\"text-body wp-block-post-excerpt\"><p class=\"wp-block-post-excerpt__excerpt\">Quest&#8217;anno si \u00e8 tenuto per la seconda volta il Bondor\u00f3 Street Theatre Festival. Ha attratto gli amanti dell&#8217;arte, dei prodotti artigianali speciali, degli snack deliziosi [&hellip;] <\/p><\/div>\n<\/li><li class=\"wp-block-post post-1178 post type-post status-publish format-standard has-post-thumbnail hentry category-non-categorizzato\">\n<figure class=\"mb-4 wp-block-post-featured-image\"><a href=\"https:\/\/muveszvolgykuria.eu\/it\/non-categorizzato\/cerimonia-di-apertura-di-artist-valley-mansion\/\" target=\"_self\" ><img width=\"300\" height=\"200\" src=\"https:\/\/muveszvolgykuria.eu\/app\/uploads\/2023\/03\/megnyito-300x200.webp\" class=\"attachment-medium size-medium wp-post-image\" alt=\"Cerimonia di apertura di Artist Valley Mansion\" decoding=\"async\" loading=\"lazy\" srcset=\"https:\/\/muveszvolgykuria.eu\/app\/uploads\/2023\/03\/megnyito-300x200.webp 300w, https:\/\/muveszvolgykuria.eu\/app\/uploads\/2023\/03\/megnyito-768x513.webp 768w, https:\/\/muveszvolgykuria.eu\/app\/uploads\/2023\/03\/megnyito.webp 800w\" sizes=\"(max-width: 300px) 100vw, 300px\" \/><\/a><\/figure>\n\n<h2 class=\"h4 fw-bold mb-3 wp-block-post-title\"><a href=\"https:\/\/muveszvolgykuria.eu\/it\/non-categorizzato\/cerimonia-di-apertura-di-artist-valley-mansion\/\" target=\"_self\" >Cerimonia di apertura di Artist Valley Mansion<\/a><\/h2>\n\n<div class=\"text-muted mb-2 wp-block-post-date\"><time datetime=\"2020-09-03T15:29:00+02:00\">2020.09.03.<\/time><\/div>\n\n<div class=\"text-body wp-block-post-excerpt\"><p class=\"wp-block-post-excerpt__excerpt\">L&#8217;Artis Valley Mansion, la nuova comunit\u00e0 e centro culturale di Kapolcs, aprir\u00e0 le sue porte a settembre! Come parte dell&#8217;inaugurazione, consegneremo anche la nuova piazza [&hellip;] <\/p><\/div>\n<\/li><li class=\"wp-block-post post-1174 post type-post status-publish format-standard has-post-thumbnail hentry category-non-categorizzato\">\n<figure class=\"mb-4 wp-block-post-featured-image\"><a href=\"https:\/\/muveszvolgykuria.eu\/it\/non-categorizzato\/il-muveszvolgy-kuria-inizia-i-suoi-programmi-a-gennaio\/\" target=\"_self\" ><img width=\"300\" height=\"191\" src=\"https:\/\/muveszvolgykuria.eu\/app\/uploads\/2023\/03\/lovasi-300x191.webp\" class=\"attachment-medium size-medium wp-post-image\" alt=\"Il M\u0171v\u00e9szV\u00f6lgy K\u00faria inizia i suoi programmi a gennaio\" decoding=\"async\" loading=\"lazy\" srcset=\"https:\/\/muveszvolgykuria.eu\/app\/uploads\/2023\/03\/lovasi-300x191.webp 300w, https:\/\/muveszvolgykuria.eu\/app\/uploads\/2023\/03\/lovasi.webp 480w\" sizes=\"(max-width: 300px) 100vw, 300px\" \/><\/a><\/figure>\n\n<h2 class=\"h4 fw-bold mb-3 wp-block-post-title\"><a href=\"https:\/\/muveszvolgykuria.eu\/it\/non-categorizzato\/il-muveszvolgy-kuria-inizia-i-suoi-programmi-a-gennaio\/\" target=\"_self\" >Il M\u0171v\u00e9szV\u00f6lgy K\u00faria inizia i suoi programmi a gennaio<\/a><\/h2>\n\n<div class=\"text-muted mb-2 wp-block-post-date\"><time datetime=\"2020-09-03T15:24:00+02:00\">2020.09.03.<\/time><\/div>\n\n<div class=\"text-body wp-block-post-excerpt\"><p class=\"wp-block-post-excerpt__excerpt\">A causa della pandemia, abbiamo rinviato i programmi in modo che si svolgano dal 23 gennaio 2021. Ci saranno programmi artigianali per i bambini e [&hellip;] <\/p><\/div>\n<\/li><li class=\"wp-block-post post-1184 post type-post status-publish format-standard has-post-thumbnail hentry category-non-categorizzato\">\n<figure class=\"mb-4 wp-block-post-featured-image\"><a href=\"https:\/\/muveszvolgykuria.eu\/it\/non-categorizzato\/ci-vediamo-al-valley-weekends\/\" target=\"_self\" ><img width=\"300\" height=\"215\" src=\"https:\/\/muveszvolgykuria.eu\/app\/uploads\/2023\/03\/volgyhetvege-300x215.webp\" class=\"attachment-medium size-medium wp-post-image\" alt=\"Ci vediamo al Valley Weekends\" decoding=\"async\" loading=\"lazy\" srcset=\"https:\/\/muveszvolgykuria.eu\/app\/uploads\/2023\/03\/volgyhetvege-300x215.webp 300w, https:\/\/muveszvolgykuria.eu\/app\/uploads\/2023\/03\/volgyhetvege.webp 604w\" sizes=\"(max-width: 300px) 100vw, 300px\" \/><\/a><\/figure>\n\n<h2 class=\"h4 fw-bold mb-3 wp-block-post-title\"><a href=\"https:\/\/muveszvolgykuria.eu\/it\/non-categorizzato\/ci-vediamo-al-valley-weekends\/\" target=\"_self\" >Ci vediamo al Valley Weekends<\/a><\/h2>\n\n<div class=\"text-muted mb-2 wp-block-post-date\"><time datetime=\"2020-08-03T15:27:00+02:00\">2020.08.03.<\/time><\/div>\n\n<div class=\"text-body wp-block-post-excerpt\"><p class=\"wp-block-post-excerpt__excerpt\">Il team di Valley of Arts aspetta il pubblico e gli amanti della cultura a Kapolcs per quattro Valley Weekends questo autunno, gi\u00e0 nella rinnovata [&hellip;] <\/p><\/div>\n<\/li><li class=\"wp-block-post post-1176 post type-post status-publish format-standard has-post-thumbnail hentry category-non-categorizzato\">\n<figure class=\"mb-4 wp-block-post-featured-image\"><a href=\"https:\/\/muveszvolgykuria.eu\/it\/non-categorizzato\/kofeszt\/\" target=\"_self\" ><img width=\"300\" height=\"215\" src=\"https:\/\/muveszvolgykuria.eu\/app\/uploads\/2023\/03\/kofeszt-300x215.webp\" class=\"attachment-medium size-medium wp-post-image\" alt=\"K\u0151feszt\" decoding=\"async\" loading=\"lazy\" srcset=\"https:\/\/muveszvolgykuria.eu\/app\/uploads\/2023\/03\/kofeszt-300x215.webp 300w, https:\/\/muveszvolgykuria.eu\/app\/uploads\/2023\/03\/kofeszt.webp 604w\" sizes=\"(max-width: 300px) 100vw, 300px\" \/><\/a><\/figure>\n\n<h2 class=\"h4 fw-bold mb-3 wp-block-post-title\"><a href=\"https:\/\/muveszvolgykuria.eu\/it\/non-categorizzato\/kofeszt\/\" target=\"_self\" >K\u0151feszt<\/a><\/h2>\n\n<div class=\"text-muted mb-2 wp-block-post-date\"><time datetime=\"0202-08-19T15:29:00+01:16\">0202.08.19.<\/time><\/div>\n\n<div class=\"text-body wp-block-post-excerpt\"><p class=\"wp-block-post-excerpt__excerpt\">La serie di eventi K\u0150FESZT copre quasi tutti gli insediamenti del Bacino di K\u00e1li con un programma letterario, concerti, mostre e tavole rotonde. <\/p><\/div>\n<\/li><\/ul>\n\n\n\n<\/div>\n","protected":false},"excerpt":{"rendered":"<p>Un&#8217;esperienza della valle in inverno e in estate Nel centro di Kapolcs, il complesso edilizio del M\u0171v\u00e9szV\u00f6lgy K\u00faria ravviva e rende accessibile la diversit\u00e0 culturale [&hellip;]<\/p>\n","protected":false},"author":1,"featured_media":0,"parent":0,"menu_order":0,"comment_status":"closed","ping_status":"closed","template":"","meta":[],"acf":[],"_links":{"self":[{"href":"https:\/\/muveszvolgykuria.eu\/it\/wp-json\/wp\/v2\/pages\/1325"}],"collection":[{"href":"https:\/\/muveszvolgykuria.eu\/it\/wp-json\/wp\/v2\/pages"}],"about":[{"href":"https:\/\/muveszvolgykuria.eu\/it\/wp-json\/wp\/v2\/types\/page"}],"author":[{"embeddable":true,"href":"https:\/\/muveszvolgykuria.eu\/it\/wp-json\/wp\/v2\/users\/1"}],"replies":[{"embeddable":true,"href":"https:\/\/muveszvolgykuria.eu\/it\/wp-json\/wp\/v2\/comments?post=1325"}],"version-history":[{"count":3,"href":"https:\/\/muveszvolgykuria.eu\/it\/wp-json\/wp\/v2\/pages\/1325\/revisions"}],"predecessor-version":[{"id":1505,"href":"https:\/\/muveszvolgykuria.eu\/it\/wp-json\/wp\/v2\/pages\/1325\/revisions\/1505"}],"wp:attachment":[{"href":"https:\/\/muveszvolgykuria.eu\/it\/wp-json\/wp\/v2\/media?parent=1325"}],"curies":[{"name":"wp","href":"https:\/\/api.w.org\/{rel}","templated":true}]}}