{"id":1523,"date":"2023-03-24T00:24:09","date_gmt":"2023-03-23T23:24:09","guid":{"rendered":"https:\/\/muveszvolgykuria.t.onlab.hu\/?page_id=1523"},"modified":"2023-06-13T09:41:04","modified_gmt":"2023-06-13T07:41:04","slug":"kerekparos-kozpont","status":"publish","type":"page","link":"https:\/\/muveszvolgykuria.eu\/it\/kerekparos-kozpont\/","title":{"rendered":"Ciclismo"},"content":{"rendered":"\n<h1 class=\"has-text-align-center\">Centro ciclistico BalatonBike365<\/h1>\n\n\n\n<div class=\"is-layout-flex wp-container-4 wp-block-columns\">\n<div class=\"is-layout-flow wp-block-column\" style=\"flex-basis:50%\">\n<figure class=\"wp-block-image size-large\"><img decoding=\"async\" loading=\"lazy\" width=\"1024\" height=\"768\" src=\"https:\/\/muveszvolgykuria.t.onlab.hu\/app\/uploads\/2023\/03\/8c8308cd2-1024x768.jpg\" alt=\"\" class=\"wp-image-342\" srcset=\"https:\/\/muveszvolgykuria.eu\/app\/uploads\/2023\/03\/8c8308cd2-1024x768.jpg 1024w, https:\/\/muveszvolgykuria.eu\/app\/uploads\/2023\/03\/8c8308cd2-300x225.jpg 300w, https:\/\/muveszvolgykuria.eu\/app\/uploads\/2023\/03\/8c8308cd2-768x576.jpg 768w, https:\/\/muveszvolgykuria.eu\/app\/uploads\/2023\/03\/8c8308cd2.jpg 1118w\" sizes=\"(max-width: 1024px) 100vw, 1024px\" \/><\/figure>\n<\/div>\n\n\n\n<div class=\"is-layout-flow wp-block-column\" style=\"flex-basis:50%\">\n<p>A Kapolcs, il BalatonBike365 Bicycle Center opera nell&#8217;edificio laterale del M\u0171v\u00e9szV\u00f6lgy Mansion, dove ti aspettano le ultime eBike di categoria premium, che puoi noleggiare o testare durante i nostri tour guidati! Nel centro sono disponibili un negozio e un noleggio di biciclette, un servizio di biciclette e un caricabatterie elettrico, mentre sono a vostra disposizione anche gli altri programmi e la caffetteria del M\u0171v\u00e9szV\u00f6lgy K\u00faria. \u00c8 possibile pre-registrarsi per tour e noleggio bici sul sito Web Balaton Bike Tour, utilizzando il collegamento sottostante. Noleggia una bicicletta ed esplora Bakony meridionale e il Lago Balaton su due ruote!<\/p>\n\n\n\n<h3>Contatti:<\/h3>\n\n\n\n<p>Indirizzo:&nbsp;Kapolcs, Kossuth utca 42.<br>Telefono:&nbsp;<a href=\"tel:+36307372201\">+36307372201<\/a><br>E-mail:&nbsp;<a href=\"mailto:info@balatonbiketour.com\">info@balatonbiketour.com<\/a><\/p>\n\n\n\n<div class=\"is-layout-flex wp-block-buttons\">\n<div class=\"wp-block-button\" style=\"font-style:normal;font-weight:600\"><a class=\"wp-block-button__link has-white-color has-primary-background-color has-text-color has-background wp-element-button\" href=\"https:\/\/www.balatonbiketour.com\/bbt-hely\/bb365-kapolcs\" target=\"_blank\" rel=\"noreferrer noopener\">Vai alla pagina BBT<\/a><\/div>\n\n\n\n<div class=\"wp-block-button\" style=\"font-style:normal;font-weight:600\"><a class=\"wp-block-button__link has-white-color has-primary-background-color has-text-color has-background wp-element-button\" href=\"https:\/\/www.balatonbike365.hu\/it\" target=\"_blank\" rel=\"noreferrer noopener\">Vai alla pagina BB365<\/a><\/div>\n\n\n\n<div class=\"wp-block-button\" style=\"font-style:normal;font-weight:600\"><a class=\"wp-block-button__link has-white-color has-primary-background-color has-text-color has-background wp-element-button\" href=\"https:\/\/www.balatonbiketour.com\/img\/bbt-katalogus-2023.pdf\">BBT Catalogare<\/a><\/div>\n<\/div>\n<\/div>\n<\/div>\n","protected":false},"excerpt":{"rendered":"<p>Centro ciclistico BalatonBike365 A Kapolcs, il BalatonBike365 Bicycle Center opera nell&#8217;edificio laterale del M\u0171v\u00e9szV\u00f6lgy Mansion, dove ti aspettano le ultime eBike di categoria premium, che [&hellip;]<\/p>\n","protected":false},"author":1,"featured_media":0,"parent":0,"menu_order":0,"comment_status":"closed","ping_status":"closed","template":"","meta":[],"acf":[],"_links":{"self":[{"href":"https:\/\/muveszvolgykuria.eu\/it\/wp-json\/wp\/v2\/pages\/1523"}],"collection":[{"href":"https:\/\/muveszvolgykuria.eu\/it\/wp-json\/wp\/v2\/pages"}],"about":[{"href":"https:\/\/muveszvolgykuria.eu\/it\/wp-json\/wp\/v2\/types\/page"}],"author":[{"embeddable":true,"href":"https:\/\/muveszvolgykuria.eu\/it\/wp-json\/wp\/v2\/users\/1"}],"replies":[{"embeddable":true,"href":"https:\/\/muveszvolgykuria.eu\/it\/wp-json\/wp\/v2\/comments?post=1523"}],"version-history":[{"count":4,"href":"https:\/\/muveszvolgykuria.eu\/it\/wp-json\/wp\/v2\/pages\/1523\/revisions"}],"predecessor-version":[{"id":2086,"href":"https:\/\/muveszvolgykuria.eu\/it\/wp-json\/wp\/v2\/pages\/1523\/revisions\/2086"}],"wp:attachment":[{"href":"https:\/\/muveszvolgykuria.eu\/it\/wp-json\/wp\/v2\/media?parent=1523"}],"curies":[{"name":"wp","href":"https:\/\/api.w.org\/{rel}","templated":true}]}}