{"id":1170,"date":"2023-03-17T19:16:52","date_gmt":"2023-03-17T18:16:52","guid":{"rendered":"https:\/\/muveszvolgykuria.t.onlab.hu\/?page_id=1170"},"modified":"2023-03-24T17:33:16","modified_gmt":"2023-03-24T16:33:16","slug":"inschrijving","status":"publish","type":"page","link":"https:\/\/muveszvolgykuria.eu\/nl\/inschrijving\/","title":{"rendered":"Inschrijving"},"content":{"rendered":"\n<p><\/p>\n\n\n\n<h2>Inschrijving<\/h2>\n\n\n\n<h3>Renovatie van de Kuthy Hall en zijn omgeving<\/h3>\n\n\n\n<p><br><strong>Project identificatie:<\/strong> GINOP-7.1.9-17-2018-00006<\/p>\n\n\n\n<p><strong>Bedrag van het fonds:\u00a0<\/strong>319.746.305,-Ft<\/p>\n\n\n\n<p><strong>Projectfinancieringsintensiteit:<\/strong> 100% niet-restitueerbaar fonds<\/p>\n\n\n\n<p><strong>Einde van het project:<\/strong> 30 september 2020<\/p>\n\n\n\n<p><strong>Naam van de begunstigde<\/strong>: OXO Properties Settlement Development Nonprofit Ltd., Gemeente Kapolcs, Hongaars Bureau voor Toerisme Ltd.<\/p>\n\n\n\n<p><strong>Beschrijving van het project:<\/strong><\/p>\n\n\n\n<p>Kapolcs is de plaats van het jaarlijkse festival &#8220;Valley of Arts&#8221;. Het festival is niet alleen populair in de regio, maar ook in het hele land. Het festival is een groot erfgoed voor de lokale bevolking die vroeger handelaar was. De Kuthy Hall speelt een belangrijke rol in het festival en dient als bioscoop voor bekende films. Als gevolg van de slechte staat van de hal zijn de mogelijkheden van het gebouw beperkt en geconcentreerd op de zomermaanden.<\/p>\n\n\n\n<p>De ontwikkeling van de Kuthy Hall staat in verband met het behoud van de regio en legt een groot empathie op het cultiveren van het erfgoed van de regio. Bovendien staat de Kuthy-hal onder historisch behoud en heeft deze een groot cultureel belang &#8211; door de hal te renoveren en nieuwe functies aan het gebouw toe te voegen, zal het de tevredenheid van de bezoekende toeristen vergroten en het culturele erfgoed van de regio versterken.<\/p>\n\n\n\n<p>De verwachte bezoekers van de Kuthy Hall: 5400 mensen.<\/p>\n\n\n\n<p><\/p>\n\n\n\n<p><\/p>\n\n\n\n<p><\/p>\n\n\n\n<figure class=\"wp-block-image size-large\"><img decoding=\"async\" loading=\"lazy\" width=\"1024\" height=\"229\" src=\"https:\/\/muveszvolgykuria.t.onlab.hu\/app\/uploads\/2023\/03\/wow_banner_fekvo_szoveg_v2-1024x229.png\" alt=\"\" class=\"wp-image-341\" srcset=\"https:\/\/muveszvolgykuria.eu\/app\/uploads\/2023\/03\/wow_banner_fekvo_szoveg_v2-1024x229.png 1024w, https:\/\/muveszvolgykuria.eu\/app\/uploads\/2023\/03\/wow_banner_fekvo_szoveg_v2-300x67.png 300w, https:\/\/muveszvolgykuria.eu\/app\/uploads\/2023\/03\/wow_banner_fekvo_szoveg_v2-768x171.png 768w, https:\/\/muveszvolgykuria.eu\/app\/uploads\/2023\/03\/wow_banner_fekvo_szoveg_v2-1536x343.png 1536w, https:\/\/muveszvolgykuria.eu\/app\/uploads\/2023\/03\/wow_banner_fekvo_szoveg_v2-2048x457.png 2048w\" sizes=\"(max-width: 1024px) 100vw, 1024px\" \/><\/figure>\n\n\n\n<p>A projekt c\u00edme: A kapolcsi M\u0171v\u00e9szv\u00f6lgy K\u00faria k\u00f6rnyezet\u00e9nek tov\u00e1bbi turisztikai c\u00e9l\u00fa fejleszt\u00e9se<br>Azonos\u00edt\u00f3 sz\u00e1ma: ET-2021-02-062<br>Kedvezm\u00e9nyezett neve \u00e9s c\u00edme: M\u0171v\u00e9szv\u00f6lgy K\u00faria Nonprofit Kft (8294 Kapolcs, Kossuth L. u. 48.)<br>A t\u00e1mogat\u00e1s \u00f6sszege: 425.410.900,- Ft<\/p>\n\n\n\n<p>A t\u00e1mogat\u00e1s m\u00e9rt\u00e9ke (%-ban): 100%<\/p>\n\n\n\n<p>A t\u00e1mogatott projekt tartalm\u00e1nak r\u00f6vid bemutat\u00e1sa: A M\u0171v\u00e9szv\u00f6lgy K\u00faria oldals\u00f3 \u00e9p\u00fcletei, a m\u00e1r 2021-ben elk\u00e9sz\u00fclt f\u0151 \u00e9p\u00fclettel egys\u00e9gben a kultur\u00e1lis \u00e9s fesztiv\u00e1l turizmus egyik kiemelked\u0151 helysz\u00ednek\u00e9nt funkcion\u00e1l. A fejleszt\u00e9snek k\u00f6sz\u00f6nhet\u0151en ker\u00e9kp\u00e1ros pont, nyitott bemutat\u00f3 t\u00e9r, mosd\u00f3k \u00e9s zuhanyz\u00f3, valamint egy k\u00e9zm\u0171ves sajtkonyha ker\u00fclt kialak\u00edt\u00e1sra.<\/p>\n\n\n\n<p>A t\u00e1mogatott projekt befejez\u00e9si d\u00e1tuma (ha megval\u00f3sult, akkor a t\u00e9nyleges befejez\u00e9s): 2023. m\u00e1rcius 31.<\/p>\n","protected":false},"excerpt":{"rendered":"<p>Inschrijving Renovatie van de Kuthy Hall en zijn omgeving Project identificatie: GINOP-7.1.9-17-2018-00006 Bedrag van het fonds:\u00a0319.746.305,-Ft Projectfinancieringsintensiteit: 100% niet-restitueerbaar fonds Einde van het project: 30 [&hellip;]<\/p>\n","protected":false},"author":1,"featured_media":0,"parent":0,"menu_order":0,"comment_status":"closed","ping_status":"closed","template":"","meta":[],"acf":[],"_links":{"self":[{"href":"https:\/\/muveszvolgykuria.eu\/nl\/wp-json\/wp\/v2\/pages\/1170"}],"collection":[{"href":"https:\/\/muveszvolgykuria.eu\/nl\/wp-json\/wp\/v2\/pages"}],"about":[{"href":"https:\/\/muveszvolgykuria.eu\/nl\/wp-json\/wp\/v2\/types\/page"}],"author":[{"embeddable":true,"href":"https:\/\/muveszvolgykuria.eu\/nl\/wp-json\/wp\/v2\/users\/1"}],"replies":[{"embeddable":true,"href":"https:\/\/muveszvolgykuria.eu\/nl\/wp-json\/wp\/v2\/comments?post=1170"}],"version-history":[{"count":1,"href":"https:\/\/muveszvolgykuria.eu\/nl\/wp-json\/wp\/v2\/pages\/1170\/revisions"}],"predecessor-version":[{"id":1186,"href":"https:\/\/muveszvolgykuria.eu\/nl\/wp-json\/wp\/v2\/pages\/1170\/revisions\/1186"}],"wp:attachment":[{"href":"https:\/\/muveszvolgykuria.eu\/nl\/wp-json\/wp\/v2\/media?parent=1170"}],"curies":[{"name":"wp","href":"https:\/\/api.w.org\/{rel}","templated":true}]}}