{"id":1319,"date":"2023-03-22T18:49:53","date_gmt":"2023-03-22T17:49:53","guid":{"rendered":"https:\/\/muveszvolgykuria.t.onlab.hu\/?page_id=1319"},"modified":"2023-03-28T20:04:29","modified_gmt":"2023-03-28T18:04:29","slug":"actualiteiten","status":"publish","type":"page","link":"https:\/\/muveszvolgykuria.eu\/nl\/actualiteiten\/","title":{"rendered":"Actualiteiten"},"content":{"rendered":"\n<div class=\"is-layout-flex wp-container-3 wp-block-columns\">\n<div class=\"is-layout-flow wp-block-column\">\n<figure class=\"wp-block-image size-full is-style-rounded-corners\"><img decoding=\"async\" loading=\"lazy\" width=\"940\" height=\"788\" src=\"http:\/\/ransom.lan\/app\/uploads\/2023\/03\/60b70773-f7e9-4b44-a4c8-b74482c9d8d4_MB1vA9szVB6lgyKBAria-PajtaProgram29.webp\" alt=\"\" class=\"wp-image-34\" srcset=\"https:\/\/muveszvolgykuria.eu\/app\/uploads\/2023\/03\/60b70773-f7e9-4b44-a4c8-b74482c9d8d4_MB1vA9szVB6lgyKBAria-PajtaProgram29.webp 940w, https:\/\/muveszvolgykuria.eu\/app\/uploads\/2023\/03\/60b70773-f7e9-4b44-a4c8-b74482c9d8d4_MB1vA9szVB6lgyKBAria-PajtaProgram29-300x251.webp 300w, https:\/\/muveszvolgykuria.eu\/app\/uploads\/2023\/03\/60b70773-f7e9-4b44-a4c8-b74482c9d8d4_MB1vA9szVB6lgyKBAria-PajtaProgram29-768x644.webp 768w\" sizes=\"(max-width: 940px) 100vw, 940px\" \/><\/figure>\n<\/div>\n\n\n\n<div class=\"is-layout-flow wp-block-column\">\n<h3>Een dalbelevenis in winter en zomer<\/h3>\n\n\n\n<p>In het centrum van Kapolcs herleeft en maakt het gebouwencomplex van de M\u0171v\u00e9szV\u00f6lgy K\u00faria de culturele diversiteit en vrijetijdservaringen van de M\u0171v\u00e9sztek V\u00f6lgye het hele jaar door toegankelijk. Het iconische hoofdgebouw, het Kuthy-herenhuis, dat in 2020 van binnen en van buiten is gerenoveerd, biedt betekenisvol entertainment voor jong en oud met gevarieerde culturele, artistieke en wetenschappelijke programma&#8217;s en interactieve tentoonstellingen. Het fietsencentrum in het zijgebouw van K\u00faria biedt een verscheidenheid aan tochten op de nieuwste elektrische fietsen van de premiumcategorie voor diegenen die ge\u00efnteresseerd zijn in de natuurlijke schoonheid van het gebied. In de externe gemeenschapsruimte, omringd door het gebouwencomplex, biedt het door HelloWood gecre\u00eberde schuurtheatergebouw ruimte voor grotere openluchtvoorstellingen, filmvertoningen en professionele programma&#8217;s. In het jaar 2023 zullen onze gasten onder andere gerenommeerde kunstenaars en makers zijn zoals Kriszti\u00e1n Grecs\u00f3, D\u00e1niel Gryllus, boebeck, H. Mikl\u00f3s Vecsei of de gebroeders L\u00e1z\u00e1r. De evenementen van het Pajta-programma vinden dit jaar plaats als onderdeel van het programma Veszpr\u00e9m-Balaton 2023 Culturele Hoofdstad van Europa.<\/p>\n<\/div>\n<\/div>\n\n\n\n<h2 class=\"has-text-align-center\">Actualiteiten<\/h2>\n\n\n\n<div class=\"is-layout-flow wp-block-query\"><ul class=\"is-layout-flow is-flex-container columns-3 mb-4 wp-block-post-template\"><li class=\"wp-block-post post-1172 post type-post status-publish format-standard has-post-thumbnail hentry category-geen-onderdeel-van-een-categorie\">\n<figure class=\"mb-4 wp-block-post-featured-image\"><a href=\"https:\/\/muveszvolgykuria.eu\/nl\/geen-onderdeel-van-een-categorie\/vera-jonas-en-andras-lovasi-komen-in-oktober-naar-kapolcs\/\" target=\"_self\" ><img width=\"300\" height=\"193\" src=\"https:\/\/muveszvolgykuria.eu\/app\/uploads\/2023\/03\/jonasvera-300x193.webp\" class=\"attachment-medium size-medium wp-post-image\" alt=\"Vera J\u00f3n\u00e1s en Andr\u00e1s Lovasi komen in oktober naar Kapolcs!\" decoding=\"async\" loading=\"lazy\" srcset=\"https:\/\/muveszvolgykuria.eu\/app\/uploads\/2023\/03\/jonasvera-300x193.webp 300w, https:\/\/muveszvolgykuria.eu\/app\/uploads\/2023\/03\/jonasvera.webp 655w\" sizes=\"(max-width: 300px) 100vw, 300px\" \/><\/a><\/figure>\n\n<h2 class=\"h4 fw-bold mb-3 wp-block-post-title\"><a href=\"https:\/\/muveszvolgykuria.eu\/nl\/geen-onderdeel-van-een-categorie\/vera-jonas-en-andras-lovasi-komen-in-oktober-naar-kapolcs\/\" target=\"_self\" >Vera J\u00f3n\u00e1s en Andr\u00e1s Lovasi komen in oktober naar Kapolcs!<\/a><\/h2>\n\n<div class=\"text-muted mb-2 wp-block-post-date\"><time datetime=\"2021-09-15T15:25:00+02:00\">2021.09.15.<\/time><\/div>\n\n<div class=\"text-body wp-block-post-excerpt\"><p class=\"wp-block-post-excerpt__excerpt\">De Valley Weekends zijn voorbij en de 30e Valley of Arts wordt alleen in 2021 gehouden tussen 23 juli en 1 augustus. Maar maak je [&hellip;] <\/p><\/div>\n<\/li><li class=\"wp-block-post post-1165 post type-post status-publish format-standard has-post-thumbnail hentry category-geen-onderdeel-van-een-categorie\">\n<figure class=\"mb-4 wp-block-post-featured-image\"><a href=\"https:\/\/muveszvolgykuria.eu\/nl\/geen-onderdeel-van-een-categorie\/het-verleden-en-de-aanwezigheid-van-de-kapolcs-artvalley-hall\/\" target=\"_self\" ><img width=\"300\" height=\"200\" src=\"https:\/\/muveszvolgykuria.eu\/app\/uploads\/2023\/03\/kuria2-300x200.webp\" class=\"attachment-medium size-medium wp-post-image\" alt=\"Het verleden en de aanwezigheid van de Kapolcs ArtValley Hall\" decoding=\"async\" loading=\"lazy\" srcset=\"https:\/\/muveszvolgykuria.eu\/app\/uploads\/2023\/03\/kuria2-300x200.webp 300w, https:\/\/muveszvolgykuria.eu\/app\/uploads\/2023\/03\/kuria2-1024x682.webp 1024w, https:\/\/muveszvolgykuria.eu\/app\/uploads\/2023\/03\/kuria2-768x512.webp 768w, https:\/\/muveszvolgykuria.eu\/app\/uploads\/2023\/03\/kuria2.webp 1220w\" sizes=\"(max-width: 300px) 100vw, 300px\" \/><\/a><\/figure>\n\n<h2 class=\"h4 fw-bold mb-3 wp-block-post-title\"><a href=\"https:\/\/muveszvolgykuria.eu\/nl\/geen-onderdeel-van-een-categorie\/het-verleden-en-de-aanwezigheid-van-de-kapolcs-artvalley-hall\/\" target=\"_self\" >Het verleden en de aanwezigheid van de Kapolcs ArtValley Hall<\/a><\/h2>\n\n<div class=\"text-muted mb-2 wp-block-post-date\"><time datetime=\"2020-10-02T15:23:00+02:00\">2020.10.02.<\/time><\/div>\n\n<div class=\"text-body wp-block-post-excerpt\"><p class=\"wp-block-post-excerpt__excerpt\">De hal, geopend en volledig gerenoveerd in september 2020, stond oorspronkelijk bekend als Kuti-huis en Kuthy-hal onder de mensen van Kapolcs en de bezoekers van [&hellip;] <\/p><\/div>\n<\/li><li class=\"wp-block-post post-1167 post type-post status-publish format-standard has-post-thumbnail hentry category-geen-onderdeel-van-een-categorie\">\n<figure class=\"mb-4 wp-block-post-featured-image\"><a href=\"https:\/\/muveszvolgykuria.eu\/nl\/geen-onderdeel-van-een-categorie\/zomerafscheidsconcert-in-kapolcs-met-straattheater\/\" target=\"_self\" ><img width=\"300\" height=\"200\" src=\"https:\/\/muveszvolgykuria.eu\/app\/uploads\/2023\/03\/bondoro-300x200.webp\" class=\"attachment-medium size-medium wp-post-image\" alt=\"Zomerafscheidsconcert in Kapolcs met straattheater\" decoding=\"async\" loading=\"lazy\" srcset=\"https:\/\/muveszvolgykuria.eu\/app\/uploads\/2023\/03\/bondoro-300x200.webp 300w, https:\/\/muveszvolgykuria.eu\/app\/uploads\/2023\/03\/bondoro-1024x683.webp 1024w, https:\/\/muveszvolgykuria.eu\/app\/uploads\/2023\/03\/bondoro-768x512.webp 768w, https:\/\/muveszvolgykuria.eu\/app\/uploads\/2023\/03\/bondoro.webp 1220w\" sizes=\"(max-width: 300px) 100vw, 300px\" \/><\/a><\/figure>\n\n<h2 class=\"h4 fw-bold mb-3 wp-block-post-title\"><a href=\"https:\/\/muveszvolgykuria.eu\/nl\/geen-onderdeel-van-een-categorie\/zomerafscheidsconcert-in-kapolcs-met-straattheater\/\" target=\"_self\" >Zomerafscheidsconcert in Kapolcs met straattheater<\/a><\/h2>\n\n<div class=\"text-muted mb-2 wp-block-post-date\"><time datetime=\"2020-09-14T15:27:00+02:00\">2020.09.14.<\/time><\/div>\n\n<div class=\"text-body wp-block-post-excerpt\"><p class=\"wp-block-post-excerpt__excerpt\">Voor de tweede keer dit jaar wordt het Bondor\u00f3 Street Theatre Festival gehouden als het afscheidsevenement van de zomer tussen 28 en 30 augustus om [&hellip;] <\/p><\/div>\n<\/li><li class=\"wp-block-post post-1159 post type-post status-publish format-standard has-post-thumbnail hentry category-geen-onderdeel-van-een-categorie\">\n<figure class=\"mb-4 wp-block-post-featured-image\"><a href=\"https:\/\/muveszvolgykuria.eu\/nl\/geen-onderdeel-van-een-categorie\/openingsceremonie-art-valley-hall\/\" target=\"_self\" ><img width=\"300\" height=\"200\" src=\"https:\/\/muveszvolgykuria.eu\/app\/uploads\/2023\/03\/megnyito-300x200.webp\" class=\"attachment-medium size-medium wp-post-image\" alt=\"Openingsceremonie Art Valley Hall\" decoding=\"async\" loading=\"lazy\" srcset=\"https:\/\/muveszvolgykuria.eu\/app\/uploads\/2023\/03\/megnyito-300x200.webp 300w, https:\/\/muveszvolgykuria.eu\/app\/uploads\/2023\/03\/megnyito-768x513.webp 768w, https:\/\/muveszvolgykuria.eu\/app\/uploads\/2023\/03\/megnyito.webp 800w\" sizes=\"(max-width: 300px) 100vw, 300px\" \/><\/a><\/figure>\n\n<h2 class=\"h4 fw-bold mb-3 wp-block-post-title\"><a href=\"https:\/\/muveszvolgykuria.eu\/nl\/geen-onderdeel-van-een-categorie\/openingsceremonie-art-valley-hall\/\" target=\"_self\" >Openingsceremonie Art Valley Hall<\/a><\/h2>\n\n<div class=\"text-muted mb-2 wp-block-post-date\"><time datetime=\"2020-09-03T15:29:00+02:00\">2020.09.03.<\/time><\/div>\n\n<div class=\"text-body wp-block-post-excerpt\"><p class=\"wp-block-post-excerpt__excerpt\">De ArtValley Hall opent zijn poorten in september als het nieuwe centrum voor gemeenschap en cultuur in Kapolcs. We presenteren het nieuwe stadsplein, de hal [&hellip;] <\/p><\/div>\n<\/li><li class=\"wp-block-post post-1157 post type-post status-publish format-standard has-post-thumbnail hentry category-geen-onderdeel-van-een-categorie\">\n<figure class=\"mb-4 wp-block-post-featured-image\"><a href=\"https:\/\/muveszvolgykuria.eu\/nl\/geen-onderdeel-van-een-categorie\/de-muveszvolgy-kuria-start-haar-programmas-in-januari\/\" target=\"_self\" ><img width=\"300\" height=\"191\" src=\"https:\/\/muveszvolgykuria.eu\/app\/uploads\/2023\/03\/lovasi-300x191.webp\" class=\"attachment-medium size-medium wp-post-image\" alt=\"De M\u0171v\u00e9szV\u00f6lgy K\u00faria start haar programma&#8217;s in januari\" decoding=\"async\" loading=\"lazy\" srcset=\"https:\/\/muveszvolgykuria.eu\/app\/uploads\/2023\/03\/lovasi-300x191.webp 300w, https:\/\/muveszvolgykuria.eu\/app\/uploads\/2023\/03\/lovasi.webp 480w\" sizes=\"(max-width: 300px) 100vw, 300px\" \/><\/a><\/figure>\n\n<h2 class=\"h4 fw-bold mb-3 wp-block-post-title\"><a href=\"https:\/\/muveszvolgykuria.eu\/nl\/geen-onderdeel-van-een-categorie\/de-muveszvolgy-kuria-start-haar-programmas-in-januari\/\" target=\"_self\" >De M\u0171v\u00e9szV\u00f6lgy K\u00faria start haar programma&#8217;s in januari<\/a><\/h2>\n\n<div class=\"text-muted mb-2 wp-block-post-date\"><time datetime=\"2020-09-03T15:24:00+02:00\">2020.09.03.<\/time><\/div>\n\n<div class=\"text-body wp-block-post-excerpt\"><p class=\"wp-block-post-excerpt__excerpt\">Vanwege de pandemie hebben we de programma&#8217;s uitgesteld zodat ze zullen plaatsvinden vanaf 23 januari 2021. Er zullen &#8216;s nachts handwerkprogramma&#8217;s voor de kinderen en [&hellip;] <\/p><\/div>\n<\/li><li class=\"wp-block-post post-1169 post type-post status-publish format-standard has-post-thumbnail hentry category-geen-onderdeel-van-een-categorie\">\n<figure class=\"mb-4 wp-block-post-featured-image\"><a href=\"https:\/\/muveszvolgykuria.eu\/nl\/geen-onderdeel-van-een-categorie\/laten-we-elkaar-ontmoeten-tijdens-de-valley-weekends\/\" target=\"_self\" ><img width=\"300\" height=\"215\" src=\"https:\/\/muveszvolgykuria.eu\/app\/uploads\/2023\/03\/volgyhetvege-300x215.webp\" class=\"attachment-medium size-medium wp-post-image\" alt=\"Laten we elkaar ontmoeten tijdens de Valley Weekends!\" decoding=\"async\" loading=\"lazy\" srcset=\"https:\/\/muveszvolgykuria.eu\/app\/uploads\/2023\/03\/volgyhetvege-300x215.webp 300w, https:\/\/muveszvolgykuria.eu\/app\/uploads\/2023\/03\/volgyhetvege.webp 604w\" sizes=\"(max-width: 300px) 100vw, 300px\" \/><\/a><\/figure>\n\n<h2 class=\"h4 fw-bold mb-3 wp-block-post-title\"><a href=\"https:\/\/muveszvolgykuria.eu\/nl\/geen-onderdeel-van-een-categorie\/laten-we-elkaar-ontmoeten-tijdens-de-valley-weekends\/\" target=\"_self\" >Laten we elkaar ontmoeten tijdens de Valley Weekends!<\/a><\/h2>\n\n<div class=\"text-muted mb-2 wp-block-post-date\"><time datetime=\"2020-08-03T15:27:00+02:00\">2020.08.03.<\/time><\/div>\n\n<div class=\"text-body wp-block-post-excerpt\"><p class=\"wp-block-post-excerpt__excerpt\">Het team van de Valley of Arts begroet de menigte tijdens vier Valley Weekends dit najaar in Kapolcs, ook in de onlangs gerenoveerde ArtValley Hall. [&hellip;] <\/p><\/div>\n<\/li><li class=\"wp-block-post post-1162 post type-post status-publish format-standard has-post-thumbnail hentry category-geen-onderdeel-van-een-categorie\">\n<figure class=\"mb-4 wp-block-post-featured-image\"><a href=\"https:\/\/muveszvolgykuria.eu\/nl\/geen-onderdeel-van-een-categorie\/kofeszt\/\" target=\"_self\" ><img width=\"300\" height=\"215\" src=\"https:\/\/muveszvolgykuria.eu\/app\/uploads\/2023\/03\/kofeszt-300x215.webp\" class=\"attachment-medium size-medium wp-post-image\" alt=\"K\u0151feszt\" decoding=\"async\" loading=\"lazy\" srcset=\"https:\/\/muveszvolgykuria.eu\/app\/uploads\/2023\/03\/kofeszt-300x215.webp 300w, https:\/\/muveszvolgykuria.eu\/app\/uploads\/2023\/03\/kofeszt.webp 604w\" sizes=\"(max-width: 300px) 100vw, 300px\" \/><\/a><\/figure>\n\n<h2 class=\"h4 fw-bold mb-3 wp-block-post-title\"><a href=\"https:\/\/muveszvolgykuria.eu\/nl\/geen-onderdeel-van-een-categorie\/kofeszt\/\" target=\"_self\" >K\u0151feszt<\/a><\/h2>\n\n<div class=\"text-muted mb-2 wp-block-post-date\"><time datetime=\"0202-08-19T15:29:00+01:16\">0202.08.19.<\/time><\/div>\n\n<div class=\"text-body wp-block-post-excerpt\"><p class=\"wp-block-post-excerpt__excerpt\">De K\u0150FESZT-programmareeks omvat alle nederzettingen van het K\u00e1li-bekken met literaire programma&#8217;s, concerten, tentoonstellingen en rondetafelgesprekken. <\/p><\/div>\n<\/li><\/ul>\n\n\n\n<\/div>\n","protected":false},"excerpt":{"rendered":"<p>Een dalbelevenis in winter en zomer In het centrum van Kapolcs herleeft en maakt het gebouwencomplex van de M\u0171v\u00e9szV\u00f6lgy K\u00faria de culturele diversiteit en vrijetijdservaringen [&hellip;]<\/p>\n","protected":false},"author":1,"featured_media":0,"parent":0,"menu_order":0,"comment_status":"closed","ping_status":"closed","template":"","meta":[],"acf":[],"_links":{"self":[{"href":"https:\/\/muveszvolgykuria.eu\/nl\/wp-json\/wp\/v2\/pages\/1319"}],"collection":[{"href":"https:\/\/muveszvolgykuria.eu\/nl\/wp-json\/wp\/v2\/pages"}],"about":[{"href":"https:\/\/muveszvolgykuria.eu\/nl\/wp-json\/wp\/v2\/types\/page"}],"author":[{"embeddable":true,"href":"https:\/\/muveszvolgykuria.eu\/nl\/wp-json\/wp\/v2\/users\/1"}],"replies":[{"embeddable":true,"href":"https:\/\/muveszvolgykuria.eu\/nl\/wp-json\/wp\/v2\/comments?post=1319"}],"version-history":[{"count":3,"href":"https:\/\/muveszvolgykuria.eu\/nl\/wp-json\/wp\/v2\/pages\/1319\/revisions"}],"predecessor-version":[{"id":1495,"href":"https:\/\/muveszvolgykuria.eu\/nl\/wp-json\/wp\/v2\/pages\/1319\/revisions\/1495"}],"wp:attachment":[{"href":"https:\/\/muveszvolgykuria.eu\/nl\/wp-json\/wp\/v2\/media?parent=1319"}],"curies":[{"name":"wp","href":"https:\/\/api.w.org\/{rel}","templated":true}]}}