{"id":1515,"date":"2023-03-24T00:24:09","date_gmt":"2023-03-23T23:24:09","guid":{"rendered":"https:\/\/muveszvolgykuria.t.onlab.hu\/?page_id=1515"},"modified":"2023-06-13T09:39:07","modified_gmt":"2023-06-13T07:39:07","slug":"kerekparos-kozpont","status":"publish","type":"page","link":"https:\/\/muveszvolgykuria.eu\/nl\/kerekparos-kozpont\/","title":{"rendered":"Wielersport"},"content":{"rendered":"\n<h1 class=\"has-text-align-center\">BalatonBike365 Fietscentrum<\/h1>\n\n\n\n<div class=\"is-layout-flex wp-container-4 wp-block-columns\">\n<div class=\"is-layout-flow wp-block-column\" style=\"flex-basis:50%\">\n<figure class=\"wp-block-image size-large\"><img decoding=\"async\" loading=\"lazy\" width=\"1024\" height=\"768\" src=\"https:\/\/muveszvolgykuria.t.onlab.hu\/app\/uploads\/2023\/03\/8c8308cd2-1024x768.jpg\" alt=\"\" class=\"wp-image-342\" srcset=\"https:\/\/muveszvolgykuria.eu\/app\/uploads\/2023\/03\/8c8308cd2-1024x768.jpg 1024w, https:\/\/muveszvolgykuria.eu\/app\/uploads\/2023\/03\/8c8308cd2-300x225.jpg 300w, https:\/\/muveszvolgykuria.eu\/app\/uploads\/2023\/03\/8c8308cd2-768x576.jpg 768w, https:\/\/muveszvolgykuria.eu\/app\/uploads\/2023\/03\/8c8308cd2.jpg 1118w\" sizes=\"(max-width: 1024px) 100vw, 1024px\" \/><\/figure>\n<\/div>\n\n\n\n<div class=\"is-layout-flow wp-block-column\" style=\"flex-basis:50%\">\n<p>In Kapolcs is het BalatonBike365 Bicycle Center actief in het bijgebouw van het M\u0171v\u00e9szV\u00f6lgy Mansion, waar de nieuwste eBikes uit de premiumcategorie wachten, die u kunt huren of testen tijdens onze begeleide ervaringstochten! In het centrum zijn een fietsenwinkel en -verhuur, fietsservice en elektrische oplader beschikbaar, terwijl ook de andere programma&#8217;s en het caf\u00e9 van de M\u0171v\u00e9szV\u00f6lgy K\u00faria tot uw beschikking staan. U kunt zich vooraf registreren voor tours en fietsverhuur op de Balaton Bike Tour-website via de onderstaande link. Huur een fiets en verken Zuid-Bakony en het Balatonmeer op twee wielen!<\/p>\n\n\n\n<h3>Contacten:<\/h3>\n\n\n\n<p>Adres:&nbsp;Kapolcs, Kossuth utca 42.<br>Telefoon:&nbsp;<a href=\"tel:+36307372201\">+36307372201<\/a><br>E-mail:&nbsp;<a href=\"mailto:info@balatonbiketour.com\">info@balatonbiketour.com<\/a><\/p>\n\n\n\n<div class=\"is-layout-flex wp-block-buttons\">\n<div class=\"wp-block-button\" style=\"font-style:normal;font-weight:600\"><a class=\"wp-block-button__link has-white-color has-primary-background-color has-text-color has-background wp-element-button\" href=\"https:\/\/www.balatonbiketour.com\/bbt-hely\/bb365-kapolcs\" target=\"_blank\" rel=\"noreferrer noopener\">Ga naar de BBT-pagina<\/a><\/div>\n\n\n\n<div class=\"wp-block-button\" style=\"font-style:normal;font-weight:600\"><a class=\"wp-block-button__link has-white-color has-primary-background-color has-text-color has-background wp-element-button\" href=\"https:\/\/www.balatonbike365.hu\/nl\" target=\"_blank\" rel=\"noreferrer noopener\">Ga naar de BB365-pagina<\/a><\/div>\n\n\n\n<div class=\"wp-block-button\" style=\"font-style:normal;font-weight:600\"><a class=\"wp-block-button__link has-white-color has-primary-background-color has-text-color has-background wp-element-button\" href=\"https:\/\/www.balatonbiketour.com\/img\/bbt-katalogus-2023.pdf\">BBT catalogus<\/a><\/div>\n<\/div>\n<\/div>\n<\/div>\n","protected":false},"excerpt":{"rendered":"<p>BalatonBike365 Fietscentrum In Kapolcs is het BalatonBike365 Bicycle Center actief in het bijgebouw van het M\u0171v\u00e9szV\u00f6lgy Mansion, waar de nieuwste eBikes uit de premiumcategorie wachten, [&hellip;]<\/p>\n","protected":false},"author":1,"featured_media":0,"parent":0,"menu_order":0,"comment_status":"closed","ping_status":"closed","template":"","meta":[],"acf":[],"_links":{"self":[{"href":"https:\/\/muveszvolgykuria.eu\/nl\/wp-json\/wp\/v2\/pages\/1515"}],"collection":[{"href":"https:\/\/muveszvolgykuria.eu\/nl\/wp-json\/wp\/v2\/pages"}],"about":[{"href":"https:\/\/muveszvolgykuria.eu\/nl\/wp-json\/wp\/v2\/types\/page"}],"author":[{"embeddable":true,"href":"https:\/\/muveszvolgykuria.eu\/nl\/wp-json\/wp\/v2\/users\/1"}],"replies":[{"embeddable":true,"href":"https:\/\/muveszvolgykuria.eu\/nl\/wp-json\/wp\/v2\/comments?post=1515"}],"version-history":[{"count":4,"href":"https:\/\/muveszvolgykuria.eu\/nl\/wp-json\/wp\/v2\/pages\/1515\/revisions"}],"predecessor-version":[{"id":2083,"href":"https:\/\/muveszvolgykuria.eu\/nl\/wp-json\/wp\/v2\/pages\/1515\/revisions\/2083"}],"wp:attachment":[{"href":"https:\/\/muveszvolgykuria.eu\/nl\/wp-json\/wp\/v2\/media?parent=1515"}],"curies":[{"name":"wp","href":"https:\/\/api.w.org\/{rel}","templated":true}]}}