{"id":1261,"date":"2023-03-17T19:16:52","date_gmt":"2023-03-17T18:16:52","guid":{"rendered":"https:\/\/muveszvolgykuria.t.onlab.hu\/?page_id=1261"},"modified":"2023-03-24T17:57:19","modified_gmt":"2023-03-24T16:57:19","slug":"tender","status":"publish","type":"page","link":"https:\/\/muveszvolgykuria.eu\/ro\/tender\/","title":{"rendered":"Tender"},"content":{"rendered":"\n<p><\/p>\n\n\n\n<h2>Tender<\/h2>\n\n\n\n<h3><strong><strong>Renovarea s\u0103lii Kuthy \u0219i \u00eemprejurimile sale<\/strong><\/strong><\/h3>\n\n\n\n<p><br><strong>Identificarea proiectului:<\/strong> GINOP-7.1.9-17-2018-00006<\/p>\n\n\n\n<p><strong>Valoarea fondului: <\/strong>319.746.305, -Ft<\/p>\n\n\n\n<p><strong><strong><strong>Intensitatea finan\u021b\u0103rii proiectului:<\/strong>\u00a0<\/strong><\/strong>fond nerambursabil 100%<\/p>\n\n\n\n<p><strong>Sf\u00e2r\u0219itul proiectului:<\/strong>\u00a02020 30 septembrie<\/p>\n\n\n\n<p><strong><strong>Numele beneficiarului<\/strong>: <\/strong>OXO Properties Settlement Development Nonprofit Ltd., Municipiul\u00a0Kapolcs, Agen\u021bia Maghiar\u0103 de Turism Ltd.<\/p>\n\n\n\n<p><strong>Descrierea proiectului:<\/strong><\/p>\n\n\n\n<p>Kapolcs este locul festivalului anual \u201eValea Artelor\u201d. Festivalul este popular nu doar \u00een regiune, ci la nivel na\u021bional \u00een \u021bar\u0103. Festivalul este o mo\u0219tenire excelent\u0103 pentru localnicii care erau comercian\u021bi \u00een vremurile de demult. Sala Kuthy are un rol important \u00een festival \u0219i serve\u0219te drept cinematograf pentru filme cunoscute. Ca o consecin\u021b\u0103 a condi\u021biilor proaste ale s\u0103lii, posibilit\u0103\u021bile cl\u0103dirii sunt limitate \u0219i concentrate asupra lunilor de var\u0103.<\/p>\n\n\n\n<p>Dezvoltarea s\u0103lii Kuthy este legat\u0103 de conservarea regiunii \u0219i pune foarte mult accent pe cultivarea patrimoniului regiunii. \u00cen plus, Sala Kuthy se afl\u0103 \u00een conservare istoric\u0103 \u0219i are o mare importan\u021b\u0103 cultural\u0103 &#8211; prin renovarea s\u0103lii \u0219i ad\u0103ugarea de noi func\u021bii cl\u0103dirii, va spori satisfac\u021bia turi\u0219tilor care viziteaz\u0103 \u0219i va spori patrimoniul cultural al regiunii.<\/p>\n\n\n\n<p>Vizitatorii a\u0219tepta\u021bi ai s\u0103lii Kuthy: 5400 de persoane.<\/p>\n\n\n\n<p><\/p>\n\n\n\n<p><\/p>\n\n\n\n<p><\/p>\n\n\n\n<figure class=\"wp-block-image size-large\"><img decoding=\"async\" loading=\"lazy\" width=\"1024\" height=\"229\" src=\"https:\/\/muveszvolgykuria.t.onlab.hu\/app\/uploads\/2023\/03\/wow_banner_fekvo_szoveg_v2-1024x229.png\" alt=\"\" class=\"wp-image-341\" srcset=\"https:\/\/muveszvolgykuria.eu\/app\/uploads\/2023\/03\/wow_banner_fekvo_szoveg_v2-1024x229.png 1024w, https:\/\/muveszvolgykuria.eu\/app\/uploads\/2023\/03\/wow_banner_fekvo_szoveg_v2-300x67.png 300w, https:\/\/muveszvolgykuria.eu\/app\/uploads\/2023\/03\/wow_banner_fekvo_szoveg_v2-768x171.png 768w, https:\/\/muveszvolgykuria.eu\/app\/uploads\/2023\/03\/wow_banner_fekvo_szoveg_v2-1536x343.png 1536w, https:\/\/muveszvolgykuria.eu\/app\/uploads\/2023\/03\/wow_banner_fekvo_szoveg_v2-2048x457.png 2048w\" sizes=\"(max-width: 1024px) 100vw, 1024px\" \/><\/figure>\n\n\n\n<p>A projekt c\u00edme: A kapolcsi M\u0171v\u00e9szv\u00f6lgy K\u00faria k\u00f6rnyezet\u00e9nek tov\u00e1bbi turisztikai c\u00e9l\u00fa fejleszt\u00e9se<br>Azonos\u00edt\u00f3 sz\u00e1ma: ET-2021-02-062<br>Kedvezm\u00e9nyezett neve \u00e9s c\u00edme: M\u0171v\u00e9szv\u00f6lgy K\u00faria Nonprofit Kft (8294 Kapolcs, Kossuth L. u. 48.)<br>A t\u00e1mogat\u00e1s \u00f6sszege: 425.410.900,- Ft<\/p>\n\n\n\n<p>A t\u00e1mogat\u00e1s m\u00e9rt\u00e9ke (%-ban): 100%<\/p>\n\n\n\n<p>A t\u00e1mogatott projekt tartalm\u00e1nak r\u00f6vid bemutat\u00e1sa: A M\u0171v\u00e9szv\u00f6lgy K\u00faria oldals\u00f3 \u00e9p\u00fcletei, a m\u00e1r 2021-ben elk\u00e9sz\u00fclt f\u0151 \u00e9p\u00fclettel egys\u00e9gben a kultur\u00e1lis \u00e9s fesztiv\u00e1l turizmus egyik kiemelked\u0151 helysz\u00ednek\u00e9nt funkcion\u00e1l. A fejleszt\u00e9snek k\u00f6sz\u00f6nhet\u0151en ker\u00e9kp\u00e1ros pont, nyitott bemutat\u00f3 t\u00e9r, mosd\u00f3k \u00e9s zuhanyz\u00f3, valamint egy k\u00e9zm\u0171ves sajtkonyha ker\u00fclt kialak\u00edt\u00e1sra.<\/p>\n\n\n\n<p>A t\u00e1mogatott projekt befejez\u00e9si d\u00e1tuma (ha megval\u00f3sult, akkor a t\u00e9nyleges befejez\u00e9s): 2023. m\u00e1rcius 31.<\/p>\n","protected":false},"excerpt":{"rendered":"<p>Tender Renovarea s\u0103lii Kuthy \u0219i \u00eemprejurimile sale Identificarea proiectului: GINOP-7.1.9-17-2018-00006 Valoarea fondului: 319.746.305, -Ft Intensitatea finan\u021b\u0103rii proiectului:\u00a0fond nerambursabil 100% Sf\u00e2r\u0219itul proiectului:\u00a02020 30 septembrie Numele beneficiarului: [&hellip;]<\/p>\n","protected":false},"author":1,"featured_media":0,"parent":0,"menu_order":0,"comment_status":"closed","ping_status":"closed","template":"","meta":[],"acf":[],"_links":{"self":[{"href":"https:\/\/muveszvolgykuria.eu\/ro\/wp-json\/wp\/v2\/pages\/1261"}],"collection":[{"href":"https:\/\/muveszvolgykuria.eu\/ro\/wp-json\/wp\/v2\/pages"}],"about":[{"href":"https:\/\/muveszvolgykuria.eu\/ro\/wp-json\/wp\/v2\/types\/page"}],"author":[{"embeddable":true,"href":"https:\/\/muveszvolgykuria.eu\/ro\/wp-json\/wp\/v2\/users\/1"}],"replies":[{"embeddable":true,"href":"https:\/\/muveszvolgykuria.eu\/ro\/wp-json\/wp\/v2\/comments?post=1261"}],"version-history":[{"count":1,"href":"https:\/\/muveszvolgykuria.eu\/ro\/wp-json\/wp\/v2\/pages\/1261\/revisions"}],"predecessor-version":[{"id":1269,"href":"https:\/\/muveszvolgykuria.eu\/ro\/wp-json\/wp\/v2\/pages\/1261\/revisions\/1269"}],"wp:attachment":[{"href":"https:\/\/muveszvolgykuria.eu\/ro\/wp-json\/wp\/v2\/media?parent=1261"}],"curies":[{"name":"wp","href":"https:\/\/api.w.org\/{rel}","templated":true}]}}