{"id":1333,"date":"2023-03-22T18:49:53","date_gmt":"2023-03-22T17:49:53","guid":{"rendered":"https:\/\/muveszvolgykuria.t.onlab.hu\/?page_id=1333"},"modified":"2023-03-28T20:08:17","modified_gmt":"2023-03-28T18:08:17","slug":"actualitati","status":"publish","type":"page","link":"https:\/\/muveszvolgykuria.eu\/ro\/actualitati\/","title":{"rendered":"Actualit\u0103\u021bi"},"content":{"rendered":"\n<div class=\"is-layout-flex wp-container-3 wp-block-columns\">\n<div class=\"is-layout-flow wp-block-column\">\n<figure class=\"wp-block-image size-full is-style-rounded-corners\"><img decoding=\"async\" loading=\"lazy\" width=\"940\" height=\"788\" src=\"http:\/\/ransom.lan\/app\/uploads\/2023\/03\/60b70773-f7e9-4b44-a4c8-b74482c9d8d4_MB1vA9szVB6lgyKBAria-PajtaProgram29.webp\" alt=\"\" class=\"wp-image-34\" srcset=\"https:\/\/muveszvolgykuria.eu\/app\/uploads\/2023\/03\/60b70773-f7e9-4b44-a4c8-b74482c9d8d4_MB1vA9szVB6lgyKBAria-PajtaProgram29.webp 940w, https:\/\/muveszvolgykuria.eu\/app\/uploads\/2023\/03\/60b70773-f7e9-4b44-a4c8-b74482c9d8d4_MB1vA9szVB6lgyKBAria-PajtaProgram29-300x251.webp 300w, https:\/\/muveszvolgykuria.eu\/app\/uploads\/2023\/03\/60b70773-f7e9-4b44-a4c8-b74482c9d8d4_MB1vA9szVB6lgyKBAria-PajtaProgram29-768x644.webp 768w\" sizes=\"(max-width: 940px) 100vw, 940px\" \/><\/figure>\n<\/div>\n\n\n\n<div class=\"is-layout-flow wp-block-column\">\n<h3>O experien\u021b\u0103 de vale iarna \u0219i vara<\/h3>\n\n\n\n<p>\u00cen centrul ora\u0219ului Kapolcs, complexul de cl\u0103diri al M\u0171v\u00e9szV\u00f6lgy K\u00faria re\u00eenvie \u0219i face accesibil\u0103 diversitatea cultural\u0103 \u0219i experien\u021bele de agrement ale M\u0171v\u00e9sztek V\u00f6lgye pe tot parcursul anului. Cl\u0103direa sa principal\u0103 emblematic\u0103, conacul Kuthy, care a fost renovat \u00een interior \u0219i \u00een exterior \u00een 2020, ofer\u0103 divertisment semnificativ at\u00e2t pentru tineri, c\u00e2t \u0219i pentru b\u0103tr\u00e2ni, cu programe culturale, artistice \u0219i \u0219tiin\u021bifice variate \u0219i expozi\u021bii interactive. Centrul de biciclete care func\u021bioneaz\u0103 \u00een cl\u0103direa lateral\u0103 K\u00faria ofer\u0103 o varietate de tururi pe cele mai recente biciclete electrice de categorie premium pentru cei interesa\u021bi de frumuse\u021bea natural\u0103 a zonei. \u00cen spa\u021biul comunitar exterior \u00eenconjurat de complexul de cl\u0103diri, cl\u0103direa teatrului hambar creat de HelloWood ofer\u0103 spa\u021biu pentru spectacole mai mari \u00een aer liber, proiec\u021bii de filme \u0219i programe profesionale. \u00cen anul 2023, invita\u021bii no\u0219tri vor fi, printre al\u021bii, arti\u0219ti \u0219i creatori renumi\u021bi precum Kriszti\u00e1n Grecs\u00f3, D\u00e1niel Gryllus, boebeck, H. Mikl\u00f3s Vecsei sau fra\u021bii L\u00e1z\u00e1r. Evenimentele Programului Pajta vor avea loc anul acesta \u00een cadrul programului Veszpr\u00e9m-Balaton 2023 Capital\u0103 Cultural\u0103 European\u0103.<\/p>\n<\/div>\n<\/div>\n\n\n\n<h2 class=\"has-text-align-center\">Actualit\u0103\u021bi<\/h2>\n\n\n\n<div class=\"is-layout-flow wp-block-query\"><ul class=\"is-layout-flow is-flex-container columns-3 mb-4 wp-block-post-template\"><li class=\"wp-block-post post-1249 post type-post status-publish format-standard has-post-thumbnail hentry category-uncategorized-ro\">\n<figure class=\"mb-4 wp-block-post-featured-image\"><a href=\"https:\/\/muveszvolgykuria.eu\/ro\/uncategorized-ro\/vera-jonas-si-andras-lovasi-vin-la-kapolcs-in-octombrie\/\" target=\"_self\" ><img width=\"300\" height=\"193\" src=\"https:\/\/muveszvolgykuria.eu\/app\/uploads\/2023\/03\/jonasvera-300x193.webp\" class=\"attachment-medium size-medium wp-post-image\" alt=\"Vera J\u00f3n\u00e1s \u0219i Andr\u00e1s Lovasi vin la Kapolcs \u00een octombrie!\" decoding=\"async\" loading=\"lazy\" srcset=\"https:\/\/muveszvolgykuria.eu\/app\/uploads\/2023\/03\/jonasvera-300x193.webp 300w, https:\/\/muveszvolgykuria.eu\/app\/uploads\/2023\/03\/jonasvera.webp 655w\" sizes=\"(max-width: 300px) 100vw, 300px\" \/><\/a><\/figure>\n\n<h2 class=\"h4 fw-bold mb-3 wp-block-post-title\"><a href=\"https:\/\/muveszvolgykuria.eu\/ro\/uncategorized-ro\/vera-jonas-si-andras-lovasi-vin-la-kapolcs-in-octombrie\/\" target=\"_self\" >Vera J\u00f3n\u00e1s \u0219i Andr\u00e1s Lovasi vin la Kapolcs \u00een octombrie!<\/a><\/h2>\n\n<div class=\"text-muted mb-2 wp-block-post-date\"><time datetime=\"2021-09-15T15:25:00+02:00\">2021.09.15.<\/time><\/div>\n\n<div class=\"text-body wp-block-post-excerpt\"><p class=\"wp-block-post-excerpt__excerpt\">Weekend-urile Valley s-au \u00eencheiat, iar cea de-a 30-a Valley of Arts va avea loc numai \u00een 2021 \u00eentre 23 iulie \u0219i 1 august. Nu v\u0103 [&hellip;] <\/p><\/div>\n<\/li><li class=\"wp-block-post post-1113 post type-post status-publish format-standard has-post-thumbnail hentry category-uncategorized-ro\">\n<figure class=\"mb-4 wp-block-post-featured-image\"><a href=\"https:\/\/muveszvolgykuria.eu\/ro\/uncategorized-ro\/trecutul-si-prezenta-kapolcs-artvalley-hall\/\" target=\"_self\" ><img width=\"300\" height=\"200\" src=\"https:\/\/muveszvolgykuria.eu\/app\/uploads\/2023\/03\/kuria2-300x200.webp\" class=\"attachment-medium size-medium wp-post-image\" alt=\"Trecutul \u0219i prezen\u021ba Kapolcs ArtValley Hall\" decoding=\"async\" loading=\"lazy\" srcset=\"https:\/\/muveszvolgykuria.eu\/app\/uploads\/2023\/03\/kuria2-300x200.webp 300w, https:\/\/muveszvolgykuria.eu\/app\/uploads\/2023\/03\/kuria2-1024x682.webp 1024w, https:\/\/muveszvolgykuria.eu\/app\/uploads\/2023\/03\/kuria2-768x512.webp 768w, https:\/\/muveszvolgykuria.eu\/app\/uploads\/2023\/03\/kuria2.webp 1220w\" sizes=\"(max-width: 300px) 100vw, 300px\" \/><\/a><\/figure>\n\n<h2 class=\"h4 fw-bold mb-3 wp-block-post-title\"><a href=\"https:\/\/muveszvolgykuria.eu\/ro\/uncategorized-ro\/trecutul-si-prezenta-kapolcs-artvalley-hall\/\" target=\"_self\" >Trecutul \u0219i prezen\u021ba Kapolcs ArtValley Hall<\/a><\/h2>\n\n<div class=\"text-muted mb-2 wp-block-post-date\"><time datetime=\"2020-10-02T15:23:00+02:00\">2020.10.02.<\/time><\/div>\n\n<div class=\"text-body wp-block-post-excerpt\"><p class=\"wp-block-post-excerpt__excerpt\">Sala, deschis\u0103 \u0219i complet renovat\u0103 \u00een 2020 septembrie, a fost ini\u021bial cunoscut\u0103 sub numele de casa Kuti \u0219i sala Kuthy \u00een r\u00e2ndul locuitorilor din Kapolcs, [&hellip;] <\/p><\/div>\n<\/li><li class=\"wp-block-post post-1103 post type-post status-publish format-standard has-post-thumbnail hentry category-uncategorized-ro\">\n<figure class=\"mb-4 wp-block-post-featured-image\"><a href=\"https:\/\/muveszvolgykuria.eu\/ro\/uncategorized-ro\/concert-summer-farewell-in-kapolcs-cu-teatru-de-strada\/\" target=\"_self\" ><img width=\"300\" height=\"200\" src=\"https:\/\/muveszvolgykuria.eu\/app\/uploads\/2023\/03\/bondoro-300x200.webp\" class=\"attachment-medium size-medium wp-post-image\" alt=\"Concert Summer Farewell \u00een Kapolcs cu teatru de strad\u0103\" decoding=\"async\" loading=\"lazy\" srcset=\"https:\/\/muveszvolgykuria.eu\/app\/uploads\/2023\/03\/bondoro-300x200.webp 300w, https:\/\/muveszvolgykuria.eu\/app\/uploads\/2023\/03\/bondoro-1024x683.webp 1024w, https:\/\/muveszvolgykuria.eu\/app\/uploads\/2023\/03\/bondoro-768x512.webp 768w, https:\/\/muveszvolgykuria.eu\/app\/uploads\/2023\/03\/bondoro.webp 1220w\" sizes=\"(max-width: 300px) 100vw, 300px\" \/><\/a><\/figure>\n\n<h2 class=\"h4 fw-bold mb-3 wp-block-post-title\"><a href=\"https:\/\/muveszvolgykuria.eu\/ro\/uncategorized-ro\/concert-summer-farewell-in-kapolcs-cu-teatru-de-strada\/\" target=\"_self\" >Concert Summer Farewell \u00een Kapolcs cu teatru de strad\u0103<\/a><\/h2>\n\n<div class=\"text-muted mb-2 wp-block-post-date\"><time datetime=\"2020-09-14T15:27:00+02:00\">2020.09.14.<\/time><\/div>\n\n<div class=\"text-body wp-block-post-excerpt\"><p class=\"wp-block-post-excerpt__excerpt\">Pentru a doua oar\u0103 \u00een acest an, Festivalul de teatru de strad\u0103 Bondor\u00f3 va avea loc ca eveniment de r\u0103mas bun de var\u0103 \u00een perioada [&hellip;] <\/p><\/div>\n<\/li><li class=\"wp-block-post post-1108 post type-post status-publish format-standard has-post-thumbnail hentry category-uncategorized-ro\">\n<figure class=\"mb-4 wp-block-post-featured-image\"><a href=\"https:\/\/muveszvolgykuria.eu\/ro\/uncategorized-ro\/ceremonia-de-deschidere-a-art-valley-hall\/\" target=\"_self\" ><img width=\"300\" height=\"200\" src=\"https:\/\/muveszvolgykuria.eu\/app\/uploads\/2023\/03\/megnyito-300x200.webp\" class=\"attachment-medium size-medium wp-post-image\" alt=\"Ceremonia de deschidere a Art Valley Hall\" decoding=\"async\" loading=\"lazy\" srcset=\"https:\/\/muveszvolgykuria.eu\/app\/uploads\/2023\/03\/megnyito-300x200.webp 300w, https:\/\/muveszvolgykuria.eu\/app\/uploads\/2023\/03\/megnyito-768x513.webp 768w, https:\/\/muveszvolgykuria.eu\/app\/uploads\/2023\/03\/megnyito.webp 800w\" sizes=\"(max-width: 300px) 100vw, 300px\" \/><\/a><\/figure>\n\n<h2 class=\"h4 fw-bold mb-3 wp-block-post-title\"><a href=\"https:\/\/muveszvolgykuria.eu\/ro\/uncategorized-ro\/ceremonia-de-deschidere-a-art-valley-hall\/\" target=\"_self\" >Ceremonia de deschidere a Art Valley Hall<\/a><\/h2>\n\n<div class=\"text-muted mb-2 wp-block-post-date\"><time datetime=\"2020-09-03T15:29:00+02:00\">2020.09.03.<\/time><\/div>\n\n<div class=\"text-body wp-block-post-excerpt\"><p class=\"wp-block-post-excerpt__excerpt\">Sala ArtValley \u00ee\u0219i deschide por\u021bile \u00een septembrie ca noul centru pentru comunitate \u0219i cultur\u0103 din Kapolcs. Vom prezenta noua pia\u021b\u0103 a ora\u0219ului, Sala \u0219i vom [&hellip;] <\/p><\/div>\n<\/li><li class=\"wp-block-post post-1106 post type-post status-publish format-standard has-post-thumbnail hentry category-uncategorized-ro\">\n<figure class=\"mb-4 wp-block-post-featured-image\"><a href=\"https:\/\/muveszvolgykuria.eu\/ro\/uncategorized-ro\/muveszvolgy-kuria-isi-incepe-programele-in-ianuarie\/\" target=\"_self\" ><img width=\"300\" height=\"191\" src=\"https:\/\/muveszvolgykuria.eu\/app\/uploads\/2023\/03\/lovasi-300x191.webp\" class=\"attachment-medium size-medium wp-post-image\" alt=\"M\u0171v\u00e9szV\u00f6lgy K\u00faria \u00ee\u0219i \u00eencepe programele \u00een ianuarie\" decoding=\"async\" loading=\"lazy\" srcset=\"https:\/\/muveszvolgykuria.eu\/app\/uploads\/2023\/03\/lovasi-300x191.webp 300w, https:\/\/muveszvolgykuria.eu\/app\/uploads\/2023\/03\/lovasi.webp 480w\" sizes=\"(max-width: 300px) 100vw, 300px\" \/><\/a><\/figure>\n\n<h2 class=\"h4 fw-bold mb-3 wp-block-post-title\"><a href=\"https:\/\/muveszvolgykuria.eu\/ro\/uncategorized-ro\/muveszvolgy-kuria-isi-incepe-programele-in-ianuarie\/\" target=\"_self\" >M\u0171v\u00e9szV\u00f6lgy K\u00faria \u00ee\u0219i \u00eencepe programele \u00een ianuarie<\/a><\/h2>\n\n<div class=\"text-muted mb-2 wp-block-post-date\"><time datetime=\"2020-09-03T15:24:00+02:00\">2020.09.03.<\/time><\/div>\n\n<div class=\"text-body wp-block-post-excerpt\"><p class=\"wp-block-post-excerpt__excerpt\">Din cauza pandemiei, am am\u00e2nat programele astfel \u00eenc\u00e2t acestea s\u0103 aib\u0103 loc de la 23 ianuarie 2021. Vor exista programe de artizanat pentru copii \u0219i [&hellip;] <\/p><\/div>\n<\/li><li class=\"wp-block-post post-1116 post type-post status-publish format-standard has-post-thumbnail hentry category-uncategorized-ro\">\n<figure class=\"mb-4 wp-block-post-featured-image\"><a href=\"https:\/\/muveszvolgykuria.eu\/ro\/uncategorized-ro\/sa-ne-intalnim-la-weekend-urile-de-la-vale\/\" target=\"_self\" ><img width=\"300\" height=\"215\" src=\"https:\/\/muveszvolgykuria.eu\/app\/uploads\/2023\/03\/volgyhetvege-300x215.webp\" class=\"attachment-medium size-medium wp-post-image\" alt=\"S\u0103 ne \u00eent\u00e2lnim la weekend-urile de la vale!\" decoding=\"async\" loading=\"lazy\" srcset=\"https:\/\/muveszvolgykuria.eu\/app\/uploads\/2023\/03\/volgyhetvege-300x215.webp 300w, https:\/\/muveszvolgykuria.eu\/app\/uploads\/2023\/03\/volgyhetvege.webp 604w\" sizes=\"(max-width: 300px) 100vw, 300px\" \/><\/a><\/figure>\n\n<h2 class=\"h4 fw-bold mb-3 wp-block-post-title\"><a href=\"https:\/\/muveszvolgykuria.eu\/ro\/uncategorized-ro\/sa-ne-intalnim-la-weekend-urile-de-la-vale\/\" target=\"_self\" >S\u0103 ne \u00eent\u00e2lnim la weekend-urile de la vale!<\/a><\/h2>\n\n<div class=\"text-muted mb-2 wp-block-post-date\"><time datetime=\"2020-08-03T15:27:00+02:00\">2020.08.03.<\/time><\/div>\n\n<div class=\"text-body wp-block-post-excerpt\"><p class=\"wp-block-post-excerpt__excerpt\">Echipa din Valea Artelor salut\u0103 mul\u021bimea \u00een timpul celor patru weekenduri din vale din aceast\u0103 toamn\u0103 la Kapolcs, de asemenea, \u00een sala recent renovat\u0103 ArtValley. [&hellip;] <\/p><\/div>\n<\/li><li class=\"wp-block-post post-1111 post type-post status-publish format-standard has-post-thumbnail hentry category-uncategorized-ro\">\n<figure class=\"mb-4 wp-block-post-featured-image\"><a href=\"https:\/\/muveszvolgykuria.eu\/ro\/uncategorized-ro\/kofeszt\/\" target=\"_self\" ><img width=\"300\" height=\"215\" src=\"https:\/\/muveszvolgykuria.eu\/app\/uploads\/2023\/03\/kofeszt-300x215.webp\" class=\"attachment-medium size-medium wp-post-image\" alt=\"K\u0151feszt\" decoding=\"async\" loading=\"lazy\" srcset=\"https:\/\/muveszvolgykuria.eu\/app\/uploads\/2023\/03\/kofeszt-300x215.webp 300w, https:\/\/muveszvolgykuria.eu\/app\/uploads\/2023\/03\/kofeszt.webp 604w\" sizes=\"(max-width: 300px) 100vw, 300px\" \/><\/a><\/figure>\n\n<h2 class=\"h4 fw-bold mb-3 wp-block-post-title\"><a href=\"https:\/\/muveszvolgykuria.eu\/ro\/uncategorized-ro\/kofeszt\/\" target=\"_self\" >K\u0151feszt<\/a><\/h2>\n\n<div class=\"text-muted mb-2 wp-block-post-date\"><time datetime=\"0202-08-19T15:29:00+01:16\">0202.08.19.<\/time><\/div>\n\n<div class=\"text-body wp-block-post-excerpt\"><p class=\"wp-block-post-excerpt__excerpt\">Seria de programe K\u0150FESZT implic\u0103 toate a\u0219ez\u0103rile din bazinul K\u00e1li cu programe literare, concerte, expozi\u021bii \u0219i mese rotunde. <\/p><\/div>\n<\/li><\/ul>\n\n\n\n<\/div>\n","protected":false},"excerpt":{"rendered":"<p>O experien\u021b\u0103 de vale iarna \u0219i vara \u00cen centrul ora\u0219ului Kapolcs, complexul de cl\u0103diri al M\u0171v\u00e9szV\u00f6lgy K\u00faria re\u00eenvie \u0219i face accesibil\u0103 diversitatea cultural\u0103 \u0219i experien\u021bele [&hellip;]<\/p>\n","protected":false},"author":1,"featured_media":0,"parent":0,"menu_order":0,"comment_status":"closed","ping_status":"closed","template":"","meta":[],"acf":[],"_links":{"self":[{"href":"https:\/\/muveszvolgykuria.eu\/ro\/wp-json\/wp\/v2\/pages\/1333"}],"collection":[{"href":"https:\/\/muveszvolgykuria.eu\/ro\/wp-json\/wp\/v2\/pages"}],"about":[{"href":"https:\/\/muveszvolgykuria.eu\/ro\/wp-json\/wp\/v2\/types\/page"}],"author":[{"embeddable":true,"href":"https:\/\/muveszvolgykuria.eu\/ro\/wp-json\/wp\/v2\/users\/1"}],"replies":[{"embeddable":true,"href":"https:\/\/muveszvolgykuria.eu\/ro\/wp-json\/wp\/v2\/comments?post=1333"}],"version-history":[{"count":3,"href":"https:\/\/muveszvolgykuria.eu\/ro\/wp-json\/wp\/v2\/pages\/1333\/revisions"}],"predecessor-version":[{"id":1507,"href":"https:\/\/muveszvolgykuria.eu\/ro\/wp-json\/wp\/v2\/pages\/1333\/revisions\/1507"}],"wp:attachment":[{"href":"https:\/\/muveszvolgykuria.eu\/ro\/wp-json\/wp\/v2\/media?parent=1333"}],"curies":[{"name":"wp","href":"https:\/\/api.w.org\/{rel}","templated":true}]}}