{"id":1525,"date":"2023-03-24T00:24:09","date_gmt":"2023-03-23T23:24:09","guid":{"rendered":"https:\/\/muveszvolgykuria.t.onlab.hu\/?page_id=1525"},"modified":"2023-06-13T09:41:33","modified_gmt":"2023-06-13T07:41:33","slug":"kerekparos-kozpont","status":"publish","type":"page","link":"https:\/\/muveszvolgykuria.eu\/ro\/kerekparos-kozpont\/","title":{"rendered":"Ciclism"},"content":{"rendered":"\n<h1 class=\"has-text-align-center\">Centrul de ciclism BalatonBike365<\/h1>\n\n\n\n<div class=\"is-layout-flex wp-container-4 wp-block-columns\">\n<div class=\"is-layout-flow wp-block-column\" style=\"flex-basis:50%\">\n<figure class=\"wp-block-image size-large\"><img decoding=\"async\" loading=\"lazy\" width=\"1024\" height=\"768\" src=\"https:\/\/muveszvolgykuria.t.onlab.hu\/app\/uploads\/2023\/03\/8c8308cd2-1024x768.jpg\" alt=\"\" class=\"wp-image-342\" srcset=\"https:\/\/muveszvolgykuria.eu\/app\/uploads\/2023\/03\/8c8308cd2-1024x768.jpg 1024w, https:\/\/muveszvolgykuria.eu\/app\/uploads\/2023\/03\/8c8308cd2-300x225.jpg 300w, https:\/\/muveszvolgykuria.eu\/app\/uploads\/2023\/03\/8c8308cd2-768x576.jpg 768w, https:\/\/muveszvolgykuria.eu\/app\/uploads\/2023\/03\/8c8308cd2.jpg 1118w\" sizes=\"(max-width: 1024px) 100vw, 1024px\" \/><\/figure>\n<\/div>\n\n\n\n<div class=\"is-layout-flow wp-block-column\" style=\"flex-basis:50%\">\n<p>\u00cen Kapolcs, Centrul de biciclete BalatonBike365 func\u021bioneaz\u0103 \u00een cl\u0103direa lateral\u0103 a conacului M\u0171v\u00e9szV\u00f6lgy, unde v\u0103 a\u0219teapt\u0103 cele mai recente eBike din categoria premium, pe care le pute\u021bi fie \u00eenchiriate, fie testate \u00een tururile noastre cu experien\u021b\u0103 ghidat\u0103! \u00cen centru sunt disponibile un magazin \u0219i \u00eenchiriere de biciclete, un serviciu de biciclete \u0219i un \u00eenc\u0103rc\u0103tor electric, \u00een timp ce celelalte programe \u0219i cafeneaua M\u0171v\u00e9szV\u00f6lgy K\u00faria sunt, de asemenea, la dispozi\u021bie. V\u0103 pute\u021bi pre\u00eenregistra pentru tururi \u0219i \u00eenchiriere de biciclete pe site-ul Balaton Bike Tour, folosind linkul de mai jos. \u00cenchiriaz\u0103 o biciclet\u0103 \u0219i exploreaz\u0103 Southern Bakony \u0219i Lacul Balaton pe dou\u0103 ro\u021bi!<\/p>\n\n\n\n<h3>Contacte:<\/h3>\n\n\n\n<p>Abordare:&nbsp;Kapolcs, Kossuth utca 42.<br>Telefon:&nbsp;<a href=\"tel:+36307372201\">+36307372201<\/a><br>E-mail:&nbsp;<a href=\"mailto:info@balatonbiketour.com\">info@balatonbiketour.com<\/a><\/p>\n\n\n\n<div class=\"is-layout-flex wp-block-buttons\">\n<div class=\"wp-block-button\" style=\"font-style:normal;font-weight:600\"><a class=\"wp-block-button__link has-white-color has-primary-background-color has-text-color has-background wp-element-button\" href=\"https:\/\/www.balatonbiketour.com\/bbt-hely\/bb365-kapolcs\" target=\"_blank\" rel=\"noreferrer noopener\">Accesa\u021bi pagina BBT<\/a><\/div>\n\n\n\n<div class=\"wp-block-button\" style=\"font-style:normal;font-weight:600\"><a class=\"wp-block-button__link has-white-color has-primary-background-color has-text-color has-background wp-element-button\" href=\"https:\/\/www.balatonbike365.hu\/en\" target=\"_blank\" rel=\"noreferrer noopener\">Accesa\u021bi pagina BB365<\/a><\/div>\n\n\n\n<div class=\"wp-block-button\" style=\"font-style:normal;font-weight:600\"><a class=\"wp-block-button__link has-white-color has-primary-background-color has-text-color has-background wp-element-button\" href=\"https:\/\/www.balatonbiketour.com\/img\/bbt-katalogus-2023.pdf\">BBT Catalog<\/a><\/div>\n<\/div>\n<\/div>\n<\/div>\n","protected":false},"excerpt":{"rendered":"<p>Centrul de ciclism BalatonBike365 \u00cen Kapolcs, Centrul de biciclete BalatonBike365 func\u021bioneaz\u0103 \u00een cl\u0103direa lateral\u0103 a conacului M\u0171v\u00e9szV\u00f6lgy, unde v\u0103 a\u0219teapt\u0103 cele mai recente eBike din [&hellip;]<\/p>\n","protected":false},"author":1,"featured_media":0,"parent":0,"menu_order":0,"comment_status":"closed","ping_status":"closed","template":"","meta":[],"acf":[],"_links":{"self":[{"href":"https:\/\/muveszvolgykuria.eu\/ro\/wp-json\/wp\/v2\/pages\/1525"}],"collection":[{"href":"https:\/\/muveszvolgykuria.eu\/ro\/wp-json\/wp\/v2\/pages"}],"about":[{"href":"https:\/\/muveszvolgykuria.eu\/ro\/wp-json\/wp\/v2\/types\/page"}],"author":[{"embeddable":true,"href":"https:\/\/muveszvolgykuria.eu\/ro\/wp-json\/wp\/v2\/users\/1"}],"replies":[{"embeddable":true,"href":"https:\/\/muveszvolgykuria.eu\/ro\/wp-json\/wp\/v2\/comments?post=1525"}],"version-history":[{"count":4,"href":"https:\/\/muveszvolgykuria.eu\/ro\/wp-json\/wp\/v2\/pages\/1525\/revisions"}],"predecessor-version":[{"id":2087,"href":"https:\/\/muveszvolgykuria.eu\/ro\/wp-json\/wp\/v2\/pages\/1525\/revisions\/2087"}],"wp:attachment":[{"href":"https:\/\/muveszvolgykuria.eu\/ro\/wp-json\/wp\/v2\/media?parent=1525"}],"curies":[{"name":"wp","href":"https:\/\/api.w.org\/{rel}","templated":true}]}}