{"id":1049,"date":"2023-03-17T19:16:52","date_gmt":"2023-03-17T18:16:52","guid":{"rendered":"https:\/\/muveszvolgykuria.t.onlab.hu\/%d0%bd%d0%b5%d0%b6%d0%bd%d1%8b%d0%b9\/"},"modified":"2023-03-24T16:48:11","modified_gmt":"2023-03-24T15:48:11","slug":"%d0%bd%d0%b5%d0%b6%d0%bd%d1%8b%d0%b9","status":"publish","type":"page","link":"https:\/\/muveszvolgykuria.eu\/ru\/%d0%bd%d0%b5%d0%b6%d0%bd%d1%8b%d0%b9\/","title":{"rendered":"\u041d\u0435\u0436\u043d\u044b\u0439"},"content":{"rendered":"\n<p><\/p>\n\n\n\n<h2>\u041d\u0435\u0436\u043d\u044b\u0439<\/h2>\n\n\n\n<h3>\u0420\u0435\u043c\u043e\u043d\u0442 \u041a\u0443\u0442\u0438 \u0425\u043e\u043b\u043b\u0430 \u0438 \u0435\u0433\u043e \u043e\u043a\u0440\u0435\u0441\u0442\u043d\u043e\u0441\u0442\u0435\u0439<\/h3>\n\n\n\n<p><br><strong>\u0418\u0434\u0435\u043d\u0442\u0438\u0444\u0438\u043a\u0430\u0446\u0438\u044f \u043f\u0440\u043e\u0435\u043a\u0442\u0430:<\/strong> \u0413\u0418\u041d\u041e\u041f-7.1.9-17-2018-00006<\/p>\n\n\n\n<p><strong>\u0421\u0443\u043c\u043c\u0430 \u0444\u043e\u043d\u0434\u0430:<\/strong> 319.746.305, -Ft<\/p>\n\n\n\n<p><strong>\u0418\u043d\u0442\u0435\u043d\u0441\u0438\u0432\u043d\u043e\u0441\u0442\u044c \u0444\u0438\u043d\u0430\u043d\u0441\u0438\u0440\u043e\u0432\u0430\u043d\u0438\u044f \u043f\u0440\u043e\u0435\u043a\u0442\u0430: <\/strong>100% \u043d\u0435\u0432\u043e\u0437\u0432\u0440\u0430\u0442\u043d\u044b\u0439 \u0444\u043e\u043d\u0434<\/p>\n\n\n\n<p><strong>\u041e\u043a\u043e\u043d\u0447\u0430\u043d\u0438\u0435 \u043f\u0440\u043e\u0435\u043a\u0442\u0430:<\/strong> 30 \u0441\u0435\u043d\u0442\u044f\u0431\u0440\u044f 2020 \u0433.<\/p>\n\n\n\n<p><strong>\u0418\u043c\u044f \u043f\u043e\u043b\u0443\u0447\u0430\u0442\u0435\u043b\u044f: <\/strong>OXO Properties Telep\u00fcl\u00e9sfejleszt\u00e9si Nonprofit Kft. Kapolcs K\u00f6zs\u00e9g \u00d6nkorm\u00e1nyzata Magyar Turisztikai \u00dcgyn\u00f6ks\u00e9g Zrt.<\/p>\n\n\n\n<p>\u041e\u043f\u0438\u0441\u0430\u043d\u0438\u0435 \u043f\u0440\u043e\u0435\u043a\u0442\u0430:<\/p>\n\n\n\n<p>\u041a\u0430\u043f\u043e\u043b\u044c\u0447 &#8211; \u044d\u0442\u043e \u043c\u0435\u0441\u0442\u043e \u043f\u0440\u043e\u0432\u0435\u0434\u0435\u043d\u0438\u044f \u0435\u0436\u0435\u0433\u043e\u0434\u043d\u043e\u0433\u043e \u0444\u0435\u0441\u0442\u0438\u0432\u0430\u043b\u044f \u00abM\u0171v\u00e9szetek V\u00f6lgye\u00bb. \u0424\u0435\u0441\u0442\u0438\u0432\u0430\u043b\u044c \u043f\u043e\u043f\u0443\u043b\u044f\u0440\u0435\u043d \u043d\u0435 \u0442\u043e\u043b\u044c\u043a\u043e \u0432 \u0440\u0435\u0433\u0438\u043e\u043d\u0435, \u043d\u043e \u0438 \u043f\u043e \u0432\u0441\u0435\u0439 \u0441\u0442\u0440\u0430\u043d\u0435. \u0424\u0435\u0441\u0442\u0438\u0432\u0430\u043b\u044c &#8211; \u0431\u043e\u043b\u044c\u0448\u043e\u0435 \u043d\u0430\u0441\u043b\u0435\u0434\u0438\u0435 \u043c\u0435\u0441\u0442\u043d\u044b\u0445 \u0436\u0438\u0442\u0435\u043b\u0435\u0439, \u043a\u043e\u0442\u043e\u0440\u044b\u0435 \u0432 \u0441\u0442\u0430\u0440\u0438\u043d\u0443 \u0431\u044b\u043b\u0438 \u043a\u0443\u043f\u0446\u0430\u043c\u0438. Kuthy Hall \u0438\u0433\u0440\u0430\u0435\u0442 \u0432\u0430\u0436\u043d\u0443\u044e \u0440\u043e\u043b\u044c \u0432 \u0444\u0435\u0441\u0442\u0438\u0432\u0430\u043b\u0435 \u0438 \u0441\u043b\u0443\u0436\u0438\u0442 \u043a\u0438\u043d\u043e\u0442\u0435\u0430\u0442\u0440\u043e\u043c \u0434\u043b\u044f \u043f\u0440\u043e\u0441\u043c\u043e\u0442\u0440\u0430 \u0438\u0437\u0432\u0435\u0441\u0442\u043d\u044b\u0445 \u0444\u0438\u043b\u044c\u043c\u043e\u0432. \u0412\u0441\u043b\u0435\u0434\u0441\u0442\u0432\u0438\u0435 \u043f\u043b\u043e\u0445\u043e\u0433\u043e \u0441\u043e\u0441\u0442\u043e\u044f\u043d\u0438\u044f \u0437\u0430\u043b\u0430 \u0432\u043e\u0437\u043c\u043e\u0436\u043d\u043e\u0441\u0442\u0438 \u0437\u0434\u0430\u043d\u0438\u044f \u043e\u0433\u0440\u0430\u043d\u0438\u0447\u0435\u043d\u044b \u0438 \u0441\u043a\u043e\u043d\u0446\u0435\u043d\u0442\u0440\u0438\u0440\u043e\u0432\u0430\u043d\u044b \u043d\u0430 \u043b\u0435\u0442\u043d\u0438\u0445 \u043c\u0435\u0441\u044f\u0446\u0430\u0445.<\/p>\n\n\n\n<p>\u0420\u0430\u0437\u0432\u0438\u0442\u0438\u0435 Kuthy Hall \u0441\u0432\u044f\u0437\u0430\u043d\u043e \u0441 \u0441\u043e\u0445\u0440\u0430\u043d\u0435\u043d\u0438\u0435\u043c \u0440\u0435\u0433\u0438\u043e\u043d\u0430 \u0438 \u0443\u0434\u0435\u043b\u044f\u0435\u0442 \u0431\u043e\u043b\u044c\u0448\u043e\u0435 \u0432\u043d\u0438\u043c\u0430\u043d\u0438\u0435 \u043a\u0443\u043b\u044c\u0442\u0438\u0432\u0438\u0440\u043e\u0432\u0430\u043d\u0438\u044e \u043d\u0430\u0441\u043b\u0435\u0434\u0438\u044f \u0440\u0435\u0433\u0438\u043e\u043d\u0430. \u041a\u0440\u043e\u043c\u0435 \u0442\u043e\u0433\u043e, \u041a\u0443\u0442\u0438-\u0445\u043e\u043b\u043b \u043d\u0430\u0445\u043e\u0434\u0438\u0442\u0441\u044f \u043f\u043e\u0434 \u0438\u0441\u0442\u043e\u0440\u0438\u0447\u0435\u0441\u043a\u043e\u0439 \u0441\u043e\u0445\u0440\u0430\u043d\u043d\u043e\u0441\u0442\u044c\u044e \u0438 \u0438\u043c\u0435\u0435\u0442 \u0431\u043e\u043b\u044c\u0448\u043e\u0435 \u043a\u0443\u043b\u044c\u0442\u0443\u0440\u043d\u043e\u0435 \u0437\u043d\u0430\u0447\u0435\u043d\u0438\u0435 &#8211; \u043e\u0442\u0440\u0435\u043c\u043e\u043d\u0442\u0438\u0440\u043e\u0432\u0430\u0432 \u0417\u0430\u043b \u0438 \u0434\u043e\u0431\u0430\u0432\u0438\u0432 \u0432 \u0437\u0434\u0430\u043d\u0438\u0435 \u043d\u043e\u0432\u044b\u0445 \u0444\u0443\u043d\u043a\u0446\u0438\u0439, \u043e\u043d \u043f\u043e\u0432\u044b\u0441\u0438\u0442 \u0443\u0434\u043e\u0432\u043b\u0435\u0442\u0432\u043e\u0440\u0435\u043d\u043d\u043e\u0441\u0442\u044c \u043f\u0440\u0438\u0435\u0437\u0436\u0438\u0445 \u0442\u0443\u0440\u0438\u0441\u0442\u043e\u0432 \u0438 \u0443\u043b\u0443\u0447\u0448\u0438\u0442 \u043a\u0443\u043b\u044c\u0442\u0443\u0440\u043d\u043e\u0435 \u043d\u0430\u0441\u043b\u0435\u0434\u0438\u0435 \u0440\u0435\u0433\u0438\u043e\u043d\u0430.<\/p>\n\n\n\n<p>\u041e\u0436\u0438\u0434\u0430\u0435\u043c\u043e\u0435 \u043a\u043e\u043b\u0438\u0447\u0435\u0441\u0442\u0432\u043e \u043f\u043e\u0441\u0435\u0442\u0438\u0442\u0435\u043b\u0435\u0439 Kuthy Hall: 5400 \u0447\u0435\u043b\u043e\u0432\u0435\u043a.<\/p>\n\n\n\n<p><\/p>\n\n\n\n<p><\/p>\n\n\n\n<p><\/p>\n\n\n\n<figure class=\"wp-block-image size-large\"><img decoding=\"async\" loading=\"lazy\" width=\"1024\" height=\"229\" src=\"https:\/\/muveszvolgykuria.t.onlab.hu\/app\/uploads\/2023\/03\/wow_banner_fekvo_szoveg_v2-1024x229.png\" alt=\"\" class=\"wp-image-341\" srcset=\"https:\/\/muveszvolgykuria.eu\/app\/uploads\/2023\/03\/wow_banner_fekvo_szoveg_v2-1024x229.png 1024w, https:\/\/muveszvolgykuria.eu\/app\/uploads\/2023\/03\/wow_banner_fekvo_szoveg_v2-300x67.png 300w, https:\/\/muveszvolgykuria.eu\/app\/uploads\/2023\/03\/wow_banner_fekvo_szoveg_v2-768x171.png 768w, https:\/\/muveszvolgykuria.eu\/app\/uploads\/2023\/03\/wow_banner_fekvo_szoveg_v2-1536x343.png 1536w, https:\/\/muveszvolgykuria.eu\/app\/uploads\/2023\/03\/wow_banner_fekvo_szoveg_v2-2048x457.png 2048w\" sizes=\"(max-width: 1024px) 100vw, 1024px\" \/><\/figure>\n\n\n\n<p>A projekt c\u00edme: A kapolcsi M\u0171v\u00e9szv\u00f6lgy K\u00faria k\u00f6rnyezet\u00e9nek tov\u00e1bbi turisztikai c\u00e9l\u00fa fejleszt\u00e9se<br>Azonos\u00edt\u00f3 sz\u00e1ma: ET-2021-02-062<br>Kedvezm\u00e9nyezett neve \u00e9s c\u00edme: M\u0171v\u00e9szv\u00f6lgy K\u00faria Nonprofit Kft (8294 Kapolcs, Kossuth L. u. 48.)<br>A t\u00e1mogat\u00e1s \u00f6sszege: 425.410.900,- Ft<\/p>\n\n\n\n<p>A t\u00e1mogat\u00e1s m\u00e9rt\u00e9ke (%-ban): 100%<\/p>\n\n\n\n<p>A t\u00e1mogatott projekt tartalm\u00e1nak r\u00f6vid bemutat\u00e1sa: A M\u0171v\u00e9szv\u00f6lgy K\u00faria oldals\u00f3 \u00e9p\u00fcletei, a m\u00e1r 2021-ben elk\u00e9sz\u00fclt f\u0151 \u00e9p\u00fclettel egys\u00e9gben a kultur\u00e1lis \u00e9s fesztiv\u00e1l turizmus egyik kiemelked\u0151 helysz\u00ednek\u00e9nt funkcion\u00e1l. A fejleszt\u00e9snek k\u00f6sz\u00f6nhet\u0151en ker\u00e9kp\u00e1ros pont, nyitott bemutat\u00f3 t\u00e9r, mosd\u00f3k \u00e9s zuhanyz\u00f3, valamint egy k\u00e9zm\u0171ves sajtkonyha ker\u00fclt kialak\u00edt\u00e1sra.<\/p>\n\n\n\n<p>A t\u00e1mogatott projekt befejez\u00e9si d\u00e1tuma (ha megval\u00f3sult, akkor a t\u00e9nyleges befejez\u00e9s): 2023. m\u00e1rcius 31.<\/p>\n","protected":false},"excerpt":{"rendered":"<p>\u041d\u0435\u0436\u043d\u044b\u0439 \u0420\u0435\u043c\u043e\u043d\u0442 \u041a\u0443\u0442\u0438 \u0425\u043e\u043b\u043b\u0430 \u0438 \u0435\u0433\u043e \u043e\u043a\u0440\u0435\u0441\u0442\u043d\u043e\u0441\u0442\u0435\u0439 \u0418\u0434\u0435\u043d\u0442\u0438\u0444\u0438\u043a\u0430\u0446\u0438\u044f \u043f\u0440\u043e\u0435\u043a\u0442\u0430: \u0413\u0418\u041d\u041e\u041f-7.1.9-17-2018-00006 \u0421\u0443\u043c\u043c\u0430 \u0444\u043e\u043d\u0434\u0430: 319.746.305, -Ft \u0418\u043d\u0442\u0435\u043d\u0441\u0438\u0432\u043d\u043e\u0441\u0442\u044c \u0444\u0438\u043d\u0430\u043d\u0441\u0438\u0440\u043e\u0432\u0430\u043d\u0438\u044f \u043f\u0440\u043e\u0435\u043a\u0442\u0430: 100% \u043d\u0435\u0432\u043e\u0437\u0432\u0440\u0430\u0442\u043d\u044b\u0439 \u0444\u043e\u043d\u0434 \u041e\u043a\u043e\u043d\u0447\u0430\u043d\u0438\u0435 \u043f\u0440\u043e\u0435\u043a\u0442\u0430: 30 \u0441\u0435\u043d\u0442\u044f\u0431\u0440\u044f 2020 [&hellip;]<\/p>\n","protected":false},"author":1,"featured_media":0,"parent":0,"menu_order":0,"comment_status":"closed","ping_status":"closed","template":"","meta":[],"acf":[],"_links":{"self":[{"href":"https:\/\/muveszvolgykuria.eu\/ru\/wp-json\/wp\/v2\/pages\/1049"}],"collection":[{"href":"https:\/\/muveszvolgykuria.eu\/ru\/wp-json\/wp\/v2\/pages"}],"about":[{"href":"https:\/\/muveszvolgykuria.eu\/ru\/wp-json\/wp\/v2\/types\/page"}],"author":[{"embeddable":true,"href":"https:\/\/muveszvolgykuria.eu\/ru\/wp-json\/wp\/v2\/users\/1"}],"replies":[{"embeddable":true,"href":"https:\/\/muveszvolgykuria.eu\/ru\/wp-json\/wp\/v2\/comments?post=1049"}],"version-history":[{"count":4,"href":"https:\/\/muveszvolgykuria.eu\/ru\/wp-json\/wp\/v2\/pages\/1049\/revisions"}],"predecessor-version":[{"id":1073,"href":"https:\/\/muveszvolgykuria.eu\/ru\/wp-json\/wp\/v2\/pages\/1049\/revisions\/1073"}],"wp:attachment":[{"href":"https:\/\/muveszvolgykuria.eu\/ru\/wp-json\/wp\/v2\/media?parent=1049"}],"curies":[{"name":"wp","href":"https:\/\/api.w.org\/{rel}","templated":true}]}}